{"id":45696,"date":"2021-04-07T08:58:53","date_gmt":"2021-04-07T08:58:53","guid":{"rendered":"https:\/\/octaedro.com\/libro\/investigacion-e-innovacion-en-educacion-social\/"},"modified":"2023-02-22T13:36:42","modified_gmt":"2023-02-22T12:36:42","slug":"investigacion-e-innovacion-en-educacion-social","status":"publish","type":"product","link":"https:\/\/wizardly-davinci.82-223-8-23.plesk.page\/en\/producto\/investigacion-e-innovacion-en-educacion-social\/","title":{"rendered":"Investigaci\u00f3n e innovaci\u00f3n en Educaci\u00f3n Social"},"content":{"rendered":"","protected":false},"excerpt":{"rendered":"<p>Nos encontramos ante una nueva realidad a causa de una pandemia mundial producida por la CODIV-19 y a las medidas tomadas, como el confinamiento, para frenar su expansi\u00f3n. Esta incidencia tambi\u00e9n ha afectado, en gran medida, al campo de la educaci\u00f3n.<\/p>\n<p>Para dar respuesta a esta situaci\u00f3n sobrevenida, los y las profesionales de la educaci\u00f3n han desarrollado experiencias y pr\u00e1cticas educativas de todo tipo en este nuevo contexto. De este modo, en el presente libro, presentamos diferentes aportaciones que ayuden a construir un nuevo conocimiento y genere valores para las organizaciones educativas.<\/p>\n<p>Con dicho prop\u00f3sito surge esta obra, una recopilaci\u00f3n de investigaciones, correspondiente a la formaci\u00f3n e innovaci\u00f3n docente aplicadas a la Educaci\u00f3n Social en el nuevo tiempo que nos ha tocado vivir. Investigaciones que sirvan para dar forma a un conocimiento cient\u00edfico de esta realidad, pr\u00e1ctica y te\u00f3rica, con estudios cuantitativos y cualitativos, en el marco de la investigaci\u00f3n propia de las disciplinas sociales.<\/p>\n<p>El libro est\u00e1 dirigido a los profesionales e interesados en la educaci\u00f3n, en disciplinas de Pedagog\u00eda, Psicolog\u00eda, Trabajo Social, Antropolog\u00eda y, en general, para todas las Ciencias Sociales y de la Educaci\u00f3n.<\/p>\n","protected":false},"featured_media":45697,"comment_status":"open","ping_status":"closed","template":"","meta":{"_et_pb_use_builder":"","_et_pb_old_content":"","_et_gb_content_width":""},"product_cat":[11899,11913],"product_tag":[11890],"edicion":[12178],"editoriales":[11867],"tienda":[],"autor_id":[12341,12342],"universidades_coeditoras":[12312],"palabras_clave":[],"listado_alfabetico":[],"acf":[],"_links":{"self":[{"href":"https:\/\/wizardly-davinci.82-223-8-23.plesk.page\/en\/wp-json\/wp\/v2\/product\/45696"}],"collection":[{"href":"https:\/\/wizardly-davinci.82-223-8-23.plesk.page\/en\/wp-json\/wp\/v2\/product"}],"about":[{"href":"https:\/\/wizardly-davinci.82-223-8-23.plesk.page\/en\/wp-json\/wp\/v2\/types\/product"}],"replies":[{"embeddable":true,"href":"https:\/\/wizardly-davinci.82-223-8-23.plesk.page\/en\/wp-json\/wp\/v2\/comments?post=45696"}],"wp:featuredmedia":[{"embeddable":true,"href":"https:\/\/wizardly-davinci.82-223-8-23.plesk.page\/en\/wp-json\/wp\/v2\/media\/45697"}],"wp:attachment":[{"href":"https:\/\/wizardly-davinci.82-223-8-23.plesk.page\/en\/wp-json\/wp\/v2\/media?parent=45696"}],"wp:term":[{"taxonomy":"product_cat","embeddable":true,"href":"https:\/\/wizardly-davinci.82-223-8-23.plesk.page\/en\/wp-json\/wp\/v2\/product_cat?post=45696"},{"taxonomy":"product_tag","embeddable":true,"href":"https:\/\/wizardly-davinci.82-223-8-23.plesk.page\/en\/wp-json\/wp\/v2\/product_tag?post=45696"},{"taxonomy":"edicion","embeddable":true,"href":"https:\/\/wizardly-davinci.82-223-8-23.plesk.page\/en\/wp-json\/wp\/v2\/edicion?post=45696"},{"taxonomy":"editoriales","embeddable":true,"href":"https:\/\/wizardly-davinci.82-223-8-23.plesk.page\/en\/wp-json\/wp\/v2\/editoriales?post=45696"},{"taxonomy":"tienda","embeddable":true,"href":"https:\/\/wizardly-davinci.82-223-8-23.plesk.page\/en\/wp-json\/wp\/v2\/tienda?post=45696"},{"taxonomy":"autor_id","embeddable":true,"href":"https:\/\/wizardly-davinci.82-223-8-23.plesk.page\/en\/wp-json\/wp\/v2\/autor_id?post=45696"},{"taxonomy":"universidades_coeditoras","embeddable":true,"href":"https:\/\/wizardly-davinci.82-223-8-23.plesk.page\/en\/wp-json\/wp\/v2\/universidades_coeditoras?post=45696"},{"taxonomy":"palabras_clave","embeddable":true,"href":"https:\/\/wizardly-davinci.82-223-8-23.plesk.page\/en\/wp-json\/wp\/v2\/palabras_clave?post=45696"},{"taxonomy":"listado_alfabetico","embeddable":true,"href":"https:\/\/wizardly-davinci.82-223-8-23.plesk.page\/en\/wp-json\/wp\/v2\/listado_alfabetico?post=45696"}],"curies":[{"name":"wp","href":"https:\/\/api.w.org\/{rel}","templated":true}]}}