{"id":45698,"date":"2021-04-05T17:44:36","date_gmt":"2021-04-05T15:44:36","guid":{"rendered":"https:\/\/octaedro.com\/libro\/programas-de-reenganche-educativo-y-o-formativo\/"},"modified":"2023-04-24T11:22:19","modified_gmt":"2023-04-24T09:22:19","slug":"programas-de-reenganche-educativo-y-o-formativo","status":"publish","type":"product","link":"https:\/\/wizardly-davinci.82-223-8-23.plesk.page\/en\/producto\/programas-de-reenganche-educativo-y-o-formativo\/","title":{"rendered":"Programas de reenganche educativo y\/o formativo"},"content":{"rendered":"","protected":false},"excerpt":{"rendered":"<p>Este libro, como indica su t\u00edtulo, recoge algunas cuestiones relacionadas con una problem\u00e1tica educativa y escolar preocupante en nuestros d\u00edas como es el desenganche (disengagement) o desafecci\u00f3n de los estudiantes por sus aprendizajes escolares. Es ampliamente admitido en la actualidad entre te\u00f3ricos, investigadores y profesionales de la pr\u00e1ctica educativa que el desenganche escolar es un proceso que precede, augura y, con frecuencia, culmina en abandono escolar.<\/p>\n<p>Los cap\u00edtulos que lo integran remiten todos ellos a un proyecto de investigaci\u00f3n I+D \u2013desarrollado durante tres a\u00f1os (2016-2019) en la Universidad de Murcia\u2013 relacionado con el estudio y an\u00e1lisis de programas educativos o formativos que se est\u00e1n implementando en Institutos de Ense\u00f1anza Secundaria (IES) o en Otras Entidades Educativas (OEE) en la Comunidad Aut\u00f3noma de la Regi\u00f3n de Murcia, y pensados para revertir esos desenganches y evitar abandonos.<\/p>\n","protected":false},"featured_media":45700,"comment_status":"open","ping_status":"closed","template":"","meta":{"_et_pb_use_builder":"","_et_pb_old_content":"","_et_gb_content_width":""},"product_cat":[11899,11859,11912,11907],"product_tag":[11892],"edicion":[12199,11865],"editoriales":[11867],"tienda":[],"autor_id":[12345,12346],"universidades_coeditoras":[14907],"palabras_clave":[],"listado_alfabetico":[],"acf":[],"_links":{"self":[{"href":"https:\/\/wizardly-davinci.82-223-8-23.plesk.page\/en\/wp-json\/wp\/v2\/product\/45698"}],"collection":[{"href":"https:\/\/wizardly-davinci.82-223-8-23.plesk.page\/en\/wp-json\/wp\/v2\/product"}],"about":[{"href":"https:\/\/wizardly-davinci.82-223-8-23.plesk.page\/en\/wp-json\/wp\/v2\/types\/product"}],"replies":[{"embeddable":true,"href":"https:\/\/wizardly-davinci.82-223-8-23.plesk.page\/en\/wp-json\/wp\/v2\/comments?post=45698"}],"wp:featuredmedia":[{"embeddable":true,"href":"https:\/\/wizardly-davinci.82-223-8-23.plesk.page\/en\/wp-json\/wp\/v2\/media\/45700"}],"wp:attachment":[{"href":"https:\/\/wizardly-davinci.82-223-8-23.plesk.page\/en\/wp-json\/wp\/v2\/media?parent=45698"}],"wp:term":[{"taxonomy":"product_cat","embeddable":true,"href":"https:\/\/wizardly-davinci.82-223-8-23.plesk.page\/en\/wp-json\/wp\/v2\/product_cat?post=45698"},{"taxonomy":"product_tag","embeddable":true,"href":"https:\/\/wizardly-davinci.82-223-8-23.plesk.page\/en\/wp-json\/wp\/v2\/product_tag?post=45698"},{"taxonomy":"edicion","embeddable":true,"href":"https:\/\/wizardly-davinci.82-223-8-23.plesk.page\/en\/wp-json\/wp\/v2\/edicion?post=45698"},{"taxonomy":"editoriales","embeddable":true,"href":"https:\/\/wizardly-davinci.82-223-8-23.plesk.page\/en\/wp-json\/wp\/v2\/editoriales?post=45698"},{"taxonomy":"tienda","embeddable":true,"href":"https:\/\/wizardly-davinci.82-223-8-23.plesk.page\/en\/wp-json\/wp\/v2\/tienda?post=45698"},{"taxonomy":"autor_id","embeddable":true,"href":"https:\/\/wizardly-davinci.82-223-8-23.plesk.page\/en\/wp-json\/wp\/v2\/autor_id?post=45698"},{"taxonomy":"universidades_coeditoras","embeddable":true,"href":"https:\/\/wizardly-davinci.82-223-8-23.plesk.page\/en\/wp-json\/wp\/v2\/universidades_coeditoras?post=45698"},{"taxonomy":"palabras_clave","embeddable":true,"href":"https:\/\/wizardly-davinci.82-223-8-23.plesk.page\/en\/wp-json\/wp\/v2\/palabras_clave?post=45698"},{"taxonomy":"listado_alfabetico","embeddable":true,"href":"https:\/\/wizardly-davinci.82-223-8-23.plesk.page\/en\/wp-json\/wp\/v2\/listado_alfabetico?post=45698"}],"curies":[{"name":"wp","href":"https:\/\/api.w.org\/{rel}","templated":true}]}}