{"id":45703,"date":"2021-04-05T15:26:03","date_gmt":"2021-04-05T15:26:03","guid":{"rendered":"https:\/\/octaedro.com\/libro\/experiencias-de-repositorios-institucionales-en-mexico\/"},"modified":"2023-03-08T12:18:58","modified_gmt":"2023-03-08T11:18:58","slug":"experiencias-de-repositorios-institucionales-en-mexico","status":"publish","type":"product","link":"https:\/\/wizardly-davinci.82-223-8-23.plesk.page\/en\/producto\/experiencias-de-repositorios-institucionales-en-mexico\/","title":{"rendered":"Experiencias de repositorios institucionales en M\u00e9xico"},"content":{"rendered":"","protected":false},"excerpt":{"rendered":"<p>La necesidad de comunicar p\u00fablicamente los resultados de investigaciones cient\u00edficas ha hecho que el papel de los repositorios institucionales sea cada vez m\u00e1s importante para las instituciones acad\u00e9micas, sobre todo ahora que se ha vuelto m\u00e1s necesario reconocer la ciencia dentro de las instituciones y dentro de la sociedad. En este sentido, resulta un aporte relevante la recuperaci\u00f3n de experiencias de \u00e9xito y propuestas de crecimiento de diversas instituciones mexicanas y de la regi\u00f3n.<\/p>\n<p>El presente libro recupera las experiencias de quince repositorios institucionales mexicanos y de otros dos, de Colombia y Argentina, como un esfuerzo de di\u00e1logo entre instituciones p\u00fablicas, privadas y sociedad civil, de cara a una posible colaboraci\u00f3n futura, buscando fomentar alianzas en lo que se espera que sean las bases de un desarrollo continuo y de un trabajo de cooperaci\u00f3n que redunde en redes de trabajo. Se busca, adem\u00e1s, que este texto sirva como punto de partida para aquellos grupos de trabajo que se encuentran en una etapa incipiente de evoluci\u00f3n de sus propuestas de repositorio institucional y como reporte de los logros alcanzados en la regi\u00f3n, principalmente en M\u00e9xico.<\/p>\n","protected":false},"featured_media":45705,"comment_status":"open","ping_status":"closed","template":"","meta":{"_et_pb_use_builder":"","_et_pb_old_content":"","_et_gb_content_width":""},"product_cat":[11899,11859,11912,11900],"product_tag":[11894],"edicion":[12199,11865],"editoriales":[11867],"tienda":[],"autor_id":[12352,12354,12355,12356],"universidades_coeditoras":[16401,12838],"palabras_clave":[],"listado_alfabetico":[],"acf":[],"_links":{"self":[{"href":"https:\/\/wizardly-davinci.82-223-8-23.plesk.page\/en\/wp-json\/wp\/v2\/product\/45703"}],"collection":[{"href":"https:\/\/wizardly-davinci.82-223-8-23.plesk.page\/en\/wp-json\/wp\/v2\/product"}],"about":[{"href":"https:\/\/wizardly-davinci.82-223-8-23.plesk.page\/en\/wp-json\/wp\/v2\/types\/product"}],"replies":[{"embeddable":true,"href":"https:\/\/wizardly-davinci.82-223-8-23.plesk.page\/en\/wp-json\/wp\/v2\/comments?post=45703"}],"wp:featuredmedia":[{"embeddable":true,"href":"https:\/\/wizardly-davinci.82-223-8-23.plesk.page\/en\/wp-json\/wp\/v2\/media\/45705"}],"wp:attachment":[{"href":"https:\/\/wizardly-davinci.82-223-8-23.plesk.page\/en\/wp-json\/wp\/v2\/media?parent=45703"}],"wp:term":[{"taxonomy":"product_cat","embeddable":true,"href":"https:\/\/wizardly-davinci.82-223-8-23.plesk.page\/en\/wp-json\/wp\/v2\/product_cat?post=45703"},{"taxonomy":"product_tag","embeddable":true,"href":"https:\/\/wizardly-davinci.82-223-8-23.plesk.page\/en\/wp-json\/wp\/v2\/product_tag?post=45703"},{"taxonomy":"edicion","embeddable":true,"href":"https:\/\/wizardly-davinci.82-223-8-23.plesk.page\/en\/wp-json\/wp\/v2\/edicion?post=45703"},{"taxonomy":"editoriales","embeddable":true,"href":"https:\/\/wizardly-davinci.82-223-8-23.plesk.page\/en\/wp-json\/wp\/v2\/editoriales?post=45703"},{"taxonomy":"tienda","embeddable":true,"href":"https:\/\/wizardly-davinci.82-223-8-23.plesk.page\/en\/wp-json\/wp\/v2\/tienda?post=45703"},{"taxonomy":"autor_id","embeddable":true,"href":"https:\/\/wizardly-davinci.82-223-8-23.plesk.page\/en\/wp-json\/wp\/v2\/autor_id?post=45703"},{"taxonomy":"universidades_coeditoras","embeddable":true,"href":"https:\/\/wizardly-davinci.82-223-8-23.plesk.page\/en\/wp-json\/wp\/v2\/universidades_coeditoras?post=45703"},{"taxonomy":"palabras_clave","embeddable":true,"href":"https:\/\/wizardly-davinci.82-223-8-23.plesk.page\/en\/wp-json\/wp\/v2\/palabras_clave?post=45703"},{"taxonomy":"listado_alfabetico","embeddable":true,"href":"https:\/\/wizardly-davinci.82-223-8-23.plesk.page\/en\/wp-json\/wp\/v2\/listado_alfabetico?post=45703"}],"curies":[{"name":"wp","href":"https:\/\/api.w.org\/{rel}","templated":true}]}}