{"id":45706,"date":"2021-04-01T11:00:11","date_gmt":"2021-04-01T11:00:11","guid":{"rendered":"https:\/\/octaedro.com\/libro\/innovacion-e-investigacion-sobre-el-aprendizaje-ubicuo-y-movil-en-la-educacion-superior-16145-13\/"},"modified":"2023-02-22T13:36:43","modified_gmt":"2023-02-22T12:36:43","slug":"innovacion-e-investigacion-sobre-el-aprendizaje-ubicuo-y-movil-en-la-educacion-superior-16145-13","status":"publish","type":"product","link":"https:\/\/wizardly-davinci.82-223-8-23.plesk.page\/en\/producto\/innovacion-e-investigacion-sobre-el-aprendizaje-ubicuo-y-movil-en-la-educacion-superior-16145-13\/","title":{"rendered":"Gamificaci\u00f3n con tecnolog\u00eda m\u00f3vil en Educaci\u00f3n Superior: evaluando los aprendizajes con Socrative"},"content":{"rendered":"","protected":false},"excerpt":{"rendered":"<p>En los \u00faltimos a\u00f1os, el inter\u00e9s que est\u00e1 suscitando entre los docentes el uso de aplicaciones basadas en dispositivos m\u00f3viles para promover el aprendizaje activo e interactivo, pero tambi\u00e9n para conocer y evaluar en tiempo real los aprendizajes de los alumnos, est\u00e1 impulsando numerosas innovaciones en metodolog\u00eda docente. Las nuevas experiencias educativas auspiciadas por el modelo BYOD (Bring Your Own Devices), pr\u00e1ctica consistente en que los alumnos traigan sus propios dispositivos m\u00f3viles al lugar de aprendizaje, no solo est\u00e1n alentando el empleo de metodolog\u00edas creativas, sino que adem\u00e1s est\u00e1n cubriendo muchas de las necesidades que vienen demandando los estudiantes de hoy. En el \u00e1mbito universitario, este fen\u00f3meno est\u00e1 despertando un nuevo enfoque metodol\u00f3gico basado en el empleo de t\u00e9cnicas de juego con tecnolog\u00eda m\u00f3vil para promover atractivas experiencias de aprendizaje. Actualmente, los sistemas de respuesta inteligente apoyados por servicios en l\u00ednea se han popularizado y est\u00e1n siendo reconocidos como uno de los recursos con mayor potencial para trabajar el aprendizaje activo e interactivo en el aula. Estos sistemas est\u00e1n influyendo positivamente en aspectos como las relaciones entre profesor y estudiantes optimizando las comunicaciones did\u00e1cticas en el aula, permitiendo que los docentes puedan elaborar un feedback inmediato para el alumno a partir de informaci\u00f3n cualitativa e informes estad\u00edsticos. Este cap\u00edtulo presenta una experiencia de aprendizaje gamificado con la aplicaci\u00f3n Socrative, basada en tecnolog\u00eda m\u00f3vil.<\/p>\n","protected":false},"featured_media":0,"comment_status":"open","ping_status":"closed","template":"","meta":{"_et_pb_use_builder":"","_et_pb_old_content":"","_et_gb_content_width":""},"product_cat":[11912],"product_tag":[11884],"edicion":[12199],"editoriales":[11867],"tienda":[],"autor_id":[12360,12361,12362],"universidades_coeditoras":[],"palabras_clave":[],"listado_alfabetico":[],"acf":[],"_links":{"self":[{"href":"https:\/\/wizardly-davinci.82-223-8-23.plesk.page\/en\/wp-json\/wp\/v2\/product\/45706"}],"collection":[{"href":"https:\/\/wizardly-davinci.82-223-8-23.plesk.page\/en\/wp-json\/wp\/v2\/product"}],"about":[{"href":"https:\/\/wizardly-davinci.82-223-8-23.plesk.page\/en\/wp-json\/wp\/v2\/types\/product"}],"replies":[{"embeddable":true,"href":"https:\/\/wizardly-davinci.82-223-8-23.plesk.page\/en\/wp-json\/wp\/v2\/comments?post=45706"}],"wp:attachment":[{"href":"https:\/\/wizardly-davinci.82-223-8-23.plesk.page\/en\/wp-json\/wp\/v2\/media?parent=45706"}],"wp:term":[{"taxonomy":"product_cat","embeddable":true,"href":"https:\/\/wizardly-davinci.82-223-8-23.plesk.page\/en\/wp-json\/wp\/v2\/product_cat?post=45706"},{"taxonomy":"product_tag","embeddable":true,"href":"https:\/\/wizardly-davinci.82-223-8-23.plesk.page\/en\/wp-json\/wp\/v2\/product_tag?post=45706"},{"taxonomy":"edicion","embeddable":true,"href":"https:\/\/wizardly-davinci.82-223-8-23.plesk.page\/en\/wp-json\/wp\/v2\/edicion?post=45706"},{"taxonomy":"editoriales","embeddable":true,"href":"https:\/\/wizardly-davinci.82-223-8-23.plesk.page\/en\/wp-json\/wp\/v2\/editoriales?post=45706"},{"taxonomy":"tienda","embeddable":true,"href":"https:\/\/wizardly-davinci.82-223-8-23.plesk.page\/en\/wp-json\/wp\/v2\/tienda?post=45706"},{"taxonomy":"autor_id","embeddable":true,"href":"https:\/\/wizardly-davinci.82-223-8-23.plesk.page\/en\/wp-json\/wp\/v2\/autor_id?post=45706"},{"taxonomy":"universidades_coeditoras","embeddable":true,"href":"https:\/\/wizardly-davinci.82-223-8-23.plesk.page\/en\/wp-json\/wp\/v2\/universidades_coeditoras?post=45706"},{"taxonomy":"palabras_clave","embeddable":true,"href":"https:\/\/wizardly-davinci.82-223-8-23.plesk.page\/en\/wp-json\/wp\/v2\/palabras_clave?post=45706"},{"taxonomy":"listado_alfabetico","embeddable":true,"href":"https:\/\/wizardly-davinci.82-223-8-23.plesk.page\/en\/wp-json\/wp\/v2\/listado_alfabetico?post=45706"}],"curies":[{"name":"wp","href":"https:\/\/api.w.org\/{rel}","templated":true}]}}