{"id":45709,"date":"2021-04-01T10:54:43","date_gmt":"2021-04-01T10:54:43","guid":{"rendered":"https:\/\/octaedro.com\/libro\/innovacion-e-investigacion-sobre-el-aprendizaje-ubicuo-y-movil-en-la-educacion-superior-16145-08\/"},"modified":"2023-02-22T13:36:43","modified_gmt":"2023-02-22T12:36:43","slug":"innovacion-e-investigacion-sobre-el-aprendizaje-ubicuo-y-movil-en-la-educacion-superior-16145-08","status":"publish","type":"product","link":"https:\/\/wizardly-davinci.82-223-8-23.plesk.page\/en\/producto\/innovacion-e-investigacion-sobre-el-aprendizaje-ubicuo-y-movil-en-la-educacion-superior-16145-08\/","title":{"rendered":"Necesidades formativas en competencia digital y valores en la educaci\u00f3n de maestros y pedagogos en formaci\u00f3n inicial"},"content":{"rendered":"","protected":false},"excerpt":{"rendered":"<p>La formaci\u00f3n competencial gana fuerza en todas las materias del curr\u00edculum y por ende adquiere cada vez m\u00e1s importancia el desarrollo de la competencia digital. Este marco com\u00fan de referencia debe permitir la acreditaci\u00f3n de todos los profesionales de la educaci\u00f3n y para ello es preciso desarrollar planes de formaci\u00f3n inicial y permanente coherentes con una propuesta de indicadores evaluables. La muestra ha estado formada por 451 estudiantes de los grados de Educaci\u00f3n Infantil, Primaria y Pedagog\u00eda. Los objetivos en los que se ha centrado la investigaci\u00f3n han sido: analizar las necesidades formativas de los estudiantes, de la Facultad de Ciencias de la Educaci\u00f3n de la Universidad de Sevilla, sobre seguridad digital; describir el uso y seguridad de los medios digitales y garant\u00eda de los derechos fundamentales en Internet y describir la situaci\u00f3n actual presentada por los estudiantes en diferentes dimensiones sobre seguridad digital. El dise\u00f1o de investigaci\u00f3n empleado ha sido exploratorio y no experimental (ex post facto). Los resultados de este estudio justifican la necesidad de un mayor an\u00e1lisis del tema y la consolidaci\u00f3n de modelos de usuario amplios y robustos, para los futuros profesionales de la ense\u00f1anza.<\/p>\n","protected":false},"featured_media":0,"comment_status":"open","ping_status":"closed","template":"","meta":{"_et_pb_use_builder":"","_et_pb_old_content":"","_et_gb_content_width":""},"product_cat":[11912],"product_tag":[11884],"edicion":[],"editoriales":[],"tienda":[],"autor_id":[12373,12360,12374],"universidades_coeditoras":[],"palabras_clave":[],"listado_alfabetico":[],"acf":[],"_links":{"self":[{"href":"https:\/\/wizardly-davinci.82-223-8-23.plesk.page\/en\/wp-json\/wp\/v2\/product\/45709"}],"collection":[{"href":"https:\/\/wizardly-davinci.82-223-8-23.plesk.page\/en\/wp-json\/wp\/v2\/product"}],"about":[{"href":"https:\/\/wizardly-davinci.82-223-8-23.plesk.page\/en\/wp-json\/wp\/v2\/types\/product"}],"replies":[{"embeddable":true,"href":"https:\/\/wizardly-davinci.82-223-8-23.plesk.page\/en\/wp-json\/wp\/v2\/comments?post=45709"}],"wp:attachment":[{"href":"https:\/\/wizardly-davinci.82-223-8-23.plesk.page\/en\/wp-json\/wp\/v2\/media?parent=45709"}],"wp:term":[{"taxonomy":"product_cat","embeddable":true,"href":"https:\/\/wizardly-davinci.82-223-8-23.plesk.page\/en\/wp-json\/wp\/v2\/product_cat?post=45709"},{"taxonomy":"product_tag","embeddable":true,"href":"https:\/\/wizardly-davinci.82-223-8-23.plesk.page\/en\/wp-json\/wp\/v2\/product_tag?post=45709"},{"taxonomy":"edicion","embeddable":true,"href":"https:\/\/wizardly-davinci.82-223-8-23.plesk.page\/en\/wp-json\/wp\/v2\/edicion?post=45709"},{"taxonomy":"editoriales","embeddable":true,"href":"https:\/\/wizardly-davinci.82-223-8-23.plesk.page\/en\/wp-json\/wp\/v2\/editoriales?post=45709"},{"taxonomy":"tienda","embeddable":true,"href":"https:\/\/wizardly-davinci.82-223-8-23.plesk.page\/en\/wp-json\/wp\/v2\/tienda?post=45709"},{"taxonomy":"autor_id","embeddable":true,"href":"https:\/\/wizardly-davinci.82-223-8-23.plesk.page\/en\/wp-json\/wp\/v2\/autor_id?post=45709"},{"taxonomy":"universidades_coeditoras","embeddable":true,"href":"https:\/\/wizardly-davinci.82-223-8-23.plesk.page\/en\/wp-json\/wp\/v2\/universidades_coeditoras?post=45709"},{"taxonomy":"palabras_clave","embeddable":true,"href":"https:\/\/wizardly-davinci.82-223-8-23.plesk.page\/en\/wp-json\/wp\/v2\/palabras_clave?post=45709"},{"taxonomy":"listado_alfabetico","embeddable":true,"href":"https:\/\/wizardly-davinci.82-223-8-23.plesk.page\/en\/wp-json\/wp\/v2\/listado_alfabetico?post=45709"}],"curies":[{"name":"wp","href":"https:\/\/api.w.org\/{rel}","templated":true}]}}