{"id":45715,"date":"2021-03-25T19:05:19","date_gmt":"2021-03-25T19:05:19","guid":{"rendered":"https:\/\/octaedro.com\/libro\/quiero-salir-de-casa\/"},"modified":"2023-03-08T12:19:03","modified_gmt":"2023-03-08T11:19:03","slug":"quiero-salir-de-casa","status":"publish","type":"product","link":"https:\/\/wizardly-davinci.82-223-8-23.plesk.page\/en\/producto\/quiero-salir-de-casa\/","title":{"rendered":"\u00a1Quiero salir de casa!"},"content":{"rendered":"","protected":false},"excerpt":{"rendered":"<p><strong><em>\u00a1Quiero salir de casa!<\/em><\/strong> es un cuento de la serie Sin nombre del Proyecto Noria infantil. Esta serie forma parte de una propuesta de literatura filos\u00f3fica para la infancia. Y recoge historias de un ni\u00f1o que empieza a darse cuenta de varias cosas relacionadas consigo mismo y con su entorno.<\/p>\n<p>Este cuento fue escrito durante la primera ola de la pandemia del 2020 en Espa\u00f1a. Los cambios en las pautas cognitivas, emocionales, sociales, culturales y relacionales provocados por el confinamiento y la nueva normalidad merecen ser explorados por la infancia. El protagonista, inspirado en criaturas reales, plantea sus hip\u00f3tesis y fantas\u00edas sobre lo que est\u00e1 pasando y nos muestra claramente la necesidad de dialogar con las criaturas sobre esta circunstancia, que nos afecta a todos.<\/p>\n<p>Al final del cuento se incluye un apartado dirigido a los adultos que propone actividades creativas y reflexivas para tratar estas cuestiones en profundidad y de manera divertida.<\/p>\n<p><strong>Ilustraciones de Edgar Ram\u00edrez. <\/strong>Ilustrador y dise\u00f1ador gr\u00e1fico. Sus ilustraciones para libros infantiles destacan por su simplicidad, movimiento y calidad est\u00e9tica.<\/p>\n<ul>\n<li>@edra_illustration<\/li>\n<li><a href=\"https:\/\/edra.myportfolio.com\/\"><span style=\"text-decoration: underline;\">https:\/\/edra.myportfolio.co<\/span>m\/<\/a><\/li>\n<\/ul>\n","protected":false},"featured_media":45717,"comment_status":"open","ping_status":"closed","template":"","meta":{"_et_pb_use_builder":"","_et_pb_old_content":"","_et_gb_content_width":""},"product_cat":[11858,11859],"product_tag":[11860],"edicion":[11865],"editoriales":[11867],"tienda":[],"autor_id":[12394],"universidades_coeditoras":[],"palabras_clave":[],"listado_alfabetico":[],"acf":[],"_links":{"self":[{"href":"https:\/\/wizardly-davinci.82-223-8-23.plesk.page\/en\/wp-json\/wp\/v2\/product\/45715"}],"collection":[{"href":"https:\/\/wizardly-davinci.82-223-8-23.plesk.page\/en\/wp-json\/wp\/v2\/product"}],"about":[{"href":"https:\/\/wizardly-davinci.82-223-8-23.plesk.page\/en\/wp-json\/wp\/v2\/types\/product"}],"replies":[{"embeddable":true,"href":"https:\/\/wizardly-davinci.82-223-8-23.plesk.page\/en\/wp-json\/wp\/v2\/comments?post=45715"}],"wp:featuredmedia":[{"embeddable":true,"href":"https:\/\/wizardly-davinci.82-223-8-23.plesk.page\/en\/wp-json\/wp\/v2\/media\/45717"}],"wp:attachment":[{"href":"https:\/\/wizardly-davinci.82-223-8-23.plesk.page\/en\/wp-json\/wp\/v2\/media?parent=45715"}],"wp:term":[{"taxonomy":"product_cat","embeddable":true,"href":"https:\/\/wizardly-davinci.82-223-8-23.plesk.page\/en\/wp-json\/wp\/v2\/product_cat?post=45715"},{"taxonomy":"product_tag","embeddable":true,"href":"https:\/\/wizardly-davinci.82-223-8-23.plesk.page\/en\/wp-json\/wp\/v2\/product_tag?post=45715"},{"taxonomy":"edicion","embeddable":true,"href":"https:\/\/wizardly-davinci.82-223-8-23.plesk.page\/en\/wp-json\/wp\/v2\/edicion?post=45715"},{"taxonomy":"editoriales","embeddable":true,"href":"https:\/\/wizardly-davinci.82-223-8-23.plesk.page\/en\/wp-json\/wp\/v2\/editoriales?post=45715"},{"taxonomy":"tienda","embeddable":true,"href":"https:\/\/wizardly-davinci.82-223-8-23.plesk.page\/en\/wp-json\/wp\/v2\/tienda?post=45715"},{"taxonomy":"autor_id","embeddable":true,"href":"https:\/\/wizardly-davinci.82-223-8-23.plesk.page\/en\/wp-json\/wp\/v2\/autor_id?post=45715"},{"taxonomy":"universidades_coeditoras","embeddable":true,"href":"https:\/\/wizardly-davinci.82-223-8-23.plesk.page\/en\/wp-json\/wp\/v2\/universidades_coeditoras?post=45715"},{"taxonomy":"palabras_clave","embeddable":true,"href":"https:\/\/wizardly-davinci.82-223-8-23.plesk.page\/en\/wp-json\/wp\/v2\/palabras_clave?post=45715"},{"taxonomy":"listado_alfabetico","embeddable":true,"href":"https:\/\/wizardly-davinci.82-223-8-23.plesk.page\/en\/wp-json\/wp\/v2\/listado_alfabetico?post=45715"}],"curies":[{"name":"wp","href":"https:\/\/api.w.org\/{rel}","templated":true}]}}