{"id":45721,"date":"2022-02-22T11:15:54","date_gmt":"2022-02-22T10:15:54","guid":{"rendered":"https:\/\/octaedro.com\/libro\/la-competencia-plurilingue-en-la-escuela\/"},"modified":"2023-04-24T11:21:26","modified_gmt":"2023-04-24T09:21:26","slug":"la-competencia-plurilingue-en-la-escuela","status":"publish","type":"product","link":"https:\/\/wizardly-davinci.82-223-8-23.plesk.page\/en\/producto\/la-competencia-plurilingue-en-la-escuela\/","title":{"rendered":"La competencia pluriling\u00fce en la escuela"},"content":{"rendered":"","protected":false},"excerpt":{"rendered":"<p>Este libro lo han escrito muchas manos y desde una perspectiva en la que confluyen investigaci\u00f3n y docencia. Los miembros del grupo de investigaci\u00f3n Pluriling\u00fcismos y Aprendizaje de Lenguas (PLURAL) lo hemos querido as\u00ed porque entendemos que el saber anida en muchos lugares, tanto en las aulas de los centros educativos como en los estudios que se impulsan desde el \u00e1mbito universitario. Los destinatarios de esta obra son todas aquellas personas que piensan que el ser humano se encuentra en proceso de devenir y que, a lo largo de dicho proceso, siempre se siente interpelado por la presencia del otro.<\/p>\n<p>Tres conceptos configuran la obra. El primero es <em>acoger<\/em>. Las lenguas, as\u00ed como las culturas, tienen que aparecer, tienen que hacerse visibles en cuanto se ha traspasado la puerta del centro educativo. Acoger, porque no es sencillo vivir en un exilio impuesto.<\/p>\n<p>El segundo concepto es <em>crear v\u00ednculos<\/em>. Crear v\u00ednculos es aproximarse al otro sin dejarse llevar por los prejuicios, con la voluntad de romper las posibles asimetr\u00edas que puedan existir debido a que el otro no habla como yo, a que no es de aqu\u00ed, a que desconoce nuestras costumbres, etc., ya que todo el mundo necesita sentirse respetado por la ley, valorado por la sociedad y querido por el grupo.<\/p>\n<p>Y el tercer concepto es <em>contrastar para aprender<\/em>. En el marco de una educaci\u00f3n pluriling\u00fce, nada ni nadie es extra\u00f1o, pues hay un constante transitar entre todas las formas de sentir, de hacer y de decir. El contraste no es abrir una puerta a la curiosidad para cerrarla un poco m\u00e1s tarde. Contrastar para aprender, porque cuando el conocimiento hace un viaje hacia lugares desconocidos, nunca retorna de la misma manera.<\/p>\n","protected":false},"featured_media":45722,"comment_status":"open","ping_status":"closed","template":"","meta":{"_et_pb_use_builder":"","_et_pb_old_content":"","_et_gb_content_width":""},"product_cat":[11899,11859,11912,11918],"product_tag":[11892],"edicion":[12199,11865],"editoriales":[11867],"tienda":[],"autor_id":[12398,12399],"universidades_coeditoras":[],"palabras_clave":[],"listado_alfabetico":[],"acf":[],"_links":{"self":[{"href":"https:\/\/wizardly-davinci.82-223-8-23.plesk.page\/en\/wp-json\/wp\/v2\/product\/45721"}],"collection":[{"href":"https:\/\/wizardly-davinci.82-223-8-23.plesk.page\/en\/wp-json\/wp\/v2\/product"}],"about":[{"href":"https:\/\/wizardly-davinci.82-223-8-23.plesk.page\/en\/wp-json\/wp\/v2\/types\/product"}],"replies":[{"embeddable":true,"href":"https:\/\/wizardly-davinci.82-223-8-23.plesk.page\/en\/wp-json\/wp\/v2\/comments?post=45721"}],"wp:featuredmedia":[{"embeddable":true,"href":"https:\/\/wizardly-davinci.82-223-8-23.plesk.page\/en\/wp-json\/wp\/v2\/media\/45722"}],"wp:attachment":[{"href":"https:\/\/wizardly-davinci.82-223-8-23.plesk.page\/en\/wp-json\/wp\/v2\/media?parent=45721"}],"wp:term":[{"taxonomy":"product_cat","embeddable":true,"href":"https:\/\/wizardly-davinci.82-223-8-23.plesk.page\/en\/wp-json\/wp\/v2\/product_cat?post=45721"},{"taxonomy":"product_tag","embeddable":true,"href":"https:\/\/wizardly-davinci.82-223-8-23.plesk.page\/en\/wp-json\/wp\/v2\/product_tag?post=45721"},{"taxonomy":"edicion","embeddable":true,"href":"https:\/\/wizardly-davinci.82-223-8-23.plesk.page\/en\/wp-json\/wp\/v2\/edicion?post=45721"},{"taxonomy":"editoriales","embeddable":true,"href":"https:\/\/wizardly-davinci.82-223-8-23.plesk.page\/en\/wp-json\/wp\/v2\/editoriales?post=45721"},{"taxonomy":"tienda","embeddable":true,"href":"https:\/\/wizardly-davinci.82-223-8-23.plesk.page\/en\/wp-json\/wp\/v2\/tienda?post=45721"},{"taxonomy":"autor_id","embeddable":true,"href":"https:\/\/wizardly-davinci.82-223-8-23.plesk.page\/en\/wp-json\/wp\/v2\/autor_id?post=45721"},{"taxonomy":"universidades_coeditoras","embeddable":true,"href":"https:\/\/wizardly-davinci.82-223-8-23.plesk.page\/en\/wp-json\/wp\/v2\/universidades_coeditoras?post=45721"},{"taxonomy":"palabras_clave","embeddable":true,"href":"https:\/\/wizardly-davinci.82-223-8-23.plesk.page\/en\/wp-json\/wp\/v2\/palabras_clave?post=45721"},{"taxonomy":"listado_alfabetico","embeddable":true,"href":"https:\/\/wizardly-davinci.82-223-8-23.plesk.page\/en\/wp-json\/wp\/v2\/listado_alfabetico?post=45721"}],"curies":[{"name":"wp","href":"https:\/\/api.w.org\/{rel}","templated":true}]}}