{"id":45726,"date":"2021-03-09T22:47:31","date_gmt":"2021-03-09T22:47:31","guid":{"rendered":"https:\/\/octaedro.com\/libro\/no-me-baciles\/"},"modified":"2023-02-22T13:36:47","modified_gmt":"2023-02-22T12:36:47","slug":"no-me-baciles","status":"publish","type":"product","link":"https:\/\/wizardly-davinci.82-223-8-23.plesk.page\/en\/producto\/no-me-baciles\/","title":{"rendered":"\u00a1No me Baciles!"},"content":{"rendered":"<p>Una bi\u00f3loga muere infectada por el CN alfa, el bacilo que estudiaba para la obtenci\u00f3n de una vacuna. Todo el mundo acepta esta muerte como un accidente, excepto Ana, la t\u00e9cnica del laboratorio. Empe\u00f1ada en descubrir qu\u00e9 hay detr\u00e1s del accidente, arrastra a un grupo de amigos al estudio del mundo de los microbios, de la respuesta inmunitaria y de las enfermedades infecciosas. Esta investigaci\u00f3n les ayudar\u00e1 a resolver el enigma. Este libro se completa con una gu\u00eda did\u00e1ctica y una propuesta de actividades.<\/p>\n","protected":false},"excerpt":{"rendered":"<p>Una bi\u00f3loga muere infectada por el CN alfa, el bacilo que estudiaba para la obtenci\u00f3n de una vacuna. Todo el mundo acepta esta muerte como un accidente, excepto Ana, la t\u00e9cnica del laboratorio. Empe\u00f1ada en descubrir qu\u00e9 hay detr\u00e1s del accidente, arrastra a un grupo de amigos al estudio del mundo de los microbios, de la respuesta inmunitaria y de las enfermedades infecciosas. Esta investigaci\u00f3n les ayudar\u00e1 a resolver el enigma. Este libro se completa con una gu\u00eda did\u00e1ctica y una propuesta de actividades.<\/p>\n","protected":false},"featured_media":45728,"comment_status":"closed","ping_status":"closed","template":"","meta":{"_et_pb_use_builder":"","_et_pb_old_content":"","_et_gb_content_width":""},"product_cat":[11858,11859],"product_tag":[11860],"edicion":[11865],"editoriales":[11867],"tienda":[],"autor_id":[12409,12410],"universidades_coeditoras":[],"palabras_clave":[],"listado_alfabetico":[],"acf":[],"_links":{"self":[{"href":"https:\/\/wizardly-davinci.82-223-8-23.plesk.page\/en\/wp-json\/wp\/v2\/product\/45726"}],"collection":[{"href":"https:\/\/wizardly-davinci.82-223-8-23.plesk.page\/en\/wp-json\/wp\/v2\/product"}],"about":[{"href":"https:\/\/wizardly-davinci.82-223-8-23.plesk.page\/en\/wp-json\/wp\/v2\/types\/product"}],"replies":[{"embeddable":true,"href":"https:\/\/wizardly-davinci.82-223-8-23.plesk.page\/en\/wp-json\/wp\/v2\/comments?post=45726"}],"wp:featuredmedia":[{"embeddable":true,"href":"https:\/\/wizardly-davinci.82-223-8-23.plesk.page\/en\/wp-json\/wp\/v2\/media\/45728"}],"wp:attachment":[{"href":"https:\/\/wizardly-davinci.82-223-8-23.plesk.page\/en\/wp-json\/wp\/v2\/media?parent=45726"}],"wp:term":[{"taxonomy":"product_cat","embeddable":true,"href":"https:\/\/wizardly-davinci.82-223-8-23.plesk.page\/en\/wp-json\/wp\/v2\/product_cat?post=45726"},{"taxonomy":"product_tag","embeddable":true,"href":"https:\/\/wizardly-davinci.82-223-8-23.plesk.page\/en\/wp-json\/wp\/v2\/product_tag?post=45726"},{"taxonomy":"edicion","embeddable":true,"href":"https:\/\/wizardly-davinci.82-223-8-23.plesk.page\/en\/wp-json\/wp\/v2\/edicion?post=45726"},{"taxonomy":"editoriales","embeddable":true,"href":"https:\/\/wizardly-davinci.82-223-8-23.plesk.page\/en\/wp-json\/wp\/v2\/editoriales?post=45726"},{"taxonomy":"tienda","embeddable":true,"href":"https:\/\/wizardly-davinci.82-223-8-23.plesk.page\/en\/wp-json\/wp\/v2\/tienda?post=45726"},{"taxonomy":"autor_id","embeddable":true,"href":"https:\/\/wizardly-davinci.82-223-8-23.plesk.page\/en\/wp-json\/wp\/v2\/autor_id?post=45726"},{"taxonomy":"universidades_coeditoras","embeddable":true,"href":"https:\/\/wizardly-davinci.82-223-8-23.plesk.page\/en\/wp-json\/wp\/v2\/universidades_coeditoras?post=45726"},{"taxonomy":"palabras_clave","embeddable":true,"href":"https:\/\/wizardly-davinci.82-223-8-23.plesk.page\/en\/wp-json\/wp\/v2\/palabras_clave?post=45726"},{"taxonomy":"listado_alfabetico","embeddable":true,"href":"https:\/\/wizardly-davinci.82-223-8-23.plesk.page\/en\/wp-json\/wp\/v2\/listado_alfabetico?post=45726"}],"curies":[{"name":"wp","href":"https:\/\/api.w.org\/{rel}","templated":true}]}}