{"id":45730,"date":"2021-03-03T17:20:04","date_gmt":"2021-03-03T16:20:04","guid":{"rendered":"https:\/\/octaedro.com\/libro\/ser-maestro-cuando-nadie-sabe-para-que-sirve\/"},"modified":"2023-04-24T11:20:36","modified_gmt":"2023-04-24T09:20:36","slug":"ser-maestro-cuando-nadie-sabe-para-que-sirve","status":"publish","type":"product","link":"https:\/\/wizardly-davinci.82-223-8-23.plesk.page\/en\/producto\/ser-maestro-cuando-nadie-sabe-para-que-sirve\/","title":{"rendered":"Ser maestro cuando nadie sabe para qu\u00e9 sirve"},"content":{"rendered":"","protected":false},"excerpt":{"rendered":"<p>Este libro va de preguntas y respuestas educativas inevitables, aquellas que dan sentido y eficacia a la singular profesi\u00f3n de educar desde la escuela. Resume el c\u00f3ctel b\u00e1sico de incertidumbres, saberes, innovaciones y bagajes de la profesi\u00f3n de educar, de educar en instituciones como la escuela, pensadas para educar ense\u00f1ando.<\/p>\n<p>Hacer de maestro es hacerse preguntas sobre el mundo, provocar que el alumnado se las plantee y encontrar juntos las respuestas posibles. Hacer de maestro es vivir en la interrogaci\u00f3n curiosa. Se interroga sobre el cielo para que los ni\u00f1os se pregunten sobre la luna y con ellos trata de saber qu\u00e9 pasa si el sol deja de iluminar la tierra. Ense\u00f1a para que puedan tener el placer que el propio maestro o maestra tiene cuando descubre y aprende. El oficio de maestro tiene como tarea abrir puertas a aquello que es desconocido para los ni\u00f1os y ni\u00f1as, sirve para hacer posible que se construyan como personas.<\/p>\n<p>No sirve cualquiera. Valen para ejercer la profesi\u00f3n las personas creativas, que aceptan ser puestas en crisis por sus alumnos, quieren cambiar la escuela porque la sociedad cambia, aprenden a ponerse en la piel de la infancia y la adolescencia, aspiran a que sea posible un mundo m\u00e1s justo.<\/p>\n<p>Este libro trata de ordenar los sue\u00f1os j\u00f3venes de quienes comienzan a ejercer de maestros, intenta avivar el rescoldo apasionado de quienes est\u00e1n en el oficio hace a\u00f1os, permite que las familias descubran por qu\u00e9 cada d\u00eda se f\u00edan de dejar a las criaturas en sus manos.<\/p>\n","protected":false},"featured_media":45731,"comment_status":"open","ping_status":"closed","template":"","meta":{"_et_pb_use_builder":"","_et_pb_old_content":"","_et_gb_content_width":""},"product_cat":[11899,11858,11859,11912],"product_tag":[11892],"edicion":[12199,11865],"editoriales":[11867],"tienda":[],"autor_id":[12412],"universidades_coeditoras":[],"palabras_clave":[],"listado_alfabetico":[],"acf":[],"_links":{"self":[{"href":"https:\/\/wizardly-davinci.82-223-8-23.plesk.page\/en\/wp-json\/wp\/v2\/product\/45730"}],"collection":[{"href":"https:\/\/wizardly-davinci.82-223-8-23.plesk.page\/en\/wp-json\/wp\/v2\/product"}],"about":[{"href":"https:\/\/wizardly-davinci.82-223-8-23.plesk.page\/en\/wp-json\/wp\/v2\/types\/product"}],"replies":[{"embeddable":true,"href":"https:\/\/wizardly-davinci.82-223-8-23.plesk.page\/en\/wp-json\/wp\/v2\/comments?post=45730"}],"wp:featuredmedia":[{"embeddable":true,"href":"https:\/\/wizardly-davinci.82-223-8-23.plesk.page\/en\/wp-json\/wp\/v2\/media\/45731"}],"wp:attachment":[{"href":"https:\/\/wizardly-davinci.82-223-8-23.plesk.page\/en\/wp-json\/wp\/v2\/media?parent=45730"}],"wp:term":[{"taxonomy":"product_cat","embeddable":true,"href":"https:\/\/wizardly-davinci.82-223-8-23.plesk.page\/en\/wp-json\/wp\/v2\/product_cat?post=45730"},{"taxonomy":"product_tag","embeddable":true,"href":"https:\/\/wizardly-davinci.82-223-8-23.plesk.page\/en\/wp-json\/wp\/v2\/product_tag?post=45730"},{"taxonomy":"edicion","embeddable":true,"href":"https:\/\/wizardly-davinci.82-223-8-23.plesk.page\/en\/wp-json\/wp\/v2\/edicion?post=45730"},{"taxonomy":"editoriales","embeddable":true,"href":"https:\/\/wizardly-davinci.82-223-8-23.plesk.page\/en\/wp-json\/wp\/v2\/editoriales?post=45730"},{"taxonomy":"tienda","embeddable":true,"href":"https:\/\/wizardly-davinci.82-223-8-23.plesk.page\/en\/wp-json\/wp\/v2\/tienda?post=45730"},{"taxonomy":"autor_id","embeddable":true,"href":"https:\/\/wizardly-davinci.82-223-8-23.plesk.page\/en\/wp-json\/wp\/v2\/autor_id?post=45730"},{"taxonomy":"universidades_coeditoras","embeddable":true,"href":"https:\/\/wizardly-davinci.82-223-8-23.plesk.page\/en\/wp-json\/wp\/v2\/universidades_coeditoras?post=45730"},{"taxonomy":"palabras_clave","embeddable":true,"href":"https:\/\/wizardly-davinci.82-223-8-23.plesk.page\/en\/wp-json\/wp\/v2\/palabras_clave?post=45730"},{"taxonomy":"listado_alfabetico","embeddable":true,"href":"https:\/\/wizardly-davinci.82-223-8-23.plesk.page\/en\/wp-json\/wp\/v2\/listado_alfabetico?post=45730"}],"curies":[{"name":"wp","href":"https:\/\/api.w.org\/{rel}","templated":true}]}}