{"id":45732,"date":"2021-03-02T18:10:22","date_gmt":"2021-03-02T17:10:22","guid":{"rendered":"https:\/\/octaedro.com\/libro\/educacion-critica-e-inclusiva-para-una-sociedad-poscapitalista\/"},"modified":"2023-04-24T11:19:48","modified_gmt":"2023-04-24T09:19:48","slug":"educacion-critica-e-inclusiva-para-una-sociedad-poscapitalista","status":"publish","type":"product","link":"https:\/\/wizardly-davinci.82-223-8-23.plesk.page\/en\/producto\/educacion-critica-e-inclusiva-para-una-sociedad-poscapitalista\/","title":{"rendered":"Educaci\u00f3n cr\u00edtica e inclusiva para una sociedad poscapitalista"},"content":{"rendered":"","protected":false},"excerpt":{"rendered":"<p><span data-contrast=\"none\">Los tiempos de las teor\u00edas cr\u00edticas, de las pedagog\u00edas de la emancipaci\u00f3n, de las filosof\u00ed<\/span><span data-contrast=\"none\">as de la liberaci\u00f3n han dado paso a tiempos oscuros presididos por la ideolog\u00eda neoliberal que marca la orientaci\u00f3n de los organismos econ\u00f3micos internacionales (FMI, BM, OCDE\u2026), que actualmente establecen las directrices de los sistemas educativos del mun<\/span><span data-contrast=\"none\">do. Las propuestas pedag\u00f3gicas renovadoras de <\/span><span data-contrast=\"none\">Freinet<\/span><span data-contrast=\"none\">, <\/span><span data-contrast=\"none\">Milani<\/span><span data-contrast=\"none\">, <\/span><span data-contrast=\"none\">Makarenko<\/span><span data-contrast=\"none\">, Dewey, Decroly o Ferrer i Guardia, o las cr\u00edticas de Apple, <\/span><span data-contrast=\"none\">Giroux<\/span><span data-contrast=\"none\">, Willis o McLaren languidecen en los libros de pedagog\u00eda. Mientras tanto, las reformas educativas se discuten, tras<\/span><span data-contrast=\"none\"> la pandemia por el COVID-19, con las GAFAM (Google, Apple, Facebook, Amazon y Microsoft), las grandes multinacionales de la tecnolog\u00eda digital y las redes de comunicaci\u00f3n.<\/span><span data-ccp-props=\"{&quot;201341983&quot;:0,&quot;335559739&quot;:170,&quot;335559740&quot;:288}\">\u00a0<\/span><\/p>\n<p><span data-contrast=\"none\">Este libro desarrolla la urgencia de que otra educaci\u00f3n es posible y necesaria, otr<\/span><span data-contrast=\"none\">o modelo de educaci\u00f3n para otro modelo de sociedad. Porque, si algo tenemos claro, es que el capitalismo es incompatible con la solidaridad, con la justicia, con la ecolog\u00eda, con la equidad, con la inclusi\u00f3n y, en definitiva, con todos aquellos valores que<\/span><span data-contrast=\"none\"> proclamamos en la educaci\u00f3n y que son reflejo de lo que se ha plasmado en la Declaraci\u00f3n de los Derechos Humanos.\u00a0<\/span><\/p>\n","protected":false},"featured_media":45733,"comment_status":"open","ping_status":"closed","template":"","meta":{"_et_pb_use_builder":"","_et_pb_old_content":"","_et_gb_content_width":""},"product_cat":[11899,11859,11912,11907],"product_tag":[11892],"edicion":[12199,11865],"editoriales":[11867],"tienda":[],"autor_id":[12415,12416],"universidades_coeditoras":[],"palabras_clave":[],"listado_alfabetico":[],"acf":[],"_links":{"self":[{"href":"https:\/\/wizardly-davinci.82-223-8-23.plesk.page\/en\/wp-json\/wp\/v2\/product\/45732"}],"collection":[{"href":"https:\/\/wizardly-davinci.82-223-8-23.plesk.page\/en\/wp-json\/wp\/v2\/product"}],"about":[{"href":"https:\/\/wizardly-davinci.82-223-8-23.plesk.page\/en\/wp-json\/wp\/v2\/types\/product"}],"replies":[{"embeddable":true,"href":"https:\/\/wizardly-davinci.82-223-8-23.plesk.page\/en\/wp-json\/wp\/v2\/comments?post=45732"}],"wp:featuredmedia":[{"embeddable":true,"href":"https:\/\/wizardly-davinci.82-223-8-23.plesk.page\/en\/wp-json\/wp\/v2\/media\/45733"}],"wp:attachment":[{"href":"https:\/\/wizardly-davinci.82-223-8-23.plesk.page\/en\/wp-json\/wp\/v2\/media?parent=45732"}],"wp:term":[{"taxonomy":"product_cat","embeddable":true,"href":"https:\/\/wizardly-davinci.82-223-8-23.plesk.page\/en\/wp-json\/wp\/v2\/product_cat?post=45732"},{"taxonomy":"product_tag","embeddable":true,"href":"https:\/\/wizardly-davinci.82-223-8-23.plesk.page\/en\/wp-json\/wp\/v2\/product_tag?post=45732"},{"taxonomy":"edicion","embeddable":true,"href":"https:\/\/wizardly-davinci.82-223-8-23.plesk.page\/en\/wp-json\/wp\/v2\/edicion?post=45732"},{"taxonomy":"editoriales","embeddable":true,"href":"https:\/\/wizardly-davinci.82-223-8-23.plesk.page\/en\/wp-json\/wp\/v2\/editoriales?post=45732"},{"taxonomy":"tienda","embeddable":true,"href":"https:\/\/wizardly-davinci.82-223-8-23.plesk.page\/en\/wp-json\/wp\/v2\/tienda?post=45732"},{"taxonomy":"autor_id","embeddable":true,"href":"https:\/\/wizardly-davinci.82-223-8-23.plesk.page\/en\/wp-json\/wp\/v2\/autor_id?post=45732"},{"taxonomy":"universidades_coeditoras","embeddable":true,"href":"https:\/\/wizardly-davinci.82-223-8-23.plesk.page\/en\/wp-json\/wp\/v2\/universidades_coeditoras?post=45732"},{"taxonomy":"palabras_clave","embeddable":true,"href":"https:\/\/wizardly-davinci.82-223-8-23.plesk.page\/en\/wp-json\/wp\/v2\/palabras_clave?post=45732"},{"taxonomy":"listado_alfabetico","embeddable":true,"href":"https:\/\/wizardly-davinci.82-223-8-23.plesk.page\/en\/wp-json\/wp\/v2\/listado_alfabetico?post=45732"}],"curies":[{"name":"wp","href":"https:\/\/api.w.org\/{rel}","templated":true}]}}