{"id":45734,"date":"2021-03-01T22:46:33","date_gmt":"2021-03-01T21:46:33","guid":{"rendered":"https:\/\/octaedro.com\/libro\/todo-por-amor\/"},"modified":"2023-04-20T12:25:39","modified_gmt":"2023-04-20T10:25:39","slug":"todo-por-amor","status":"publish","type":"product","link":"https:\/\/wizardly-davinci.82-223-8-23.plesk.page\/en\/producto\/todo-por-amor\/","title":{"rendered":"\u00bfTodo por amor?"},"content":{"rendered":"<p>\u00bfTodo por amor? es, a pesar del interrogante que plantea el t\u00edtulo, una historia de amor a la educaci\u00f3n como motor y combustible de vida, y tambi\u00e9n la constataci\u00f3n de que puede amar y crecer a la vez, amar sin cortar las propias alas y ampliar el territorio. El territorio del libro est\u00e1 formado, en consecuencia, por los relatos y las valoraciones de los alumnos que han pasado por las clases de educaci\u00f3n afectiva y sexual de Rosa Sanchis, por sus discusiones y por un saber te\u00f3rico, fruto de quince a\u00f1os de estudio y trabajo a pie de clase. La aparente sencillez de la obra es una virtud que no esconde la exacta radiograf\u00eda de la manipulaci\u00f3n moral que el patriarcado ha cometido con las personas, en especial con las mujeres, personajes secundarios en la pel\u00edcula de la vida. Pero la c\u00e1mara que la profesora ha instalado en el aula se gira aqu\u00ed hacia la violencia ejercida contra ellas y muestra claramente c\u00f3mo la semilla de los principios patriarcales se enra\u00edza en las creencias y sentimientos de los j\u00f3venes.<\/p>\n","protected":false},"excerpt":{"rendered":"<p>\u00bfTodo por amor? es, a pesar del interrogante que plantea el t\u00edtulo, una historia de amor a la educaci\u00f3n como motor y combustible de vida, y tambi\u00e9n la constataci\u00f3n de que puede amar y crecer a la vez, amar sin cortar las propias alas y ampliar el territorio. El territorio del libro est\u00e1 formado, en consecuencia, por los relatos y las valoraciones de los alumnos que han pasado por las clases de educaci\u00f3n afectiva y sexual de Rosa Sanchis, por sus discusiones y por un saber te\u00f3rico, fruto de quince a\u00f1os de estudio y trabajo a pie de clase. La aparente sencillez de la obra es una virtud que no esconde la exacta radiograf\u00eda de la manipulaci\u00f3n moral que el patriarcado ha cometido con las personas, en especial con las mujeres, personajes secundarios en la pel\u00edcula de la vida. Pero la c\u00e1mara que la profesora ha instalado en el aula se gira aqu\u00ed hacia la violencia ejercida contra ellas y muestra claramente c\u00f3mo la semilla de los principios patriarcales se enra\u00edza en las creencias y sentimientos de los j\u00f3venes.<\/p>\n","protected":false},"featured_media":45735,"comment_status":"open","ping_status":"closed","template":"","meta":{"_et_pb_use_builder":"","_et_pb_old_content":"","_et_gb_content_width":""},"product_cat":[11899,11859,11912,11925],"product_tag":[11892],"edicion":[12199,11865],"editoriales":[11867,12203],"tienda":[],"autor_id":[12419],"universidades_coeditoras":[],"palabras_clave":[],"listado_alfabetico":[],"acf":[],"_links":{"self":[{"href":"https:\/\/wizardly-davinci.82-223-8-23.plesk.page\/en\/wp-json\/wp\/v2\/product\/45734"}],"collection":[{"href":"https:\/\/wizardly-davinci.82-223-8-23.plesk.page\/en\/wp-json\/wp\/v2\/product"}],"about":[{"href":"https:\/\/wizardly-davinci.82-223-8-23.plesk.page\/en\/wp-json\/wp\/v2\/types\/product"}],"replies":[{"embeddable":true,"href":"https:\/\/wizardly-davinci.82-223-8-23.plesk.page\/en\/wp-json\/wp\/v2\/comments?post=45734"}],"wp:featuredmedia":[{"embeddable":true,"href":"https:\/\/wizardly-davinci.82-223-8-23.plesk.page\/en\/wp-json\/wp\/v2\/media\/45735"}],"wp:attachment":[{"href":"https:\/\/wizardly-davinci.82-223-8-23.plesk.page\/en\/wp-json\/wp\/v2\/media?parent=45734"}],"wp:term":[{"taxonomy":"product_cat","embeddable":true,"href":"https:\/\/wizardly-davinci.82-223-8-23.plesk.page\/en\/wp-json\/wp\/v2\/product_cat?post=45734"},{"taxonomy":"product_tag","embeddable":true,"href":"https:\/\/wizardly-davinci.82-223-8-23.plesk.page\/en\/wp-json\/wp\/v2\/product_tag?post=45734"},{"taxonomy":"edicion","embeddable":true,"href":"https:\/\/wizardly-davinci.82-223-8-23.plesk.page\/en\/wp-json\/wp\/v2\/edicion?post=45734"},{"taxonomy":"editoriales","embeddable":true,"href":"https:\/\/wizardly-davinci.82-223-8-23.plesk.page\/en\/wp-json\/wp\/v2\/editoriales?post=45734"},{"taxonomy":"tienda","embeddable":true,"href":"https:\/\/wizardly-davinci.82-223-8-23.plesk.page\/en\/wp-json\/wp\/v2\/tienda?post=45734"},{"taxonomy":"autor_id","embeddable":true,"href":"https:\/\/wizardly-davinci.82-223-8-23.plesk.page\/en\/wp-json\/wp\/v2\/autor_id?post=45734"},{"taxonomy":"universidades_coeditoras","embeddable":true,"href":"https:\/\/wizardly-davinci.82-223-8-23.plesk.page\/en\/wp-json\/wp\/v2\/universidades_coeditoras?post=45734"},{"taxonomy":"palabras_clave","embeddable":true,"href":"https:\/\/wizardly-davinci.82-223-8-23.plesk.page\/en\/wp-json\/wp\/v2\/palabras_clave?post=45734"},{"taxonomy":"listado_alfabetico","embeddable":true,"href":"https:\/\/wizardly-davinci.82-223-8-23.plesk.page\/en\/wp-json\/wp\/v2\/listado_alfabetico?post=45734"}],"curies":[{"name":"wp","href":"https:\/\/api.w.org\/{rel}","templated":true}]}}