{"id":45736,"date":"2021-07-01T22:46:31","date_gmt":"2021-07-01T20:46:31","guid":{"rendered":"https:\/\/octaedro.com\/libro\/rincon-a-rincon\/"},"modified":"2023-04-20T12:24:47","modified_gmt":"2023-04-20T10:24:47","slug":"rincon-a-rincon","status":"publish","type":"product","link":"https:\/\/wizardly-davinci.82-223-8-23.plesk.page\/en\/producto\/rincon-a-rincon\/","title":{"rendered":"Rinc\u00f3n a rinc\u00f3n"},"content":{"rendered":"<p>Los rincones de trabajo son una nueva forma, estimulante, flexible y din\u00e1mica, de organizar el trabajo personalizado. Responden a una concepci\u00f3n de la educaci\u00f3n en la que el ni\u00f1o y la ni\u00f1a son el referente principal. En unos espacios delimitados de la clase, los ni\u00f1os y las ni\u00f1as, de manera individual o en peque\u00f1os grupos, llevan a cabo simult\u00e1neamente diferentes actividades de aprendizaje, lo que permite dar una respuesta adecuada a las diferencias, intereses y ritmos de cada cual. En este dossier, las autoras, a partir de su experiencia de muchos a\u00f1os de trabajo, nos explican c\u00f3mo planificar y programar los rincones, y nos ofrecen propuestas concretas, m\u00e1s creativas unas, m\u00e1s sistem\u00e1ticas otras, si bien todas ellas pensadas desde una perspectiva funcional y l\u00fadica.<\/p>\n","protected":false},"excerpt":{"rendered":"<p>Los rincones de trabajo son una nueva forma, estimulante, flexible y din\u00e1mica, de organizar el trabajo personalizado. Responden a una concepci\u00f3n de la educaci\u00f3n en la que el ni\u00f1o y la ni\u00f1a son el referente principal. En unos espacios delimitados de la clase, los ni\u00f1os y las ni\u00f1as, de manera individual o en peque\u00f1os grupos, llevan a cabo simult\u00e1neamente diferentes actividades de aprendizaje, lo que permite dar una respuesta adecuada a las diferencias, intereses y ritmos de cada cual. En este dossier, las autoras, a partir de su experiencia de muchos a\u00f1os de trabajo, nos explican c\u00f3mo planificar y programar los rincones, y nos ofrecen propuestas concretas, m\u00e1s creativas unas, m\u00e1s sistem\u00e1ticas otras, si bien todas ellas pensadas desde una perspectiva funcional y l\u00fadica.<\/p>\n","protected":false},"featured_media":46413,"comment_status":"open","ping_status":"closed","template":"","meta":{"_et_pb_use_builder":"","_et_pb_old_content":"","_et_gb_content_width":""},"product_cat":[11858,11859,11912,11925],"product_tag":[11892],"edicion":[11865],"editoriales":[11867,12203],"tienda":[],"autor_id":[12423,12424,12425],"universidades_coeditoras":[],"palabras_clave":[],"listado_alfabetico":[],"acf":[],"_links":{"self":[{"href":"https:\/\/wizardly-davinci.82-223-8-23.plesk.page\/en\/wp-json\/wp\/v2\/product\/45736"}],"collection":[{"href":"https:\/\/wizardly-davinci.82-223-8-23.plesk.page\/en\/wp-json\/wp\/v2\/product"}],"about":[{"href":"https:\/\/wizardly-davinci.82-223-8-23.plesk.page\/en\/wp-json\/wp\/v2\/types\/product"}],"replies":[{"embeddable":true,"href":"https:\/\/wizardly-davinci.82-223-8-23.plesk.page\/en\/wp-json\/wp\/v2\/comments?post=45736"}],"wp:featuredmedia":[{"embeddable":true,"href":"https:\/\/wizardly-davinci.82-223-8-23.plesk.page\/en\/wp-json\/wp\/v2\/media\/46413"}],"wp:attachment":[{"href":"https:\/\/wizardly-davinci.82-223-8-23.plesk.page\/en\/wp-json\/wp\/v2\/media?parent=45736"}],"wp:term":[{"taxonomy":"product_cat","embeddable":true,"href":"https:\/\/wizardly-davinci.82-223-8-23.plesk.page\/en\/wp-json\/wp\/v2\/product_cat?post=45736"},{"taxonomy":"product_tag","embeddable":true,"href":"https:\/\/wizardly-davinci.82-223-8-23.plesk.page\/en\/wp-json\/wp\/v2\/product_tag?post=45736"},{"taxonomy":"edicion","embeddable":true,"href":"https:\/\/wizardly-davinci.82-223-8-23.plesk.page\/en\/wp-json\/wp\/v2\/edicion?post=45736"},{"taxonomy":"editoriales","embeddable":true,"href":"https:\/\/wizardly-davinci.82-223-8-23.plesk.page\/en\/wp-json\/wp\/v2\/editoriales?post=45736"},{"taxonomy":"tienda","embeddable":true,"href":"https:\/\/wizardly-davinci.82-223-8-23.plesk.page\/en\/wp-json\/wp\/v2\/tienda?post=45736"},{"taxonomy":"autor_id","embeddable":true,"href":"https:\/\/wizardly-davinci.82-223-8-23.plesk.page\/en\/wp-json\/wp\/v2\/autor_id?post=45736"},{"taxonomy":"universidades_coeditoras","embeddable":true,"href":"https:\/\/wizardly-davinci.82-223-8-23.plesk.page\/en\/wp-json\/wp\/v2\/universidades_coeditoras?post=45736"},{"taxonomy":"palabras_clave","embeddable":true,"href":"https:\/\/wizardly-davinci.82-223-8-23.plesk.page\/en\/wp-json\/wp\/v2\/palabras_clave?post=45736"},{"taxonomy":"listado_alfabetico","embeddable":true,"href":"https:\/\/wizardly-davinci.82-223-8-23.plesk.page\/en\/wp-json\/wp\/v2\/listado_alfabetico?post=45736"}],"curies":[{"name":"wp","href":"https:\/\/api.w.org\/{rel}","templated":true}]}}