{"id":45738,"date":"2021-08-01T22:45:12","date_gmt":"2021-08-01T20:45:12","guid":{"rendered":"https:\/\/octaedro.com\/libro\/la-educacion-infantil-en-reggio-emilia\/"},"modified":"2023-04-20T12:08:01","modified_gmt":"2023-04-20T10:08:01","slug":"la-educacion-infantil-en-reggio-emilia","status":"publish","type":"product","link":"https:\/\/wizardly-davinci.82-223-8-23.plesk.page\/en\/producto\/la-educacion-infantil-en-reggio-emilia\/","title":{"rendered":"La educaci\u00f3n infantil en Reggio Emilia"},"content":{"rendered":"<p>El recuerdo de una vieja amistad, de una profunda admiraci\u00f3n, de una rabiosa actualidad pedag\u00f3gica que se proyecta hacia el futuro de la educaci\u00f3n infantil, son algunos de los elementos que han trenzado la aparici\u00f3n de este libro.Curiosamente, pocas veces nos ha costado tanto encontrar un t\u00edtulo: es Malaguzzi, es Reggio, es la infancia y su educaci\u00f3n el eje que vertebra estas p\u00e1ginas. Lo que hay que resaltar de su contenido es una trama o un tejido de ideas, de pensamiento, de historia, de acci\u00f3n&#8230;de dif\u00edcil priorizaci\u00f3n para recoger un t\u00edtulo. \u00a1Hay tanto que decir!Sabemos, de todos modos, que toda trama y todo tejido requieren unas manos, una cabeza y un coraz\u00f3n, una persona que sepa el oficio, y, en este menester, Malaguzzi es un maestro. Su fuerza, su gigantesca capacidad de crear y recrear una pedagog\u00eda a favor de las ni\u00f1as y los ni\u00f1os, nos han hecho sentir la necesidad de poner este libro en vuestras manos.<\/p>\n","protected":false},"excerpt":{"rendered":"<p>El recuerdo de una vieja amistad, de una profunda admiraci\u00f3n, de una rabiosa actualidad pedag\u00f3gica que se proyecta hacia el futuro de la educaci\u00f3n infantil, son algunos de los elementos que han trenzado la aparici\u00f3n de este libro.Curiosamente, pocas veces nos ha costado tanto encontrar un t\u00edtulo: es Malaguzzi, es Reggio, es la infancia y su educaci\u00f3n el eje que vertebra estas p\u00e1ginas. Lo que hay que resaltar de su contenido es una trama o un tejido de ideas, de pensamiento, de historia, de acci\u00f3n&#8230;de dif\u00edcil priorizaci\u00f3n para recoger un t\u00edtulo. \u00a1Hay tanto que decir!Sabemos, de todos modos, que toda trama y todo tejido requieren unas manos, una cabeza y un coraz\u00f3n, una persona que sepa el oficio, y, en este menester, Malaguzzi es un maestro. Su fuerza, su gigantesca capacidad de crear y recrear una pedagog\u00eda a favor de las ni\u00f1as y los ni\u00f1os, nos han hecho sentir la necesidad de poner este libro en vuestras manos.<\/p>\n","protected":false},"featured_media":47825,"comment_status":"open","ping_status":"closed","template":"","meta":{"_et_pb_use_builder":"","_et_pb_old_content":"","_et_gb_content_width":""},"product_cat":[11928,11858,11859,11912],"product_tag":[11892],"edicion":[12199,11865],"editoriales":[11867,12203],"tienda":[],"autor_id":[12427],"universidades_coeditoras":[],"palabras_clave":[],"listado_alfabetico":[],"acf":[],"_links":{"self":[{"href":"https:\/\/wizardly-davinci.82-223-8-23.plesk.page\/en\/wp-json\/wp\/v2\/product\/45738"}],"collection":[{"href":"https:\/\/wizardly-davinci.82-223-8-23.plesk.page\/en\/wp-json\/wp\/v2\/product"}],"about":[{"href":"https:\/\/wizardly-davinci.82-223-8-23.plesk.page\/en\/wp-json\/wp\/v2\/types\/product"}],"replies":[{"embeddable":true,"href":"https:\/\/wizardly-davinci.82-223-8-23.plesk.page\/en\/wp-json\/wp\/v2\/comments?post=45738"}],"wp:featuredmedia":[{"embeddable":true,"href":"https:\/\/wizardly-davinci.82-223-8-23.plesk.page\/en\/wp-json\/wp\/v2\/media\/47825"}],"wp:attachment":[{"href":"https:\/\/wizardly-davinci.82-223-8-23.plesk.page\/en\/wp-json\/wp\/v2\/media?parent=45738"}],"wp:term":[{"taxonomy":"product_cat","embeddable":true,"href":"https:\/\/wizardly-davinci.82-223-8-23.plesk.page\/en\/wp-json\/wp\/v2\/product_cat?post=45738"},{"taxonomy":"product_tag","embeddable":true,"href":"https:\/\/wizardly-davinci.82-223-8-23.plesk.page\/en\/wp-json\/wp\/v2\/product_tag?post=45738"},{"taxonomy":"edicion","embeddable":true,"href":"https:\/\/wizardly-davinci.82-223-8-23.plesk.page\/en\/wp-json\/wp\/v2\/edicion?post=45738"},{"taxonomy":"editoriales","embeddable":true,"href":"https:\/\/wizardly-davinci.82-223-8-23.plesk.page\/en\/wp-json\/wp\/v2\/editoriales?post=45738"},{"taxonomy":"tienda","embeddable":true,"href":"https:\/\/wizardly-davinci.82-223-8-23.plesk.page\/en\/wp-json\/wp\/v2\/tienda?post=45738"},{"taxonomy":"autor_id","embeddable":true,"href":"https:\/\/wizardly-davinci.82-223-8-23.plesk.page\/en\/wp-json\/wp\/v2\/autor_id?post=45738"},{"taxonomy":"universidades_coeditoras","embeddable":true,"href":"https:\/\/wizardly-davinci.82-223-8-23.plesk.page\/en\/wp-json\/wp\/v2\/universidades_coeditoras?post=45738"},{"taxonomy":"palabras_clave","embeddable":true,"href":"https:\/\/wizardly-davinci.82-223-8-23.plesk.page\/en\/wp-json\/wp\/v2\/palabras_clave?post=45738"},{"taxonomy":"listado_alfabetico","embeddable":true,"href":"https:\/\/wizardly-davinci.82-223-8-23.plesk.page\/en\/wp-json\/wp\/v2\/listado_alfabetico?post=45738"}],"curies":[{"name":"wp","href":"https:\/\/api.w.org\/{rel}","templated":true}]}}