{"id":45740,"date":"2021-03-01T22:45:09","date_gmt":"2021-03-01T21:45:09","guid":{"rendered":"https:\/\/octaedro.com\/libro\/vivir-las-matematicas\/"},"modified":"2023-04-20T12:07:06","modified_gmt":"2023-04-20T10:07:06","slug":"vivir-las-matematicas","status":"publish","type":"product","link":"https:\/\/wizardly-davinci.82-223-8-23.plesk.page\/en\/producto\/vivir-las-matematicas\/","title":{"rendered":"Vivir las matem\u00e1ticas"},"content":{"rendered":"<p>Las matem\u00e1ticas en la vida cotidiana de los ni\u00f1os y ni\u00f1as y los juegos matem\u00e1ticos en la escuela conforman el enfoque del libro, y permiten conocer, y sobre todo descubrir, a partir de las m\u00faltiples actividades posibles, los diversos conceptos matem\u00e1ticos que los ni\u00f1os de estas edades pueden hacer suyos.<br \/>\nLa autora nos muestra a un ni\u00f1o capaz, lleno de recursos y de intereses por aprender, un aprender sobre el que siempre quedan interrogantes, sobre c\u00f3mo aprende, y sobre qu\u00e9 o de qui\u00e9n aprende. Y tambi\u00e9n nos muestra a un maestro capaz, capaz de escuchar al ni\u00f1o, de descubrir en su acci\u00f3n todo aquello que permite dar entidad y sentido al proceso de construcci\u00f3n de aprendizajes; en este contexto, de los aprendizajes matem\u00e1ticos.<br \/>\nEs un libro profundo y asequible al mismo tiempo, como el pensamiento de la autora, una maestra de maestras, que con total naturalidad y de manera excepcional combina su formaci\u00f3n en ciencias exactas con una pedagog\u00eda capaz de recoger lo mejor de la tradici\u00f3n para proyectarlo hacia el futuro.<\/p>\n","protected":false},"excerpt":{"rendered":"<p>Las matem\u00e1ticas en la vida cotidiana de los ni\u00f1os y ni\u00f1as y los juegos matem\u00e1ticos en la escuela conforman el enfoque del libro, y permiten conocer, y sobre todo descubrir, a partir de las m\u00faltiples actividades posibles, los diversos conceptos matem\u00e1ticos que los ni\u00f1os de estas edades pueden hacer suyos.<br \/>\nLa autora nos muestra a un ni\u00f1o capaz, lleno de recursos y de intereses por aprender, un aprender sobre el que siempre quedan interrogantes, sobre c\u00f3mo aprende, y sobre qu\u00e9 o de qui\u00e9n aprende. Y tambi\u00e9n nos muestra a un maestro capaz, capaz de escuchar al ni\u00f1o, de descubrir en su acci\u00f3n todo aquello que permite dar entidad y sentido al proceso de construcci\u00f3n de aprendizajes; en este contexto, de los aprendizajes matem\u00e1ticos.<br \/>\nEs un libro profundo y asequible al mismo tiempo, como el pensamiento de la autora, una maestra de maestras, que con total naturalidad y de manera excepcional combina su formaci\u00f3n en ciencias exactas con una pedagog\u00eda capaz de recoger lo mejor de la tradici\u00f3n para proyectarlo hacia el futuro.<\/p>\n","protected":false},"featured_media":46845,"comment_status":"open","ping_status":"closed","template":"","meta":{"_et_pb_use_builder":"","_et_pb_old_content":"","_et_gb_content_width":""},"product_cat":[11928,11899,11858,11859,11912],"product_tag":[11892],"edicion":[12199,11865],"editoriales":[11867,12203],"tienda":[],"autor_id":[12429],"universidades_coeditoras":[],"palabras_clave":[],"listado_alfabetico":[],"acf":[],"_links":{"self":[{"href":"https:\/\/wizardly-davinci.82-223-8-23.plesk.page\/en\/wp-json\/wp\/v2\/product\/45740"}],"collection":[{"href":"https:\/\/wizardly-davinci.82-223-8-23.plesk.page\/en\/wp-json\/wp\/v2\/product"}],"about":[{"href":"https:\/\/wizardly-davinci.82-223-8-23.plesk.page\/en\/wp-json\/wp\/v2\/types\/product"}],"replies":[{"embeddable":true,"href":"https:\/\/wizardly-davinci.82-223-8-23.plesk.page\/en\/wp-json\/wp\/v2\/comments?post=45740"}],"wp:featuredmedia":[{"embeddable":true,"href":"https:\/\/wizardly-davinci.82-223-8-23.plesk.page\/en\/wp-json\/wp\/v2\/media\/46845"}],"wp:attachment":[{"href":"https:\/\/wizardly-davinci.82-223-8-23.plesk.page\/en\/wp-json\/wp\/v2\/media?parent=45740"}],"wp:term":[{"taxonomy":"product_cat","embeddable":true,"href":"https:\/\/wizardly-davinci.82-223-8-23.plesk.page\/en\/wp-json\/wp\/v2\/product_cat?post=45740"},{"taxonomy":"product_tag","embeddable":true,"href":"https:\/\/wizardly-davinci.82-223-8-23.plesk.page\/en\/wp-json\/wp\/v2\/product_tag?post=45740"},{"taxonomy":"edicion","embeddable":true,"href":"https:\/\/wizardly-davinci.82-223-8-23.plesk.page\/en\/wp-json\/wp\/v2\/edicion?post=45740"},{"taxonomy":"editoriales","embeddable":true,"href":"https:\/\/wizardly-davinci.82-223-8-23.plesk.page\/en\/wp-json\/wp\/v2\/editoriales?post=45740"},{"taxonomy":"tienda","embeddable":true,"href":"https:\/\/wizardly-davinci.82-223-8-23.plesk.page\/en\/wp-json\/wp\/v2\/tienda?post=45740"},{"taxonomy":"autor_id","embeddable":true,"href":"https:\/\/wizardly-davinci.82-223-8-23.plesk.page\/en\/wp-json\/wp\/v2\/autor_id?post=45740"},{"taxonomy":"universidades_coeditoras","embeddable":true,"href":"https:\/\/wizardly-davinci.82-223-8-23.plesk.page\/en\/wp-json\/wp\/v2\/universidades_coeditoras?post=45740"},{"taxonomy":"palabras_clave","embeddable":true,"href":"https:\/\/wizardly-davinci.82-223-8-23.plesk.page\/en\/wp-json\/wp\/v2\/palabras_clave?post=45740"},{"taxonomy":"listado_alfabetico","embeddable":true,"href":"https:\/\/wizardly-davinci.82-223-8-23.plesk.page\/en\/wp-json\/wp\/v2\/listado_alfabetico?post=45740"}],"curies":[{"name":"wp","href":"https:\/\/api.w.org\/{rel}","templated":true}]}}