{"id":45742,"date":"2021-02-19T17:14:16","date_gmt":"2021-02-19T17:14:16","guid":{"rendered":"https:\/\/octaedro.com\/libro\/hagamos-las-paces\/"},"modified":"2023-03-08T12:19:03","modified_gmt":"2023-03-08T11:19:03","slug":"hagamos-las-paces","status":"publish","type":"product","link":"https:\/\/wizardly-davinci.82-223-8-23.plesk.page\/en\/producto\/hagamos-las-paces\/","title":{"rendered":"Hagamos las paces"},"content":{"rendered":"","protected":false},"excerpt":{"rendered":"<p>La sensibilidad de los ni\u00f1os y las ni\u00f1as de Infantil no deja de asombrarnos, porque cuando su capacidad de transgredir se une con las estrategias de la construcci\u00f3n de la paz y la no violencia, el progreso humano es imparable y real.<\/p>\n<p>\u00abHagamos las paces\u00bb es la frase que, desde que publicamos el libro, nos acompa\u00f1a en la escuela para sustituir las quejas, las acusaciones y las pataletas. Este programa da voz y protagonismo a la infancia para poder resolver los conflictos que surgen del roce diario y que, si no encuentran una salida positiva, coartan y limitan.<\/p>\n<p>Muchos docentes nos han demostrado su convencimiento de que las relaciones positivas en el aula son el engranaje \u00abque mueve al docente que mueve al grupo que mueve los proyectos que mueven el mundo\u00bb. Es decir, sin un tejido socioafectivo potente, la labor educativa, por muy innovadora que sea, se debilita y decae. Para dar un sentido profundo a lo que realizamos en el aula, tenemos que saber hacer las paces con nosotros, con los otros y con el planeta.<\/p>\n<p>Por ello, el itinerario de mediaci\u00f3n de conflictos que sugerimos se desarrolla mediante propuestas pr\u00e1cticas, l\u00fadicas y vivenciales que no dejan a nadie indiferente y generan momentos de aprendizaje compartido, de dar libertad a la creatividad, de autorregulaci\u00f3n y de crecimiento grupal.<\/p>\n","protected":false},"featured_media":45744,"comment_status":"open","ping_status":"closed","template":"","meta":{"_et_pb_use_builder":"","_et_pb_old_content":"","_et_gb_content_width":""},"product_cat":[11858,11859],"product_tag":[11860],"edicion":[11865],"editoriales":[11867],"tienda":[],"autor_id":[12434,12435,12436,12437],"universidades_coeditoras":[],"palabras_clave":[],"listado_alfabetico":[],"acf":[],"_links":{"self":[{"href":"https:\/\/wizardly-davinci.82-223-8-23.plesk.page\/en\/wp-json\/wp\/v2\/product\/45742"}],"collection":[{"href":"https:\/\/wizardly-davinci.82-223-8-23.plesk.page\/en\/wp-json\/wp\/v2\/product"}],"about":[{"href":"https:\/\/wizardly-davinci.82-223-8-23.plesk.page\/en\/wp-json\/wp\/v2\/types\/product"}],"replies":[{"embeddable":true,"href":"https:\/\/wizardly-davinci.82-223-8-23.plesk.page\/en\/wp-json\/wp\/v2\/comments?post=45742"}],"wp:featuredmedia":[{"embeddable":true,"href":"https:\/\/wizardly-davinci.82-223-8-23.plesk.page\/en\/wp-json\/wp\/v2\/media\/45744"}],"wp:attachment":[{"href":"https:\/\/wizardly-davinci.82-223-8-23.plesk.page\/en\/wp-json\/wp\/v2\/media?parent=45742"}],"wp:term":[{"taxonomy":"product_cat","embeddable":true,"href":"https:\/\/wizardly-davinci.82-223-8-23.plesk.page\/en\/wp-json\/wp\/v2\/product_cat?post=45742"},{"taxonomy":"product_tag","embeddable":true,"href":"https:\/\/wizardly-davinci.82-223-8-23.plesk.page\/en\/wp-json\/wp\/v2\/product_tag?post=45742"},{"taxonomy":"edicion","embeddable":true,"href":"https:\/\/wizardly-davinci.82-223-8-23.plesk.page\/en\/wp-json\/wp\/v2\/edicion?post=45742"},{"taxonomy":"editoriales","embeddable":true,"href":"https:\/\/wizardly-davinci.82-223-8-23.plesk.page\/en\/wp-json\/wp\/v2\/editoriales?post=45742"},{"taxonomy":"tienda","embeddable":true,"href":"https:\/\/wizardly-davinci.82-223-8-23.plesk.page\/en\/wp-json\/wp\/v2\/tienda?post=45742"},{"taxonomy":"autor_id","embeddable":true,"href":"https:\/\/wizardly-davinci.82-223-8-23.plesk.page\/en\/wp-json\/wp\/v2\/autor_id?post=45742"},{"taxonomy":"universidades_coeditoras","embeddable":true,"href":"https:\/\/wizardly-davinci.82-223-8-23.plesk.page\/en\/wp-json\/wp\/v2\/universidades_coeditoras?post=45742"},{"taxonomy":"palabras_clave","embeddable":true,"href":"https:\/\/wizardly-davinci.82-223-8-23.plesk.page\/en\/wp-json\/wp\/v2\/palabras_clave?post=45742"},{"taxonomy":"listado_alfabetico","embeddable":true,"href":"https:\/\/wizardly-davinci.82-223-8-23.plesk.page\/en\/wp-json\/wp\/v2\/listado_alfabetico?post=45742"}],"curies":[{"name":"wp","href":"https:\/\/api.w.org\/{rel}","templated":true}]}}