{"id":45745,"date":"2021-02-19T17:13:31","date_gmt":"2021-02-19T17:13:31","guid":{"rendered":"https:\/\/octaedro.com\/libro\/cada-dia-es-un-buen-dia\/"},"modified":"2023-03-08T12:19:03","modified_gmt":"2023-03-08T11:19:03","slug":"cada-dia-es-un-buen-dia","status":"publish","type":"product","link":"https:\/\/wizardly-davinci.82-223-8-23.plesk.page\/en\/producto\/cada-dia-es-un-buen-dia\/","title":{"rendered":"Cada d\u00eda es un buen d\u00eda"},"content":{"rendered":"","protected":false},"excerpt":{"rendered":"<p>El budismo es una religi\u00f3n sin verdades reveladas que se sustenta en la raz\u00f3n, hasta tal punto que Einstein dijo que el budismo era la \u00fanica religi\u00f3n compatible con la ciencia moderna. Es fundamentalmente una experiencia, una \u00e9tica y una filosof\u00eda que nos propone un modelo de vida que nos aleja del sufrimiento, del desequilibrio de nuestra sociedad actual y nos conduce a una vida m\u00e1s libre y feliz. El autor, combinando las ense\u00f1anzas del budismo con la psicolog\u00eda, nos introduce, con rigor, pero de forma comprensible, en las claves de este singular camino hacia la plena autorrealizaci\u00f3n. A trav\u00e9s de la lectura de este libro conoceremos el nacimiento y expansi\u00f3n del budismo, las ense\u00f1anzas de Buda, el zen, la meditaci\u00f3n, el proceso de conocernos en profundidad, la vida cotidiana en el zen y tambi\u00e9n otras cuestiones fundamentales e inseparables del budismo tales como la Vacuidad, el Karma o el Despertar.<\/p>\n","protected":false},"featured_media":45747,"comment_status":"open","ping_status":"closed","template":"","meta":{"_et_pb_use_builder":"","_et_pb_old_content":"","_et_gb_content_width":""},"product_cat":[11858,11859],"product_tag":[11860],"edicion":[11865],"editoriales":[11867],"tienda":[],"autor_id":[12439],"universidades_coeditoras":[],"palabras_clave":[],"listado_alfabetico":[],"acf":[],"_links":{"self":[{"href":"https:\/\/wizardly-davinci.82-223-8-23.plesk.page\/en\/wp-json\/wp\/v2\/product\/45745"}],"collection":[{"href":"https:\/\/wizardly-davinci.82-223-8-23.plesk.page\/en\/wp-json\/wp\/v2\/product"}],"about":[{"href":"https:\/\/wizardly-davinci.82-223-8-23.plesk.page\/en\/wp-json\/wp\/v2\/types\/product"}],"replies":[{"embeddable":true,"href":"https:\/\/wizardly-davinci.82-223-8-23.plesk.page\/en\/wp-json\/wp\/v2\/comments?post=45745"}],"wp:featuredmedia":[{"embeddable":true,"href":"https:\/\/wizardly-davinci.82-223-8-23.plesk.page\/en\/wp-json\/wp\/v2\/media\/45747"}],"wp:attachment":[{"href":"https:\/\/wizardly-davinci.82-223-8-23.plesk.page\/en\/wp-json\/wp\/v2\/media?parent=45745"}],"wp:term":[{"taxonomy":"product_cat","embeddable":true,"href":"https:\/\/wizardly-davinci.82-223-8-23.plesk.page\/en\/wp-json\/wp\/v2\/product_cat?post=45745"},{"taxonomy":"product_tag","embeddable":true,"href":"https:\/\/wizardly-davinci.82-223-8-23.plesk.page\/en\/wp-json\/wp\/v2\/product_tag?post=45745"},{"taxonomy":"edicion","embeddable":true,"href":"https:\/\/wizardly-davinci.82-223-8-23.plesk.page\/en\/wp-json\/wp\/v2\/edicion?post=45745"},{"taxonomy":"editoriales","embeddable":true,"href":"https:\/\/wizardly-davinci.82-223-8-23.plesk.page\/en\/wp-json\/wp\/v2\/editoriales?post=45745"},{"taxonomy":"tienda","embeddable":true,"href":"https:\/\/wizardly-davinci.82-223-8-23.plesk.page\/en\/wp-json\/wp\/v2\/tienda?post=45745"},{"taxonomy":"autor_id","embeddable":true,"href":"https:\/\/wizardly-davinci.82-223-8-23.plesk.page\/en\/wp-json\/wp\/v2\/autor_id?post=45745"},{"taxonomy":"universidades_coeditoras","embeddable":true,"href":"https:\/\/wizardly-davinci.82-223-8-23.plesk.page\/en\/wp-json\/wp\/v2\/universidades_coeditoras?post=45745"},{"taxonomy":"palabras_clave","embeddable":true,"href":"https:\/\/wizardly-davinci.82-223-8-23.plesk.page\/en\/wp-json\/wp\/v2\/palabras_clave?post=45745"},{"taxonomy":"listado_alfabetico","embeddable":true,"href":"https:\/\/wizardly-davinci.82-223-8-23.plesk.page\/en\/wp-json\/wp\/v2\/listado_alfabetico?post=45745"}],"curies":[{"name":"wp","href":"https:\/\/api.w.org\/{rel}","templated":true}]}}