{"id":45748,"date":"2021-02-19T16:25:24","date_gmt":"2021-02-19T15:25:24","guid":{"rendered":"https:\/\/octaedro.com\/libro\/la-intervencion-de-la-escuela-hospitalaria-en-el-proceso-de-escolarizacion-del-estudiante-en-situacion-de-enfermedad\/"},"modified":"2023-04-24T11:10:24","modified_gmt":"2023-04-24T09:10:24","slug":"la-intervencion-de-la-escuela-hospitalaria-en-el-proceso-de-escolarizacion-del-estudiante-en-situacion-de-enfermedad","status":"publish","type":"product","link":"https:\/\/wizardly-davinci.82-223-8-23.plesk.page\/en\/producto\/la-intervencion-de-la-escuela-hospitalaria-en-el-proceso-de-escolarizacion-del-estudiante-en-situacion-de-enfermedad\/","title":{"rendered":"La intervenci\u00f3n de la escuela hospitalaria en el proceso de escolarizaci\u00f3n del estudiante en situaci\u00f3n de enfermedad"},"content":{"rendered":"","protected":false},"excerpt":{"rendered":"<p>La presente investigaci\u00f3n se refiere a la intervenci\u00f3n de la escuela y aula hospitalarias en el proceso de escolarizaci\u00f3n de ni\u00f1os\/as y j\u00f3venes en situaci\u00f3n de enfermedad, sometidos a hospitalizaci\u00f3n o a tratamientos m\u00e9dicos ambulatorios y domiciliarios.<\/p>\n<p>Se busca dilucidar de qu\u00e9 manera el funcionamiento de la escuela y aula hospitalarias contribuyen a la continuidad de estudios de los escolares con problemas de salud. Se investiga si la acci\u00f3n de ambas instancias educativas est\u00e1 siendo efectiva en el desarrollo de los procesos de ense\u00f1anza-aprendizaje, de modo que evite el desfase escolar y permita el retorno al establecimiento educacional de origen.<\/p>\n<p>Otro objetivo es fortalecer el enfoque inclusivo en la atenci\u00f3n educativa de las escuelas y aulas hospitalarias chilenas, considerando las necesidades reales del estudiante enfermo, tales como mantenerlo ligado al tejido social propio de su edad. Tambi\u00e9n es importante indagar en qu\u00e9 medida la atenci\u00f3n educativa hospitalaria contribuye a mejorar la calidad de vida de ni\u00f1os y j\u00f3venes con problemas de salud.<\/p>\n<p>Los resultados obtenidos indican que la atenci\u00f3n educativa que se imparte en escuelas y aulas hospitalarias chilenas es efectiva. La investigaci\u00f3n verifica que se trata de un tipo de educaci\u00f3n inclusiva, que atiende a todos los ni\u00f1os y j\u00f3venes en situaci\u00f3n de enfermedad del recinto hospitalario, y lo hace en forma colaborativa, donde el trabajo de los profesionales de salud y de educaci\u00f3n se complementa en beneficio de los pacientes-alumnos.<\/p>\n","protected":false},"featured_media":45750,"comment_status":"open","ping_status":"closed","template":"","meta":{"_et_pb_use_builder":"","_et_pb_old_content":"","_et_gb_content_width":""},"product_cat":[11899,11858,11859,11912],"product_tag":[11892],"edicion":[12199,11865],"editoriales":[11867],"tienda":[],"autor_id":[12442],"universidades_coeditoras":[],"palabras_clave":[],"listado_alfabetico":[],"acf":[],"_links":{"self":[{"href":"https:\/\/wizardly-davinci.82-223-8-23.plesk.page\/en\/wp-json\/wp\/v2\/product\/45748"}],"collection":[{"href":"https:\/\/wizardly-davinci.82-223-8-23.plesk.page\/en\/wp-json\/wp\/v2\/product"}],"about":[{"href":"https:\/\/wizardly-davinci.82-223-8-23.plesk.page\/en\/wp-json\/wp\/v2\/types\/product"}],"replies":[{"embeddable":true,"href":"https:\/\/wizardly-davinci.82-223-8-23.plesk.page\/en\/wp-json\/wp\/v2\/comments?post=45748"}],"wp:featuredmedia":[{"embeddable":true,"href":"https:\/\/wizardly-davinci.82-223-8-23.plesk.page\/en\/wp-json\/wp\/v2\/media\/45750"}],"wp:attachment":[{"href":"https:\/\/wizardly-davinci.82-223-8-23.plesk.page\/en\/wp-json\/wp\/v2\/media?parent=45748"}],"wp:term":[{"taxonomy":"product_cat","embeddable":true,"href":"https:\/\/wizardly-davinci.82-223-8-23.plesk.page\/en\/wp-json\/wp\/v2\/product_cat?post=45748"},{"taxonomy":"product_tag","embeddable":true,"href":"https:\/\/wizardly-davinci.82-223-8-23.plesk.page\/en\/wp-json\/wp\/v2\/product_tag?post=45748"},{"taxonomy":"edicion","embeddable":true,"href":"https:\/\/wizardly-davinci.82-223-8-23.plesk.page\/en\/wp-json\/wp\/v2\/edicion?post=45748"},{"taxonomy":"editoriales","embeddable":true,"href":"https:\/\/wizardly-davinci.82-223-8-23.plesk.page\/en\/wp-json\/wp\/v2\/editoriales?post=45748"},{"taxonomy":"tienda","embeddable":true,"href":"https:\/\/wizardly-davinci.82-223-8-23.plesk.page\/en\/wp-json\/wp\/v2\/tienda?post=45748"},{"taxonomy":"autor_id","embeddable":true,"href":"https:\/\/wizardly-davinci.82-223-8-23.plesk.page\/en\/wp-json\/wp\/v2\/autor_id?post=45748"},{"taxonomy":"universidades_coeditoras","embeddable":true,"href":"https:\/\/wizardly-davinci.82-223-8-23.plesk.page\/en\/wp-json\/wp\/v2\/universidades_coeditoras?post=45748"},{"taxonomy":"palabras_clave","embeddable":true,"href":"https:\/\/wizardly-davinci.82-223-8-23.plesk.page\/en\/wp-json\/wp\/v2\/palabras_clave?post=45748"},{"taxonomy":"listado_alfabetico","embeddable":true,"href":"https:\/\/wizardly-davinci.82-223-8-23.plesk.page\/en\/wp-json\/wp\/v2\/listado_alfabetico?post=45748"}],"curies":[{"name":"wp","href":"https:\/\/api.w.org\/{rel}","templated":true}]}}