{"id":45751,"date":"2021-02-18T18:30:04","date_gmt":"2021-02-18T17:30:04","guid":{"rendered":"https:\/\/octaedro.com\/libro\/cuando-los-suenos-hablan\/"},"modified":"2023-04-24T11:06:12","modified_gmt":"2023-04-24T09:06:12","slug":"cuando-los-suenos-hablan","status":"publish","type":"product","link":"https:\/\/wizardly-davinci.82-223-8-23.plesk.page\/en\/producto\/cuando-los-suenos-hablan\/","title":{"rendered":"Cuando los sue\u00f1os hablan"},"content":{"rendered":"<p>Mari\u00e1ngeles es una profesora de Literatura en Secundaria. Se somete a una prueba m\u00e9dica innovadora para curar sus dolores de cabeza cr\u00f3nicos. La prueba consiste en analizar sus sue\u00f1os de los dos \u00faltimos a\u00f1os almacenados en el cerebro, mediante un programa inform\u00e1tico de \u00faltima generaci\u00f3n.<\/p>\n<p>El equipo m\u00e9dico le informa de cu\u00e1les son sus sue\u00f1os predominantes, entre los que le sorprende la presencia de una joven alemana que acapara sus preocupaciones. Indaga si la existencia de esta chica puede tener realidad en su vida diaria y no encuentra rastro alguno que pueda sostener esta hip\u00f3tesis. Termina aceptando una doble vida: la de la realidad con su marido, sus hijos, su familia, sus amigos y su profesi\u00f3n; y la de la ilusi\u00f3n de sus sue\u00f1os. Esto desplaza el tratamiento m\u00e9dico y sit\u00faa el asunto en un juego de creaci\u00f3n literaria.<\/p>\n","protected":false},"excerpt":{"rendered":"<p>Mari\u00e1ngeles es una profesora de Literatura en Secundaria. Se somete a una prueba m\u00e9dica innovadora para curar sus dolores de cabeza cr\u00f3nicos. La prueba consiste en analizar sus sue\u00f1os de los dos \u00faltimos a\u00f1os almacenados en el cerebro, mediante un programa inform\u00e1tico de \u00faltima generaci\u00f3n.<\/p>\n<p>El equipo m\u00e9dico le informa de cu\u00e1les son sus sue\u00f1os predominantes, entre los que le sorprende la presencia de una joven alemana que acapara sus preocupaciones. Indaga si la existencia de esta chica puede tener realidad en su vida diaria y no encuentra rastro alguno que pueda sostener esta hip\u00f3tesis. Termina aceptando una doble vida: la de la realidad con su marido, sus hijos, su familia, sus amigos y su profesi\u00f3n; y la de la ilusi\u00f3n de sus sue\u00f1os. Esto desplaza el tratamiento m\u00e9dico y sit\u00faa el asunto en un juego de creaci\u00f3n literaria.<\/p>\n","protected":false},"featured_media":45752,"comment_status":"open","ping_status":"closed","template":"","meta":{"_et_pb_use_builder":"","_et_pb_old_content":"","_et_gb_content_width":""},"product_cat":[11899,11858,11859,11912],"product_tag":[11892],"edicion":[12199,11865],"editoriales":[11867],"tienda":[],"autor_id":[12444],"universidades_coeditoras":[],"palabras_clave":[],"listado_alfabetico":[],"acf":[],"_links":{"self":[{"href":"https:\/\/wizardly-davinci.82-223-8-23.plesk.page\/en\/wp-json\/wp\/v2\/product\/45751"}],"collection":[{"href":"https:\/\/wizardly-davinci.82-223-8-23.plesk.page\/en\/wp-json\/wp\/v2\/product"}],"about":[{"href":"https:\/\/wizardly-davinci.82-223-8-23.plesk.page\/en\/wp-json\/wp\/v2\/types\/product"}],"replies":[{"embeddable":true,"href":"https:\/\/wizardly-davinci.82-223-8-23.plesk.page\/en\/wp-json\/wp\/v2\/comments?post=45751"}],"wp:featuredmedia":[{"embeddable":true,"href":"https:\/\/wizardly-davinci.82-223-8-23.plesk.page\/en\/wp-json\/wp\/v2\/media\/45752"}],"wp:attachment":[{"href":"https:\/\/wizardly-davinci.82-223-8-23.plesk.page\/en\/wp-json\/wp\/v2\/media?parent=45751"}],"wp:term":[{"taxonomy":"product_cat","embeddable":true,"href":"https:\/\/wizardly-davinci.82-223-8-23.plesk.page\/en\/wp-json\/wp\/v2\/product_cat?post=45751"},{"taxonomy":"product_tag","embeddable":true,"href":"https:\/\/wizardly-davinci.82-223-8-23.plesk.page\/en\/wp-json\/wp\/v2\/product_tag?post=45751"},{"taxonomy":"edicion","embeddable":true,"href":"https:\/\/wizardly-davinci.82-223-8-23.plesk.page\/en\/wp-json\/wp\/v2\/edicion?post=45751"},{"taxonomy":"editoriales","embeddable":true,"href":"https:\/\/wizardly-davinci.82-223-8-23.plesk.page\/en\/wp-json\/wp\/v2\/editoriales?post=45751"},{"taxonomy":"tienda","embeddable":true,"href":"https:\/\/wizardly-davinci.82-223-8-23.plesk.page\/en\/wp-json\/wp\/v2\/tienda?post=45751"},{"taxonomy":"autor_id","embeddable":true,"href":"https:\/\/wizardly-davinci.82-223-8-23.plesk.page\/en\/wp-json\/wp\/v2\/autor_id?post=45751"},{"taxonomy":"universidades_coeditoras","embeddable":true,"href":"https:\/\/wizardly-davinci.82-223-8-23.plesk.page\/en\/wp-json\/wp\/v2\/universidades_coeditoras?post=45751"},{"taxonomy":"palabras_clave","embeddable":true,"href":"https:\/\/wizardly-davinci.82-223-8-23.plesk.page\/en\/wp-json\/wp\/v2\/palabras_clave?post=45751"},{"taxonomy":"listado_alfabetico","embeddable":true,"href":"https:\/\/wizardly-davinci.82-223-8-23.plesk.page\/en\/wp-json\/wp\/v2\/listado_alfabetico?post=45751"}],"curies":[{"name":"wp","href":"https:\/\/api.w.org\/{rel}","templated":true}]}}