{"id":45760,"date":"2021-02-11T10:58:36","date_gmt":"2021-02-11T09:58:36","guid":{"rendered":"https:\/\/octaedro.com\/libro\/la-crueldad-en-la-escuela\/"},"modified":"2023-04-24T11:04:27","modified_gmt":"2023-04-24T09:04:27","slug":"la-crueldad-en-la-escuela","status":"publish","type":"product","link":"https:\/\/wizardly-davinci.82-223-8-23.plesk.page\/en\/producto\/la-crueldad-en-la-escuela\/","title":{"rendered":"La crueldad en la escuela"},"content":{"rendered":"","protected":false},"excerpt":{"rendered":"<p>La escuela <em>m\u00e1s all\u00e1 de lo id\u00edlico<\/em> que tenemos instaurada mentalmente como espacio del saber arm\u00f3nico donde todos acudimos para aprender nuevos conocimientos, recibir afecto y desarrollar valores es un espacio de abuso de la debilidad del otro. El sometimiento f\u00edsico, psicol\u00f3gico y moral est\u00e1n presentes. Ante el pretexto socialmente aceptado de que la educaci\u00f3n exige sacrificio, se consiente la humillaci\u00f3n, el sufrimiento, el maltrato y la violencia. La escuela es un lugar de insensibilidad ante el dolor propio y ajeno, pues no solo se aprende el contenido de la educaci\u00f3n formalmente establecido en los planes y programas de estudios, sino que se aprende a vivir con miedo y odio: miedo de ser humillado y odio por el resentimiento acumulado y reprimido. En la trastienda del <em>para\u00edso<\/em>, se tiene que reconocer que la escuela es un espacio en el cual se vive y se reproduce la crueldad.<\/p>\n<p>La crueldad en la vida escolar se manifiesta a trav\u00e9s de un repertorio de acciones realizadas por los crueles: gritos, amenazas, expresiones sarc\u00e1sticas, humillaciones, castigos, burlas, menosprecios, empujones, desaf\u00edos, descalificaciones, apodos, golpes, iron\u00edas, groser\u00edas, rumores, mentiras y enga\u00f1os. Los crueles se encuentran entre estudiantes, docentes, autoridades escolares, representantes institucionales o padres de familia. La crueldad forma parte del <em>bullying<\/em>, el <em>ciberbullying<\/em>, la pedagog\u00eda negra, el aprendizaje dist\u00f3pico, el <em>mobbing<\/em>, el <em>network mobbing<\/em>, los tiroteos indiscriminados escolares y el terrorismo contra la escuela.<\/p>\n<p>La crueldad la definimos como todo acto humano (auto)destructivo consciente o inconsciente que produce heridas psicol\u00f3gicas, morales y f\u00edsicas al (auto)infligir intimidaciones, humillaciones, maltratos y\/o violencia, cuyo fin es el asesinato simb\u00f3lico, psicol\u00f3gico, moral o real de la persona a quien se dirige: <em>el hombre es, en efecto, el m\u00e1s cruel de todos los animales\u2026<\/em><\/p>\n","protected":false},"featured_media":45761,"comment_status":"open","ping_status":"closed","template":"","meta":{"_et_pb_use_builder":"","_et_pb_old_content":"","_et_gb_content_width":""},"product_cat":[11899,11859,11912,11907],"product_tag":[11892],"edicion":[12199,11865],"editoriales":[11867],"tienda":[],"autor_id":[12456],"universidades_coeditoras":[14884],"palabras_clave":[],"listado_alfabetico":[],"acf":[],"_links":{"self":[{"href":"https:\/\/wizardly-davinci.82-223-8-23.plesk.page\/en\/wp-json\/wp\/v2\/product\/45760"}],"collection":[{"href":"https:\/\/wizardly-davinci.82-223-8-23.plesk.page\/en\/wp-json\/wp\/v2\/product"}],"about":[{"href":"https:\/\/wizardly-davinci.82-223-8-23.plesk.page\/en\/wp-json\/wp\/v2\/types\/product"}],"replies":[{"embeddable":true,"href":"https:\/\/wizardly-davinci.82-223-8-23.plesk.page\/en\/wp-json\/wp\/v2\/comments?post=45760"}],"wp:featuredmedia":[{"embeddable":true,"href":"https:\/\/wizardly-davinci.82-223-8-23.plesk.page\/en\/wp-json\/wp\/v2\/media\/45761"}],"wp:attachment":[{"href":"https:\/\/wizardly-davinci.82-223-8-23.plesk.page\/en\/wp-json\/wp\/v2\/media?parent=45760"}],"wp:term":[{"taxonomy":"product_cat","embeddable":true,"href":"https:\/\/wizardly-davinci.82-223-8-23.plesk.page\/en\/wp-json\/wp\/v2\/product_cat?post=45760"},{"taxonomy":"product_tag","embeddable":true,"href":"https:\/\/wizardly-davinci.82-223-8-23.plesk.page\/en\/wp-json\/wp\/v2\/product_tag?post=45760"},{"taxonomy":"edicion","embeddable":true,"href":"https:\/\/wizardly-davinci.82-223-8-23.plesk.page\/en\/wp-json\/wp\/v2\/edicion?post=45760"},{"taxonomy":"editoriales","embeddable":true,"href":"https:\/\/wizardly-davinci.82-223-8-23.plesk.page\/en\/wp-json\/wp\/v2\/editoriales?post=45760"},{"taxonomy":"tienda","embeddable":true,"href":"https:\/\/wizardly-davinci.82-223-8-23.plesk.page\/en\/wp-json\/wp\/v2\/tienda?post=45760"},{"taxonomy":"autor_id","embeddable":true,"href":"https:\/\/wizardly-davinci.82-223-8-23.plesk.page\/en\/wp-json\/wp\/v2\/autor_id?post=45760"},{"taxonomy":"universidades_coeditoras","embeddable":true,"href":"https:\/\/wizardly-davinci.82-223-8-23.plesk.page\/en\/wp-json\/wp\/v2\/universidades_coeditoras?post=45760"},{"taxonomy":"palabras_clave","embeddable":true,"href":"https:\/\/wizardly-davinci.82-223-8-23.plesk.page\/en\/wp-json\/wp\/v2\/palabras_clave?post=45760"},{"taxonomy":"listado_alfabetico","embeddable":true,"href":"https:\/\/wizardly-davinci.82-223-8-23.plesk.page\/en\/wp-json\/wp\/v2\/listado_alfabetico?post=45760"}],"curies":[{"name":"wp","href":"https:\/\/api.w.org\/{rel}","templated":true}]}}