{"id":45762,"date":"2021-02-06T18:23:53","date_gmt":"2021-02-06T17:23:53","guid":{"rendered":"https:\/\/octaedro.com\/libro\/haciendo-camino\/"},"modified":"2023-04-24T11:16:06","modified_gmt":"2023-04-24T09:16:06","slug":"haciendo-camino","status":"publish","type":"product","link":"https:\/\/wizardly-davinci.82-223-8-23.plesk.page\/en\/producto\/haciendo-camino\/","title":{"rendered":"Haciendo camino"},"content":{"rendered":"","protected":false},"excerpt":{"rendered":"<p>Este libro recoge algunas investigaciones recientes sobre diversos temas de inter\u00e9s y actualidad en el \u00e1mbito de la tecnolog\u00eda educativa, desde el cual se analizan algunas de las aplicaciones educativas que tienen las tecnolog\u00edas de la informaci\u00f3n y la comunicaci\u00f3n (TIC), protagonistas indiscutibles de los procesos de innovaci\u00f3n educativa en todas las etapas de la formaci\u00f3n a lo largo de la vida.<\/p>\n<p>Vamos abordando temas que han centrado investigaciones concretas llevadas a cabo en el marco del programa de Doctorado en Tecnolog\u00eda Educativa que impartimos en la Universidad de Murcia. As\u00ed, recogemos datos de investigaci\u00f3n sobre las TIC como herramientas para la investigaci\u00f3n en Infantil, Primaria o Secundaria; metodolog\u00edas innovadoras, como la clase invertida; datos sobre c\u00f3mo aprenden los estudiantes a trav\u00e9s del an\u00e1lisis de PLE (entornos personales de aprendizaje) o el an\u00e1lisis de su competencia digital; la competencia digital del profesorado; temas de inter\u00e9s educativo y social como el ciberacoso, o temas de actualidad como las tecnolog\u00edas y el g\u00e9nero.<\/p>\n<p>Esperamos que este libro sirva a profesionales de la educaci\u00f3n \u2013presentes y futuros\u2013 para conocer c\u00f3mo es la realidad del uso de tecnolog\u00edas, y a los investigadores que quieran conocer otras investigaciones apoyadas en todo tipo de m\u00e9todos y dise\u00f1os.<\/p>\n","protected":false},"featured_media":45763,"comment_status":"open","ping_status":"closed","template":"","meta":{"_et_pb_use_builder":"","_et_pb_old_content":"","_et_gb_content_width":""},"product_cat":[11899,11913,11859,11907],"product_tag":[11893],"edicion":[12178,11865],"editoriales":[11867],"tienda":[],"autor_id":[12460,12461,12462],"universidades_coeditoras":[14907],"palabras_clave":[],"listado_alfabetico":[],"acf":[],"_links":{"self":[{"href":"https:\/\/wizardly-davinci.82-223-8-23.plesk.page\/en\/wp-json\/wp\/v2\/product\/45762"}],"collection":[{"href":"https:\/\/wizardly-davinci.82-223-8-23.plesk.page\/en\/wp-json\/wp\/v2\/product"}],"about":[{"href":"https:\/\/wizardly-davinci.82-223-8-23.plesk.page\/en\/wp-json\/wp\/v2\/types\/product"}],"replies":[{"embeddable":true,"href":"https:\/\/wizardly-davinci.82-223-8-23.plesk.page\/en\/wp-json\/wp\/v2\/comments?post=45762"}],"wp:featuredmedia":[{"embeddable":true,"href":"https:\/\/wizardly-davinci.82-223-8-23.plesk.page\/en\/wp-json\/wp\/v2\/media\/45763"}],"wp:attachment":[{"href":"https:\/\/wizardly-davinci.82-223-8-23.plesk.page\/en\/wp-json\/wp\/v2\/media?parent=45762"}],"wp:term":[{"taxonomy":"product_cat","embeddable":true,"href":"https:\/\/wizardly-davinci.82-223-8-23.plesk.page\/en\/wp-json\/wp\/v2\/product_cat?post=45762"},{"taxonomy":"product_tag","embeddable":true,"href":"https:\/\/wizardly-davinci.82-223-8-23.plesk.page\/en\/wp-json\/wp\/v2\/product_tag?post=45762"},{"taxonomy":"edicion","embeddable":true,"href":"https:\/\/wizardly-davinci.82-223-8-23.plesk.page\/en\/wp-json\/wp\/v2\/edicion?post=45762"},{"taxonomy":"editoriales","embeddable":true,"href":"https:\/\/wizardly-davinci.82-223-8-23.plesk.page\/en\/wp-json\/wp\/v2\/editoriales?post=45762"},{"taxonomy":"tienda","embeddable":true,"href":"https:\/\/wizardly-davinci.82-223-8-23.plesk.page\/en\/wp-json\/wp\/v2\/tienda?post=45762"},{"taxonomy":"autor_id","embeddable":true,"href":"https:\/\/wizardly-davinci.82-223-8-23.plesk.page\/en\/wp-json\/wp\/v2\/autor_id?post=45762"},{"taxonomy":"universidades_coeditoras","embeddable":true,"href":"https:\/\/wizardly-davinci.82-223-8-23.plesk.page\/en\/wp-json\/wp\/v2\/universidades_coeditoras?post=45762"},{"taxonomy":"palabras_clave","embeddable":true,"href":"https:\/\/wizardly-davinci.82-223-8-23.plesk.page\/en\/wp-json\/wp\/v2\/palabras_clave?post=45762"},{"taxonomy":"listado_alfabetico","embeddable":true,"href":"https:\/\/wizardly-davinci.82-223-8-23.plesk.page\/en\/wp-json\/wp\/v2\/listado_alfabetico?post=45762"}],"curies":[{"name":"wp","href":"https:\/\/api.w.org\/{rel}","templated":true}]}}