{"id":45764,"date":"2021-02-06T13:22:18","date_gmt":"2021-02-06T13:22:18","guid":{"rendered":"https:\/\/octaedro.com\/libro\/explorando-el-tsunami-relacional-de-la-violencia-filioparental\/"},"modified":"2023-03-08T12:19:08","modified_gmt":"2023-03-08T11:19:08","slug":"explorando-el-tsunami-relacional-de-la-violencia-filioparental","status":"publish","type":"product","link":"https:\/\/wizardly-davinci.82-223-8-23.plesk.page\/en\/producto\/explorando-el-tsunami-relacional-de-la-violencia-filioparental\/","title":{"rendered":"Explorando el tsunami relacional de la violencia filioparental"},"content":{"rendered":"","protected":false},"excerpt":{"rendered":"<p>El presente estudio es fruto del trabajo, el aprendizaje y la investigaci\u00f3n llevados a cabo a lo largo de cinco a\u00f1os atendiendo a la infancia, la adolescencia y la familia en el programa Espacio Ariadna de la Fundaci\u00f3n para la Atenci\u00f3n Integral del Menor (FAIM), fundaci\u00f3n en la que trabajo desde 2012. El programa Espacio Ariadna se inici\u00f3 a mediados de 2014 con el prop\u00f3sito de ofrecer un espacio de atenci\u00f3n a familias que transitan por conflictos filioparentales de mayor o menor intensidad, pero que tienen un denominador com\u00fan: las dificultades a la hora de atravesar determinados momentos de su ciclo vital como familia y el sufrimiento de uno o varios de sus miembros.<\/p>\n<p>Esta investigaci\u00f3n nace con el \u00e1nimo de evidenciar el trabajo que realizamos el equipo de profesionales y voluntarios de Espacio Ariadna (del campo de la medicina, la psicolog\u00eda, la educaci\u00f3n social y disciplinas afines a ciencias de la salud y sociales), as\u00ed como de la necesidad de desarrollar modelos de intervenci\u00f3n especializada que atienda no solamente la violencia, sino tambi\u00e9n la compleja realidad que deben afrontar los diversos miembros que conforman cada unidad familiar, lo cual guarda relaci\u00f3n con la necesidad de elaborar propuestas basadas en la evidencia.<\/p>\n<p>Conf\u00edo en que el presente texto estimule al lector, adem\u00e1s de a explorar el estudio y la investigaci\u00f3n, a reflexionar sobre lo que puede subyacer a la violencia y a adoptar una perspectiva relacional que acoja al conjunto familiar, de tal modo que sensibilice miradas e invite a pensar en los modos de atender el malestar relacional de algunas familias.<\/p>\n","protected":false},"featured_media":45765,"comment_status":"open","ping_status":"closed","template":"","meta":{"_et_pb_use_builder":"","_et_pb_old_content":"","_et_gb_content_width":""},"product_cat":[11899,11859,11912,11907,11924],"product_tag":[11892],"edicion":[12199,11865],"editoriales":[11867],"tienda":[],"autor_id":[12246],"universidades_coeditoras":[],"palabras_clave":[],"listado_alfabetico":[],"acf":[],"_links":{"self":[{"href":"https:\/\/wizardly-davinci.82-223-8-23.plesk.page\/en\/wp-json\/wp\/v2\/product\/45764"}],"collection":[{"href":"https:\/\/wizardly-davinci.82-223-8-23.plesk.page\/en\/wp-json\/wp\/v2\/product"}],"about":[{"href":"https:\/\/wizardly-davinci.82-223-8-23.plesk.page\/en\/wp-json\/wp\/v2\/types\/product"}],"replies":[{"embeddable":true,"href":"https:\/\/wizardly-davinci.82-223-8-23.plesk.page\/en\/wp-json\/wp\/v2\/comments?post=45764"}],"wp:featuredmedia":[{"embeddable":true,"href":"https:\/\/wizardly-davinci.82-223-8-23.plesk.page\/en\/wp-json\/wp\/v2\/media\/45765"}],"wp:attachment":[{"href":"https:\/\/wizardly-davinci.82-223-8-23.plesk.page\/en\/wp-json\/wp\/v2\/media?parent=45764"}],"wp:term":[{"taxonomy":"product_cat","embeddable":true,"href":"https:\/\/wizardly-davinci.82-223-8-23.plesk.page\/en\/wp-json\/wp\/v2\/product_cat?post=45764"},{"taxonomy":"product_tag","embeddable":true,"href":"https:\/\/wizardly-davinci.82-223-8-23.plesk.page\/en\/wp-json\/wp\/v2\/product_tag?post=45764"},{"taxonomy":"edicion","embeddable":true,"href":"https:\/\/wizardly-davinci.82-223-8-23.plesk.page\/en\/wp-json\/wp\/v2\/edicion?post=45764"},{"taxonomy":"editoriales","embeddable":true,"href":"https:\/\/wizardly-davinci.82-223-8-23.plesk.page\/en\/wp-json\/wp\/v2\/editoriales?post=45764"},{"taxonomy":"tienda","embeddable":true,"href":"https:\/\/wizardly-davinci.82-223-8-23.plesk.page\/en\/wp-json\/wp\/v2\/tienda?post=45764"},{"taxonomy":"autor_id","embeddable":true,"href":"https:\/\/wizardly-davinci.82-223-8-23.plesk.page\/en\/wp-json\/wp\/v2\/autor_id?post=45764"},{"taxonomy":"universidades_coeditoras","embeddable":true,"href":"https:\/\/wizardly-davinci.82-223-8-23.plesk.page\/en\/wp-json\/wp\/v2\/universidades_coeditoras?post=45764"},{"taxonomy":"palabras_clave","embeddable":true,"href":"https:\/\/wizardly-davinci.82-223-8-23.plesk.page\/en\/wp-json\/wp\/v2\/palabras_clave?post=45764"},{"taxonomy":"listado_alfabetico","embeddable":true,"href":"https:\/\/wizardly-davinci.82-223-8-23.plesk.page\/en\/wp-json\/wp\/v2\/listado_alfabetico?post=45764"}],"curies":[{"name":"wp","href":"https:\/\/api.w.org\/{rel}","templated":true}]}}