{"id":45766,"date":"2021-02-06T11:23:28","date_gmt":"2021-02-06T10:23:28","guid":{"rendered":"https:\/\/octaedro.com\/libro\/el-arte-de-presentar-en-publico-en-la-universidad\/"},"modified":"2023-04-24T12:08:29","modified_gmt":"2023-04-24T10:08:29","slug":"el-arte-de-presentar-en-publico-en-la-universidad","status":"publish","type":"product","link":"https:\/\/wizardly-davinci.82-223-8-23.plesk.page\/en\/producto\/el-arte-de-presentar-en-publico-en-la-universidad\/","title":{"rendered":"El arte de presentar en p\u00fablico en la universidad"},"content":{"rendered":"<p>Hasta principios del siglo XX hablar en p\u00fablico se consideraba un arte, su ense\u00f1anza se orientaba a formar oradores elocuentes. El cambio de paradigma hacia la \u00abrevoluci\u00f3n pragm\u00e1tica\u00bb de la comunicaci\u00f3n supuso considerarla una competencia necesaria, que se desarrolla a trav\u00e9s del aprendizaje y aplica pensamiento, lenguaje y comunicaci\u00f3n.<\/p>\n<p>\u00bfQu\u00e9 es competencia comunicativa oral? \u00bfQu\u00e9 responsabilidad tiene la universidad para promoverla? \u00bfC\u00f3mo favorecer el desarrollo de referentes y contextos comunicativos de impacto colectivo? \u00bfC\u00f3mo facilitar la innovaci\u00f3n docente a partir del desarrollo competencial comunicativo en los nuevos contextos digitales? Se presentan aqu\u00ed herramientas y estrategias para la acci\u00f3n formativa y el desarrollo competencial comunicativo oral en el \u00e1mbito universitario.<\/p>\n<p>La primera parte del libro reflexiona sobre las aportaciones y programas como herramientas de intervenci\u00f3n educativa. El segundo bloque recoge experiencias y aportaciones de docentes que han experimentado un proceso de transformaci\u00f3n y mejora competencial comunicativa oral y valoran los resultados obtenidos. El tercer bloque estudia la evaluaci\u00f3n como herramienta de innovaci\u00f3n y transferencia social, y su aplicaci\u00f3n a los nuevos entornos digitales y a las nuevas herramientas pedag\u00f3gicas y tecnol\u00f3gicas.<\/p>\n<p>Este libro se dirige, en general, a todas las personas interesadas en la educaci\u00f3n y en c\u00f3mo abordar una competencia transversal de alto impacto en el entorno personal, social, acad\u00e9mico y profesional.<\/p>\n","protected":false},"excerpt":{"rendered":"<p>Hasta principios del siglo XX hablar en p\u00fablico se consideraba un arte, su ense\u00f1anza se orientaba a formar oradores elocuentes. El cambio de paradigma hacia la \u00abrevoluci\u00f3n pragm\u00e1tica\u00bb de la comunicaci\u00f3n supuso considerarla una competencia necesaria, que se desarrolla a trav\u00e9s del aprendizaje y aplica pensamiento, lenguaje y comunicaci\u00f3n.<\/p>\n<p>\u00bfQu\u00e9 es competencia comunicativa oral? \u00bfQu\u00e9 responsabilidad tiene la universidad para promoverla? \u00bfC\u00f3mo favorecer el desarrollo de referentes y contextos comunicativos de impacto colectivo? \u00bfC\u00f3mo facilitar la innovaci\u00f3n docente a partir del desarrollo competencial comunicativo en los nuevos contextos digitales? Se presentan aqu\u00ed herramientas y estrategias para la acci\u00f3n formativa y el desarrollo competencial comunicativo oral en el \u00e1mbito universitario.<\/p>\n<p>La primera parte del libro reflexiona sobre las aportaciones y programas como herramientas de intervenci\u00f3n educativa. El segundo bloque recoge experiencias y aportaciones de docentes que han experimentado un proceso de transformaci\u00f3n y mejora competencial comunicativa oral y valoran los resultados obtenidos. El tercer bloque estudia la evaluaci\u00f3n como herramienta de innovaci\u00f3n y transferencia social, y su aplicaci\u00f3n a los nuevos entornos digitales y a las nuevas herramientas pedag\u00f3gicas y tecnol\u00f3gicas.<\/p>\n<p>Este libro se dirige, en general, a todas las personas interesadas en la educaci\u00f3n y en c\u00f3mo abordar una competencia transversal de alto impacto en el entorno personal, social, acad\u00e9mico y profesional.<\/p>\n","protected":false},"featured_media":45767,"comment_status":"open","ping_status":"closed","template":"","meta":{"_et_pb_use_builder":"","_et_pb_old_content":"","_et_gb_content_width":""},"product_cat":[11899,11859,11912,11907,11908],"product_tag":[11892],"edicion":[12199,11865],"editoriales":[11867,12224],"tienda":[],"autor_id":[12466,12467],"universidades_coeditoras":[],"palabras_clave":[],"listado_alfabetico":[],"acf":[],"_links":{"self":[{"href":"https:\/\/wizardly-davinci.82-223-8-23.plesk.page\/en\/wp-json\/wp\/v2\/product\/45766"}],"collection":[{"href":"https:\/\/wizardly-davinci.82-223-8-23.plesk.page\/en\/wp-json\/wp\/v2\/product"}],"about":[{"href":"https:\/\/wizardly-davinci.82-223-8-23.plesk.page\/en\/wp-json\/wp\/v2\/types\/product"}],"replies":[{"embeddable":true,"href":"https:\/\/wizardly-davinci.82-223-8-23.plesk.page\/en\/wp-json\/wp\/v2\/comments?post=45766"}],"wp:featuredmedia":[{"embeddable":true,"href":"https:\/\/wizardly-davinci.82-223-8-23.plesk.page\/en\/wp-json\/wp\/v2\/media\/45767"}],"wp:attachment":[{"href":"https:\/\/wizardly-davinci.82-223-8-23.plesk.page\/en\/wp-json\/wp\/v2\/media?parent=45766"}],"wp:term":[{"taxonomy":"product_cat","embeddable":true,"href":"https:\/\/wizardly-davinci.82-223-8-23.plesk.page\/en\/wp-json\/wp\/v2\/product_cat?post=45766"},{"taxonomy":"product_tag","embeddable":true,"href":"https:\/\/wizardly-davinci.82-223-8-23.plesk.page\/en\/wp-json\/wp\/v2\/product_tag?post=45766"},{"taxonomy":"edicion","embeddable":true,"href":"https:\/\/wizardly-davinci.82-223-8-23.plesk.page\/en\/wp-json\/wp\/v2\/edicion?post=45766"},{"taxonomy":"editoriales","embeddable":true,"href":"https:\/\/wizardly-davinci.82-223-8-23.plesk.page\/en\/wp-json\/wp\/v2\/editoriales?post=45766"},{"taxonomy":"tienda","embeddable":true,"href":"https:\/\/wizardly-davinci.82-223-8-23.plesk.page\/en\/wp-json\/wp\/v2\/tienda?post=45766"},{"taxonomy":"autor_id","embeddable":true,"href":"https:\/\/wizardly-davinci.82-223-8-23.plesk.page\/en\/wp-json\/wp\/v2\/autor_id?post=45766"},{"taxonomy":"universidades_coeditoras","embeddable":true,"href":"https:\/\/wizardly-davinci.82-223-8-23.plesk.page\/en\/wp-json\/wp\/v2\/universidades_coeditoras?post=45766"},{"taxonomy":"palabras_clave","embeddable":true,"href":"https:\/\/wizardly-davinci.82-223-8-23.plesk.page\/en\/wp-json\/wp\/v2\/palabras_clave?post=45766"},{"taxonomy":"listado_alfabetico","embeddable":true,"href":"https:\/\/wizardly-davinci.82-223-8-23.plesk.page\/en\/wp-json\/wp\/v2\/listado_alfabetico?post=45766"}],"curies":[{"name":"wp","href":"https:\/\/api.w.org\/{rel}","templated":true}]}}