{"id":45768,"date":"2021-02-03T17:07:28","date_gmt":"2021-02-03T16:07:28","guid":{"rendered":"https:\/\/octaedro.com\/libro\/instagramming\/"},"modified":"2023-04-24T12:05:46","modified_gmt":"2023-04-24T10:05:46","slug":"instagramming","status":"publish","type":"product","link":"https:\/\/wizardly-davinci.82-223-8-23.plesk.page\/en\/producto\/instagramming\/","title":{"rendered":"Instagramming"},"content":{"rendered":"","protected":false},"excerpt":{"rendered":"<p style=\"text-align: justify;\">En la \u00faltima d\u00e9cada, Instagram ha pasado de ser un mero repositorio de im\u00e1genes a una red social de amplio reconocimiento, hasta convertirse en parte importante de las nuevas culturas digitales internacionales. Las caracter\u00edsticas propias de esta plataforma, sus configuraciones, prestaciones y funcionalidades, han dado lugar a fen\u00f3menos medi\u00e1ticos y digitales de gran inter\u00e9s. En este sentido, Instagram ha replanteado fen\u00f3menos digitales como la (auto)representaci\u00f3n, la influencia digital y el activismo en red, por medio de una constante adecuaci\u00f3n a las nuevas generaciones y necesidades de los usuarios. Una de las claves de su \u00e9xito radica en la amplia disponibilidad de elementos comunicativos que fomentan la interacci\u00f3n y la creatividad, adaptando formatos preexistentes en otras plataformas. Estas caracter\u00edsticas, que cimientan la cultura del contenido generado por el usuario, crean tambi\u00e9n un contexto donde se desarrollan usos problem\u00e1ticos relacionados con las posibilidades de la plataforma para la manipulaci\u00f3n de la informaci\u00f3n o la privacidad, entre otros.<\/p>\n<p style=\"text-align: justify;\">Este trabajo explora las singularidades de esta red, de acuerdo con el modo en que se construyen y difunden tem\u00e1ticas propias del siglo XXI. Desde un an\u00e1lisis de los temas que marcan tendencia en Instagram, las autoras describen algunas de sus pr\u00e1cticas sociales, cuyas implicaciones van m\u00e1s all\u00e1 de la esfera digital. Por la novedad de su tem\u00e1tica, <em>Instagramming. Temas, t\u00f3picos y tendencias<\/em> es una obra emergente de inter\u00e9s para estudiantes, acad\u00e9micos y profesionales de los medios de comunicaci\u00f3n.<\/p>\n","protected":false},"featured_media":45769,"comment_status":"open","ping_status":"closed","template":"","meta":{"_et_pb_use_builder":"","_et_pb_old_content":"","_et_gb_content_width":""},"product_cat":[11899,11913,11859,11907],"product_tag":[11893],"edicion":[12178,11865],"editoriales":[11867],"tienda":[],"autor_id":[12472,12473,12474,12475],"universidades_coeditoras":[12476],"palabras_clave":[],"listado_alfabetico":[],"acf":[],"_links":{"self":[{"href":"https:\/\/wizardly-davinci.82-223-8-23.plesk.page\/en\/wp-json\/wp\/v2\/product\/45768"}],"collection":[{"href":"https:\/\/wizardly-davinci.82-223-8-23.plesk.page\/en\/wp-json\/wp\/v2\/product"}],"about":[{"href":"https:\/\/wizardly-davinci.82-223-8-23.plesk.page\/en\/wp-json\/wp\/v2\/types\/product"}],"replies":[{"embeddable":true,"href":"https:\/\/wizardly-davinci.82-223-8-23.plesk.page\/en\/wp-json\/wp\/v2\/comments?post=45768"}],"wp:featuredmedia":[{"embeddable":true,"href":"https:\/\/wizardly-davinci.82-223-8-23.plesk.page\/en\/wp-json\/wp\/v2\/media\/45769"}],"wp:attachment":[{"href":"https:\/\/wizardly-davinci.82-223-8-23.plesk.page\/en\/wp-json\/wp\/v2\/media?parent=45768"}],"wp:term":[{"taxonomy":"product_cat","embeddable":true,"href":"https:\/\/wizardly-davinci.82-223-8-23.plesk.page\/en\/wp-json\/wp\/v2\/product_cat?post=45768"},{"taxonomy":"product_tag","embeddable":true,"href":"https:\/\/wizardly-davinci.82-223-8-23.plesk.page\/en\/wp-json\/wp\/v2\/product_tag?post=45768"},{"taxonomy":"edicion","embeddable":true,"href":"https:\/\/wizardly-davinci.82-223-8-23.plesk.page\/en\/wp-json\/wp\/v2\/edicion?post=45768"},{"taxonomy":"editoriales","embeddable":true,"href":"https:\/\/wizardly-davinci.82-223-8-23.plesk.page\/en\/wp-json\/wp\/v2\/editoriales?post=45768"},{"taxonomy":"tienda","embeddable":true,"href":"https:\/\/wizardly-davinci.82-223-8-23.plesk.page\/en\/wp-json\/wp\/v2\/tienda?post=45768"},{"taxonomy":"autor_id","embeddable":true,"href":"https:\/\/wizardly-davinci.82-223-8-23.plesk.page\/en\/wp-json\/wp\/v2\/autor_id?post=45768"},{"taxonomy":"universidades_coeditoras","embeddable":true,"href":"https:\/\/wizardly-davinci.82-223-8-23.plesk.page\/en\/wp-json\/wp\/v2\/universidades_coeditoras?post=45768"},{"taxonomy":"palabras_clave","embeddable":true,"href":"https:\/\/wizardly-davinci.82-223-8-23.plesk.page\/en\/wp-json\/wp\/v2\/palabras_clave?post=45768"},{"taxonomy":"listado_alfabetico","embeddable":true,"href":"https:\/\/wizardly-davinci.82-223-8-23.plesk.page\/en\/wp-json\/wp\/v2\/listado_alfabetico?post=45768"}],"curies":[{"name":"wp","href":"https:\/\/api.w.org\/{rel}","templated":true}]}}