{"id":45770,"date":"2021-02-03T11:44:57","date_gmt":"2021-02-03T10:44:57","guid":{"rendered":"https:\/\/octaedro.com\/libro\/curriculum-alfamed-de-formacion-de-profesores-en-educacion-mediatica\/"},"modified":"2023-04-24T11:13:11","modified_gmt":"2023-04-24T09:13:11","slug":"curriculum-alfamed-de-formacion-de-profesores-en-educacion-mediatica","status":"publish","type":"product","link":"https:\/\/wizardly-davinci.82-223-8-23.plesk.page\/en\/producto\/curriculum-alfamed-de-formacion-de-profesores-en-educacion-mediatica\/","title":{"rendered":"Curr\u00edculum Alfamed de formaci\u00f3n de profesores en educaci\u00f3n medi\u00e1tica"},"content":{"rendered":"","protected":false},"excerpt":{"rendered":"<p>La presente obra constituye una gu\u00eda te\u00f3rico-pr\u00e1ctica actualizada de las competencias medi\u00e1ticas e informaciones que necesitan los educadores para afrontar los retos que caracterizan la era post-COVID-19. Es un manual did\u00e1ctico pensado para este nuevo mundo donde irrumpe con fuerza la virtualizaci\u00f3n de las interacciones, acelerando la innovaci\u00f3n educativa en el confinamiento global, acentuando las desigualdades existentes y obligando al sistema educativo a reinventarse de manera urgente.<\/p>\n<p>Afrontar los retos que suponen la continua transformaci\u00f3n medi\u00e1tica, la difusi\u00f3n de informaciones falsas sin control, el nuevo rol de los usuarios, m\u00faltiple y cambiante, y la generaci\u00f3n de los personajes protag\u00f3nicos de las redes, los <em>influencers<\/em>, entre otros aspectos, exige una formaci\u00f3n espec\u00edfica que disminuya la brecha existente entre los procesos de ense\u00f1anza-aprendizaje y los cambios que se est\u00e1n dando en la sociedad. As\u00ed, el presente curr\u00edculum aborda de una forma concreta y adecuada al perfil de los docentes las competencias que cualquier educador, independientemente del nivel y de la asignatura que imparta, deber\u00eda desarrollar para poder formar a su alumnado, atendiendo a los desaf\u00edos que nos impone la sociedad digitalizada y lograr, de este modo, que se desenvuelva eficazmente en ella.<\/p>\n<p>Este texto es una obra colectiva, producto de investigaciones y experiencias de los miembros de Alfamed, Red Euroamericana de Investigadores en Educomunicaci\u00f3n. Desde una visi\u00f3n plural, multicultural y diversa, se ofrece un programa global de formaci\u00f3n de profesores en educaci\u00f3n medi\u00e1tica que ampl\u00eda y actualiza el Curriculum MIL Unesco para los retos pospand\u00e9micos de la tercera d\u00e9cada de este siglo. Participan un total de 22 investigadores de 12 pa\u00edses de Am\u00e9rica y Europa (Espa\u00f1a, Ecuador, Bolivia, Chile, M\u00e9xico, Portugal, Italia, Colombia, Brasil, Venezuela, Costa Rica, Argentina).<\/p>\n","protected":false},"featured_media":45771,"comment_status":"open","ping_status":"closed","template":"","meta":{"_et_pb_use_builder":"","_et_pb_old_content":"","_et_gb_content_width":""},"product_cat":[11899,11913,11859,11907],"product_tag":[11893],"edicion":[12178,11865],"editoriales":[11867],"tienda":[],"autor_id":[12479,12480,12474],"universidades_coeditoras":[12476],"palabras_clave":[],"listado_alfabetico":[],"acf":[],"_links":{"self":[{"href":"https:\/\/wizardly-davinci.82-223-8-23.plesk.page\/en\/wp-json\/wp\/v2\/product\/45770"}],"collection":[{"href":"https:\/\/wizardly-davinci.82-223-8-23.plesk.page\/en\/wp-json\/wp\/v2\/product"}],"about":[{"href":"https:\/\/wizardly-davinci.82-223-8-23.plesk.page\/en\/wp-json\/wp\/v2\/types\/product"}],"replies":[{"embeddable":true,"href":"https:\/\/wizardly-davinci.82-223-8-23.plesk.page\/en\/wp-json\/wp\/v2\/comments?post=45770"}],"wp:featuredmedia":[{"embeddable":true,"href":"https:\/\/wizardly-davinci.82-223-8-23.plesk.page\/en\/wp-json\/wp\/v2\/media\/45771"}],"wp:attachment":[{"href":"https:\/\/wizardly-davinci.82-223-8-23.plesk.page\/en\/wp-json\/wp\/v2\/media?parent=45770"}],"wp:term":[{"taxonomy":"product_cat","embeddable":true,"href":"https:\/\/wizardly-davinci.82-223-8-23.plesk.page\/en\/wp-json\/wp\/v2\/product_cat?post=45770"},{"taxonomy":"product_tag","embeddable":true,"href":"https:\/\/wizardly-davinci.82-223-8-23.plesk.page\/en\/wp-json\/wp\/v2\/product_tag?post=45770"},{"taxonomy":"edicion","embeddable":true,"href":"https:\/\/wizardly-davinci.82-223-8-23.plesk.page\/en\/wp-json\/wp\/v2\/edicion?post=45770"},{"taxonomy":"editoriales","embeddable":true,"href":"https:\/\/wizardly-davinci.82-223-8-23.plesk.page\/en\/wp-json\/wp\/v2\/editoriales?post=45770"},{"taxonomy":"tienda","embeddable":true,"href":"https:\/\/wizardly-davinci.82-223-8-23.plesk.page\/en\/wp-json\/wp\/v2\/tienda?post=45770"},{"taxonomy":"autor_id","embeddable":true,"href":"https:\/\/wizardly-davinci.82-223-8-23.plesk.page\/en\/wp-json\/wp\/v2\/autor_id?post=45770"},{"taxonomy":"universidades_coeditoras","embeddable":true,"href":"https:\/\/wizardly-davinci.82-223-8-23.plesk.page\/en\/wp-json\/wp\/v2\/universidades_coeditoras?post=45770"},{"taxonomy":"palabras_clave","embeddable":true,"href":"https:\/\/wizardly-davinci.82-223-8-23.plesk.page\/en\/wp-json\/wp\/v2\/palabras_clave?post=45770"},{"taxonomy":"listado_alfabetico","embeddable":true,"href":"https:\/\/wizardly-davinci.82-223-8-23.plesk.page\/en\/wp-json\/wp\/v2\/listado_alfabetico?post=45770"}],"curies":[{"name":"wp","href":"https:\/\/api.w.org\/{rel}","templated":true}]}}