{"id":45772,"date":"2021-02-03T09:43:04","date_gmt":"2021-02-03T08:43:04","guid":{"rendered":"https:\/\/octaedro.com\/libro\/gestion-de-la-convivencia\/"},"modified":"2023-04-24T11:35:06","modified_gmt":"2023-04-24T09:35:06","slug":"gestion-de-la-convivencia","status":"publish","type":"product","link":"https:\/\/wizardly-davinci.82-223-8-23.plesk.page\/en\/producto\/gestion-de-la-convivencia\/","title":{"rendered":"Gesti\u00f3n de la convivencia"},"content":{"rendered":"","protected":false},"excerpt":{"rendered":"<p><span data-contrast=\"none\">Nuestro mundo es cada vez m\u00e1<\/span><span data-contrast=\"none\">s complejo, se encuentra tensionado por dos fuerzas: una globalizadora, que impone una uniformidad, y otra donde la diversidad, por voz de sus colectivos, reivindica su presencia, visibilizaci\u00f3n y derechos.\u00a0\u00a0<\/span><span data-ccp-props=\"{&quot;201341983&quot;:0,&quot;335559740&quot;:288}\">\u00a0<\/span><\/p>\n<p><span data-contrast=\"none\">En este libro no aventuramos el futuro, sino qu<\/span><span data-contrast=\"none\">e abordamos las herramientas y estrategias para el presente. El gran reto de hoy es alcanzar la convivencia. Para ello debemos entender los conflictos, saber c\u00f3mo gestionarlos, qu\u00e9 herramientas individuales y colectivas podemos implementar, y, por \u00faltimo, <\/span><span data-contrast=\"none\">tomar perspectiva sobre sus efectos en el conjunto de la sociedad: la migraci\u00f3n, la igualdad entre sexos, los modelos territoriales, c\u00f3mo abordar el hecho religioso.<\/span><span data-ccp-props=\"{&quot;201341983&quot;:0,&quot;335559740&quot;:288}\">\u00a0<\/span><\/p>\n<p><span data-contrast=\"none\">De este modo, a lo largo de cuatro cap\u00edtulos recogemos numerosas herramientas, ejemplos de<\/span><span data-contrast=\"none\"> casos y reflexiones aplicables a todos los \u00e1mbitos en los que convivimos: nuestro interior, la pareja, el hogar, la familia, el trabajo y la sociedad.<\/span><span data-ccp-props=\"{&quot;201341983&quot;:0,&quot;335559740&quot;:288}\">\u00a0<\/span><\/p>\n","protected":false},"featured_media":45773,"comment_status":"open","ping_status":"closed","template":"","meta":{"_et_pb_use_builder":"","_et_pb_old_content":"","_et_gb_content_width":""},"product_cat":[11899,11859,11912,11907],"product_tag":[11892],"edicion":[12199,11865],"editoriales":[11867],"tienda":[],"autor_id":[12485,12486,12487,12488],"universidades_coeditoras":[],"palabras_clave":[],"listado_alfabetico":[],"acf":[],"_links":{"self":[{"href":"https:\/\/wizardly-davinci.82-223-8-23.plesk.page\/en\/wp-json\/wp\/v2\/product\/45772"}],"collection":[{"href":"https:\/\/wizardly-davinci.82-223-8-23.plesk.page\/en\/wp-json\/wp\/v2\/product"}],"about":[{"href":"https:\/\/wizardly-davinci.82-223-8-23.plesk.page\/en\/wp-json\/wp\/v2\/types\/product"}],"replies":[{"embeddable":true,"href":"https:\/\/wizardly-davinci.82-223-8-23.plesk.page\/en\/wp-json\/wp\/v2\/comments?post=45772"}],"wp:featuredmedia":[{"embeddable":true,"href":"https:\/\/wizardly-davinci.82-223-8-23.plesk.page\/en\/wp-json\/wp\/v2\/media\/45773"}],"wp:attachment":[{"href":"https:\/\/wizardly-davinci.82-223-8-23.plesk.page\/en\/wp-json\/wp\/v2\/media?parent=45772"}],"wp:term":[{"taxonomy":"product_cat","embeddable":true,"href":"https:\/\/wizardly-davinci.82-223-8-23.plesk.page\/en\/wp-json\/wp\/v2\/product_cat?post=45772"},{"taxonomy":"product_tag","embeddable":true,"href":"https:\/\/wizardly-davinci.82-223-8-23.plesk.page\/en\/wp-json\/wp\/v2\/product_tag?post=45772"},{"taxonomy":"edicion","embeddable":true,"href":"https:\/\/wizardly-davinci.82-223-8-23.plesk.page\/en\/wp-json\/wp\/v2\/edicion?post=45772"},{"taxonomy":"editoriales","embeddable":true,"href":"https:\/\/wizardly-davinci.82-223-8-23.plesk.page\/en\/wp-json\/wp\/v2\/editoriales?post=45772"},{"taxonomy":"tienda","embeddable":true,"href":"https:\/\/wizardly-davinci.82-223-8-23.plesk.page\/en\/wp-json\/wp\/v2\/tienda?post=45772"},{"taxonomy":"autor_id","embeddable":true,"href":"https:\/\/wizardly-davinci.82-223-8-23.plesk.page\/en\/wp-json\/wp\/v2\/autor_id?post=45772"},{"taxonomy":"universidades_coeditoras","embeddable":true,"href":"https:\/\/wizardly-davinci.82-223-8-23.plesk.page\/en\/wp-json\/wp\/v2\/universidades_coeditoras?post=45772"},{"taxonomy":"palabras_clave","embeddable":true,"href":"https:\/\/wizardly-davinci.82-223-8-23.plesk.page\/en\/wp-json\/wp\/v2\/palabras_clave?post=45772"},{"taxonomy":"listado_alfabetico","embeddable":true,"href":"https:\/\/wizardly-davinci.82-223-8-23.plesk.page\/en\/wp-json\/wp\/v2\/listado_alfabetico?post=45772"}],"curies":[{"name":"wp","href":"https:\/\/api.w.org\/{rel}","templated":true}]}}