{"id":45774,"date":"2021-02-02T20:45:27","date_gmt":"2021-02-02T19:45:27","guid":{"rendered":"https:\/\/octaedro.com\/libro\/educacion-inclusiva-y-atencion-a-la-diversidad\/"},"modified":"2023-04-24T11:14:06","modified_gmt":"2023-04-24T09:14:06","slug":"educacion-inclusiva-y-atencion-a-la-diversidad","status":"publish","type":"product","link":"https:\/\/wizardly-davinci.82-223-8-23.plesk.page\/en\/producto\/educacion-inclusiva-y-atencion-a-la-diversidad\/","title":{"rendered":"Educacio\u0301n inclusiva y atencio\u0301n a la diversidad"},"content":{"rendered":"","protected":false},"excerpt":{"rendered":"<p>Actualmente, la educaci\u00f3n inclusiva constituye una de las prioridades de la agenda pol\u00edtica global delimitada para el horizonte temporal de 2030 y representa un enorme desaf\u00edo para los sistemas educativos, que deben concentrar sus esfuerzos en establecer unos pilares consistentes con los que cumplir con \u00e9xito la tarea de educar en la diversidad, colaborando en la superaci\u00f3n de la desigualdad y la injusticia social, y configurando, as\u00ed, un tejido socioeducativo m\u00e1s equilibrado.<\/p>\n<p>Poner en pr\u00e1ctica una educaci\u00f3n inclusiva exige responsabilidades a todos los niveles, desde las instituciones educativas hasta las comunidades, los servicios p\u00fablicos y la ciudadan\u00eda en general. La psicopedagog\u00eda, encargada de valorar con rigor los procesos de aprendizaje de cara a delimitar aquellas medidas educativas que mejor contribuyan a una educaci\u00f3n de excelencia y de calidad, es una de las disciplinas que m\u00e1s se est\u00e1 beneficiando de los planteamientos del paradigma de la educaci\u00f3n inclusiva. Y esta es la pretensi\u00f3n esencial de esta obra: presentar la educaci\u00f3n inclusiva como parte consustancial de la psicopedagog\u00eda y fortalecer en los profesionales, el compromiso de trabajar el empoderamiento y el autoconcepto positivo en las personas con diversidad, en aras de la plena inclusi\u00f3n.<\/p>\n","protected":false},"featured_media":45775,"comment_status":"open","ping_status":"closed","template":"","meta":{"_et_pb_use_builder":"","_et_pb_old_content":"","_et_gb_content_width":""},"product_cat":[11899,11913,11859,11907],"product_tag":[11893],"edicion":[12178,11865],"editoriales":[11867],"tienda":[],"autor_id":[12491,12492],"universidades_coeditoras":[12338],"palabras_clave":[],"listado_alfabetico":[],"acf":[],"_links":{"self":[{"href":"https:\/\/wizardly-davinci.82-223-8-23.plesk.page\/en\/wp-json\/wp\/v2\/product\/45774"}],"collection":[{"href":"https:\/\/wizardly-davinci.82-223-8-23.plesk.page\/en\/wp-json\/wp\/v2\/product"}],"about":[{"href":"https:\/\/wizardly-davinci.82-223-8-23.plesk.page\/en\/wp-json\/wp\/v2\/types\/product"}],"replies":[{"embeddable":true,"href":"https:\/\/wizardly-davinci.82-223-8-23.plesk.page\/en\/wp-json\/wp\/v2\/comments?post=45774"}],"wp:featuredmedia":[{"embeddable":true,"href":"https:\/\/wizardly-davinci.82-223-8-23.plesk.page\/en\/wp-json\/wp\/v2\/media\/45775"}],"wp:attachment":[{"href":"https:\/\/wizardly-davinci.82-223-8-23.plesk.page\/en\/wp-json\/wp\/v2\/media?parent=45774"}],"wp:term":[{"taxonomy":"product_cat","embeddable":true,"href":"https:\/\/wizardly-davinci.82-223-8-23.plesk.page\/en\/wp-json\/wp\/v2\/product_cat?post=45774"},{"taxonomy":"product_tag","embeddable":true,"href":"https:\/\/wizardly-davinci.82-223-8-23.plesk.page\/en\/wp-json\/wp\/v2\/product_tag?post=45774"},{"taxonomy":"edicion","embeddable":true,"href":"https:\/\/wizardly-davinci.82-223-8-23.plesk.page\/en\/wp-json\/wp\/v2\/edicion?post=45774"},{"taxonomy":"editoriales","embeddable":true,"href":"https:\/\/wizardly-davinci.82-223-8-23.plesk.page\/en\/wp-json\/wp\/v2\/editoriales?post=45774"},{"taxonomy":"tienda","embeddable":true,"href":"https:\/\/wizardly-davinci.82-223-8-23.plesk.page\/en\/wp-json\/wp\/v2\/tienda?post=45774"},{"taxonomy":"autor_id","embeddable":true,"href":"https:\/\/wizardly-davinci.82-223-8-23.plesk.page\/en\/wp-json\/wp\/v2\/autor_id?post=45774"},{"taxonomy":"universidades_coeditoras","embeddable":true,"href":"https:\/\/wizardly-davinci.82-223-8-23.plesk.page\/en\/wp-json\/wp\/v2\/universidades_coeditoras?post=45774"},{"taxonomy":"palabras_clave","embeddable":true,"href":"https:\/\/wizardly-davinci.82-223-8-23.plesk.page\/en\/wp-json\/wp\/v2\/palabras_clave?post=45774"},{"taxonomy":"listado_alfabetico","embeddable":true,"href":"https:\/\/wizardly-davinci.82-223-8-23.plesk.page\/en\/wp-json\/wp\/v2\/listado_alfabetico?post=45774"}],"curies":[{"name":"wp","href":"https:\/\/api.w.org\/{rel}","templated":true}]}}