{"id":45776,"date":"2021-02-02T13:51:05","date_gmt":"2021-02-02T12:51:05","guid":{"rendered":"https:\/\/octaedro.com\/libro\/guia-para-la-elaboracion-de-trabajos-fin-de-master-de-investigacion-educativa-2\/"},"modified":"2023-04-24T11:15:12","modified_gmt":"2023-04-24T09:15:12","slug":"guia-para-la-elaboracion-de-trabajos-fin-de-master-de-investigacion-educativa-2","status":"publish","type":"product","link":"https:\/\/wizardly-davinci.82-223-8-23.plesk.page\/en\/producto\/guia-para-la-elaboracion-de-trabajos-fin-de-master-de-investigacion-educativa-2\/","title":{"rendered":"Gu\u00eda para la elaboraci\u00f3n de trabajos fin de m\u00e1ster de investigaci\u00f3n educativa"},"content":{"rendered":"","protected":false},"excerpt":{"rendered":"<p>Este es un libro pensado por y para ser un manual de consulta que oriente a los estudiantes en la realizaci\u00f3n de trabajos fin de m\u00e1ster (TFM) en investigaci\u00f3n educativa. Se centra en cada uno de los aspectos que pueden mejorar la calidad de los trabajos, lo cual permitir\u00e1 hacer frente a cualquier duda que le pudiera surgir a un estudiante y servir\u00e1 de material de referencia para el profesorado universitario que dirija el TFM.<br \/>\nSeguramente, los estudiantes cuentan con un bagaje y formaci\u00f3n importante para el desarrollo de los TFM, pero en este libro iremos un poco m\u00e1s all\u00e1, exponiendo consejos m\u00e1s \u00fatiles y viables a la hora de realizar trabajos de alta calidad. Por ello, en esta obra participa un gran n\u00famero de profesores universitarios procedentes de diferentes universidades presenciales y semipresenciales, volcados todos ellos en la innovaci\u00f3n docente en torno a la realizaci\u00f3n de trabajos fin de t\u00edtulo y que han procurado ofrecer, cada uno desde su especialidad, las mejores recomendaciones sobre la elaboraci\u00f3n de TFM de investigaci\u00f3n educativa.<br \/>\nA tal efecto, el libro presenta una estructura modular en la que los cap\u00edtulos se conectan entre s\u00ed, pero, a la par, posibilitan la lectura por separado. Todo ello, con el prop\u00f3sito de que los alumnos tomen un control aut\u00f3nomo de su propio aprendizaje en relaci\u00f3n con sus necesidades e intereses de cara a emprender el camino de la realizaci\u00f3n de un TFM con la m\u00e1xima garant\u00eda de \u00e9xito.<\/p>\n<ul>\n<li>La totalidad de los derechos de autor generados por este libro ir\u00e1n cada a\u00f1o a <strong>Asociaci\u00f3n AFAEMO<\/strong> <strong>Direcci\u00f3n: C\/ Arroyo Fontarr\u00f3n 369 Bajo Izq. 28030 Madrid<\/strong><\/li>\n<\/ul>\n","protected":false},"featured_media":45777,"comment_status":"open","ping_status":"closed","template":"","meta":{"_et_pb_use_builder":"","_et_pb_old_content":"","_et_gb_content_width":""},"product_cat":[11899,11913,11859,11907],"product_tag":[11892],"edicion":[11865],"editoriales":[11867],"tienda":[],"autor_id":[12496,12497,12498],"universidades_coeditoras":[12499],"palabras_clave":[],"listado_alfabetico":[],"acf":[],"_links":{"self":[{"href":"https:\/\/wizardly-davinci.82-223-8-23.plesk.page\/en\/wp-json\/wp\/v2\/product\/45776"}],"collection":[{"href":"https:\/\/wizardly-davinci.82-223-8-23.plesk.page\/en\/wp-json\/wp\/v2\/product"}],"about":[{"href":"https:\/\/wizardly-davinci.82-223-8-23.plesk.page\/en\/wp-json\/wp\/v2\/types\/product"}],"replies":[{"embeddable":true,"href":"https:\/\/wizardly-davinci.82-223-8-23.plesk.page\/en\/wp-json\/wp\/v2\/comments?post=45776"}],"wp:featuredmedia":[{"embeddable":true,"href":"https:\/\/wizardly-davinci.82-223-8-23.plesk.page\/en\/wp-json\/wp\/v2\/media\/45777"}],"wp:attachment":[{"href":"https:\/\/wizardly-davinci.82-223-8-23.plesk.page\/en\/wp-json\/wp\/v2\/media?parent=45776"}],"wp:term":[{"taxonomy":"product_cat","embeddable":true,"href":"https:\/\/wizardly-davinci.82-223-8-23.plesk.page\/en\/wp-json\/wp\/v2\/product_cat?post=45776"},{"taxonomy":"product_tag","embeddable":true,"href":"https:\/\/wizardly-davinci.82-223-8-23.plesk.page\/en\/wp-json\/wp\/v2\/product_tag?post=45776"},{"taxonomy":"edicion","embeddable":true,"href":"https:\/\/wizardly-davinci.82-223-8-23.plesk.page\/en\/wp-json\/wp\/v2\/edicion?post=45776"},{"taxonomy":"editoriales","embeddable":true,"href":"https:\/\/wizardly-davinci.82-223-8-23.plesk.page\/en\/wp-json\/wp\/v2\/editoriales?post=45776"},{"taxonomy":"tienda","embeddable":true,"href":"https:\/\/wizardly-davinci.82-223-8-23.plesk.page\/en\/wp-json\/wp\/v2\/tienda?post=45776"},{"taxonomy":"autor_id","embeddable":true,"href":"https:\/\/wizardly-davinci.82-223-8-23.plesk.page\/en\/wp-json\/wp\/v2\/autor_id?post=45776"},{"taxonomy":"universidades_coeditoras","embeddable":true,"href":"https:\/\/wizardly-davinci.82-223-8-23.plesk.page\/en\/wp-json\/wp\/v2\/universidades_coeditoras?post=45776"},{"taxonomy":"palabras_clave","embeddable":true,"href":"https:\/\/wizardly-davinci.82-223-8-23.plesk.page\/en\/wp-json\/wp\/v2\/palabras_clave?post=45776"},{"taxonomy":"listado_alfabetico","embeddable":true,"href":"https:\/\/wizardly-davinci.82-223-8-23.plesk.page\/en\/wp-json\/wp\/v2\/listado_alfabetico?post=45776"}],"curies":[{"name":"wp","href":"https:\/\/api.w.org\/{rel}","templated":true}]}}