{"id":45780,"date":"2021-02-01T18:48:07","date_gmt":"2021-02-01T17:48:07","guid":{"rendered":"https:\/\/octaedro.com\/libro\/creatividad-verbal\/"},"modified":"2023-04-24T12:10:12","modified_gmt":"2023-04-24T10:10:12","slug":"creatividad-verbal","status":"publish","type":"product","link":"https:\/\/wizardly-davinci.82-223-8-23.plesk.page\/en\/producto\/creatividad-verbal\/","title":{"rendered":"Creatividad verbal"},"content":{"rendered":"<p>El contenido de este volumen profundiza en el proceso de la creatividad en s\u00ed y adem\u00e1s en la creatividad verbal en un marco amplio comunicativo y multidisciplinar en el que incorpora autoridades y teor\u00edas. Asimismo el volumen describe metodolog\u00edas de creatividad verbal y orienta a la hora de programar actividades en el aula en un contexto anal\u00f3gico y digital. El libro va dirigido a acad\u00e9micos, agentes educativos, padres y p\u00fablico en general.<\/p>\n","protected":false},"excerpt":{"rendered":"<p>El contenido de este volumen profundiza en el proceso de la creatividad en s\u00ed y adem\u00e1s en la creatividad verbal en un marco amplio comunicativo y multidisciplinar en el que incorpora autoridades y teor\u00edas. Asimismo el volumen describe metodolog\u00edas de creatividad verbal y orienta a la hora de programar actividades en el aula en un contexto anal\u00f3gico y digital. El libro va dirigido a acad\u00e9micos, agentes educativos, padres y p\u00fablico en general.<\/p>\n","protected":false},"featured_media":45781,"comment_status":"open","ping_status":"closed","template":"","meta":{"_et_pb_use_builder":"","_et_pb_old_content":"","_et_gb_content_width":""},"product_cat":[11899,11859,11912],"product_tag":[11892],"edicion":[12199,11865],"editoriales":[11867],"tienda":[],"autor_id":[12388],"universidades_coeditoras":[],"palabras_clave":[],"listado_alfabetico":[],"acf":[],"_links":{"self":[{"href":"https:\/\/wizardly-davinci.82-223-8-23.plesk.page\/en\/wp-json\/wp\/v2\/product\/45780"}],"collection":[{"href":"https:\/\/wizardly-davinci.82-223-8-23.plesk.page\/en\/wp-json\/wp\/v2\/product"}],"about":[{"href":"https:\/\/wizardly-davinci.82-223-8-23.plesk.page\/en\/wp-json\/wp\/v2\/types\/product"}],"replies":[{"embeddable":true,"href":"https:\/\/wizardly-davinci.82-223-8-23.plesk.page\/en\/wp-json\/wp\/v2\/comments?post=45780"}],"wp:featuredmedia":[{"embeddable":true,"href":"https:\/\/wizardly-davinci.82-223-8-23.plesk.page\/en\/wp-json\/wp\/v2\/media\/45781"}],"wp:attachment":[{"href":"https:\/\/wizardly-davinci.82-223-8-23.plesk.page\/en\/wp-json\/wp\/v2\/media?parent=45780"}],"wp:term":[{"taxonomy":"product_cat","embeddable":true,"href":"https:\/\/wizardly-davinci.82-223-8-23.plesk.page\/en\/wp-json\/wp\/v2\/product_cat?post=45780"},{"taxonomy":"product_tag","embeddable":true,"href":"https:\/\/wizardly-davinci.82-223-8-23.plesk.page\/en\/wp-json\/wp\/v2\/product_tag?post=45780"},{"taxonomy":"edicion","embeddable":true,"href":"https:\/\/wizardly-davinci.82-223-8-23.plesk.page\/en\/wp-json\/wp\/v2\/edicion?post=45780"},{"taxonomy":"editoriales","embeddable":true,"href":"https:\/\/wizardly-davinci.82-223-8-23.plesk.page\/en\/wp-json\/wp\/v2\/editoriales?post=45780"},{"taxonomy":"tienda","embeddable":true,"href":"https:\/\/wizardly-davinci.82-223-8-23.plesk.page\/en\/wp-json\/wp\/v2\/tienda?post=45780"},{"taxonomy":"autor_id","embeddable":true,"href":"https:\/\/wizardly-davinci.82-223-8-23.plesk.page\/en\/wp-json\/wp\/v2\/autor_id?post=45780"},{"taxonomy":"universidades_coeditoras","embeddable":true,"href":"https:\/\/wizardly-davinci.82-223-8-23.plesk.page\/en\/wp-json\/wp\/v2\/universidades_coeditoras?post=45780"},{"taxonomy":"palabras_clave","embeddable":true,"href":"https:\/\/wizardly-davinci.82-223-8-23.plesk.page\/en\/wp-json\/wp\/v2\/palabras_clave?post=45780"},{"taxonomy":"listado_alfabetico","embeddable":true,"href":"https:\/\/wizardly-davinci.82-223-8-23.plesk.page\/en\/wp-json\/wp\/v2\/listado_alfabetico?post=45780"}],"curies":[{"name":"wp","href":"https:\/\/api.w.org\/{rel}","templated":true}]}}