{"id":45784,"date":"2021-02-01T16:13:21","date_gmt":"2021-02-01T15:13:21","guid":{"rendered":"https:\/\/octaedro.com\/libro\/hagamos-que-sus-vidas-sean-extraordinarias\/"},"modified":"2023-04-24T12:20:38","modified_gmt":"2023-04-24T10:20:38","slug":"hagamos-que-sus-vidas-sean-extraordinarias","status":"publish","type":"product","link":"https:\/\/wizardly-davinci.82-223-8-23.plesk.page\/en\/producto\/hagamos-que-sus-vidas-sean-extraordinarias\/","title":{"rendered":"Hagamos que sus vidas sean extraordinarias"},"content":{"rendered":"<p>Este libro se escribe bajo el convencimiento de que la educaci\u00f3n puede cambiar el mundo. Las escuelas resilientes son aquellas que se atreven a transformar lo ordinario para convertirlo en extraordinario. Muchas ya lo han conseguido, otras \u00abtodav\u00eda no\u00bb. Las escuelas podr\u00e1n cambiar el mundo si nos ense\u00f1an a resiliar, a ser nosotros mismos, a desarrollarnos y a vivir plenamente.<br \/>\nLos autores desglosan 12 acciones que responden a c\u00f3mo educar para resiliar, c\u00f3mo elevar lo ordinario a lo extraordinario en la cotidianidad de la educaci\u00f3n. Un texto profundo y pr\u00e1ctico a la vez, con 60 estrategias para promover la resiliencia generativa en el \u00e1mbito educativo.<\/p>\n","protected":false},"excerpt":{"rendered":"<p>Este libro se escribe bajo el convencimiento de que la educaci\u00f3n puede cambiar el mundo. Las escuelas resilientes son aquellas que se atreven a transformar lo ordinario para convertirlo en extraordinario. Muchas ya lo han conseguido, otras \u00abtodav\u00eda no\u00bb. Las escuelas podr\u00e1n cambiar el mundo si nos ense\u00f1an a resiliar, a ser nosotros mismos, a desarrollarnos y a vivir plenamente.<br \/>\nLos autores desglosan 12 acciones que responden a c\u00f3mo educar para resiliar, c\u00f3mo elevar lo ordinario a lo extraordinario en la cotidianidad de la educaci\u00f3n. Un texto profundo y pr\u00e1ctico a la vez, con 60 estrategias para promover la resiliencia generativa en el \u00e1mbito educativo.<\/p>\n","protected":false},"featured_media":45785,"comment_status":"open","ping_status":"closed","template":"","meta":{"_et_pb_use_builder":"","_et_pb_old_content":"","_et_gb_content_width":""},"product_cat":[11899,11859,11912],"product_tag":[11892],"edicion":[12199,11865],"editoriales":[11867],"tienda":[],"autor_id":[12511,12512],"universidades_coeditoras":[],"palabras_clave":[],"listado_alfabetico":[],"acf":[],"_links":{"self":[{"href":"https:\/\/wizardly-davinci.82-223-8-23.plesk.page\/en\/wp-json\/wp\/v2\/product\/45784"}],"collection":[{"href":"https:\/\/wizardly-davinci.82-223-8-23.plesk.page\/en\/wp-json\/wp\/v2\/product"}],"about":[{"href":"https:\/\/wizardly-davinci.82-223-8-23.plesk.page\/en\/wp-json\/wp\/v2\/types\/product"}],"replies":[{"embeddable":true,"href":"https:\/\/wizardly-davinci.82-223-8-23.plesk.page\/en\/wp-json\/wp\/v2\/comments?post=45784"}],"wp:featuredmedia":[{"embeddable":true,"href":"https:\/\/wizardly-davinci.82-223-8-23.plesk.page\/en\/wp-json\/wp\/v2\/media\/45785"}],"wp:attachment":[{"href":"https:\/\/wizardly-davinci.82-223-8-23.plesk.page\/en\/wp-json\/wp\/v2\/media?parent=45784"}],"wp:term":[{"taxonomy":"product_cat","embeddable":true,"href":"https:\/\/wizardly-davinci.82-223-8-23.plesk.page\/en\/wp-json\/wp\/v2\/product_cat?post=45784"},{"taxonomy":"product_tag","embeddable":true,"href":"https:\/\/wizardly-davinci.82-223-8-23.plesk.page\/en\/wp-json\/wp\/v2\/product_tag?post=45784"},{"taxonomy":"edicion","embeddable":true,"href":"https:\/\/wizardly-davinci.82-223-8-23.plesk.page\/en\/wp-json\/wp\/v2\/edicion?post=45784"},{"taxonomy":"editoriales","embeddable":true,"href":"https:\/\/wizardly-davinci.82-223-8-23.plesk.page\/en\/wp-json\/wp\/v2\/editoriales?post=45784"},{"taxonomy":"tienda","embeddable":true,"href":"https:\/\/wizardly-davinci.82-223-8-23.plesk.page\/en\/wp-json\/wp\/v2\/tienda?post=45784"},{"taxonomy":"autor_id","embeddable":true,"href":"https:\/\/wizardly-davinci.82-223-8-23.plesk.page\/en\/wp-json\/wp\/v2\/autor_id?post=45784"},{"taxonomy":"universidades_coeditoras","embeddable":true,"href":"https:\/\/wizardly-davinci.82-223-8-23.plesk.page\/en\/wp-json\/wp\/v2\/universidades_coeditoras?post=45784"},{"taxonomy":"palabras_clave","embeddable":true,"href":"https:\/\/wizardly-davinci.82-223-8-23.plesk.page\/en\/wp-json\/wp\/v2\/palabras_clave?post=45784"},{"taxonomy":"listado_alfabetico","embeddable":true,"href":"https:\/\/wizardly-davinci.82-223-8-23.plesk.page\/en\/wp-json\/wp\/v2\/listado_alfabetico?post=45784"}],"curies":[{"name":"wp","href":"https:\/\/api.w.org\/{rel}","templated":true}]}}