{"id":45789,"date":"2021-02-01T14:41:42","date_gmt":"2021-02-01T13:41:42","guid":{"rendered":"https:\/\/octaedro.com\/libro\/guia-para-la-elaboracion-de-trabajos-fin-de-master-de-investigacion-educativa-2-16260-22\/"},"modified":"2023-02-22T13:36:53","modified_gmt":"2023-02-22T12:36:53","slug":"guia-para-la-elaboracion-de-trabajos-fin-de-master-de-investigacion-educativa-2-16260-22","status":"publish","type":"product","link":"https:\/\/wizardly-davinci.82-223-8-23.plesk.page\/en\/producto\/guia-para-la-elaboracion-de-trabajos-fin-de-master-de-investigacion-educativa-2-16260-22\/","title":{"rendered":"\u00bfPuede mi TFM interesar al mundo? Primeros pasos para difundir resultados"},"content":{"rendered":"<p>El presente cap\u00edtulo sintetiza una propuesta de etapas que, sin ser est\u00e1ticas ni lineales, orientan a potenciales j\u00f3venes investigadores en el dise\u00f1o de una estrategia eficaz para difundir los resultados del trabajo fin de m\u00e1ster entre diferentes colectivos (comunidad acad\u00e9mica, profesional y la propia sociedad). El sentido de este texto es reclamar la atenci\u00f3n de los estudiantes sobre el relevante papel que tiene en la ciencia una eficaz difusi\u00f3n de resultado, de modo que se facilite el acceso a nuestros hallazgos a trav\u00e9s de distintos medios. \u00bfC\u00f3mo? Utilizando diferentes canales y escenarios: congresos, seminarios, revistas cient\u00edficas, revistas de divulgaci\u00f3n, prensa, v\u00eddeo, radio, blogs, redes sociales, etc. \u00bfPara qu\u00e9? Para que pueda ser consultado, revisado, contrastado, debatido, utilizado y, si es factible, aplicarlo en la pr\u00e1ctica.<br \/>\nDe un modo particular, este cap\u00edtulo se centra en una propuesta para acometer la adaptaci\u00f3n del trabajo fin de m\u00e1ster a la publicaci\u00f3n de un art\u00edculo cient\u00edfico, por ser uno de los productos de investigaci\u00f3n con mayor proyecci\u00f3n en el \u00e1mbito acad\u00e9mico. Para ello, se plantea una serie decisiones y tareas clave, que pueden favorecer el \u00e9xito del proceso. De manera complementaria, se sugiere la transferencia de estos resultados por medio de otros canales de difusi\u00f3n m\u00e1s abiertos y flexibles, con el objeto de acercar la ciencia a la ciudadan\u00eda.<\/p>\n","protected":false},"excerpt":{"rendered":"<p>El presente cap\u00edtulo sintetiza una propuesta de etapas que, sin ser est\u00e1ticas ni lineales, orientan a potenciales j\u00f3venes investigadores en el dise\u00f1o de una estrategia eficaz para difundir los resultados del trabajo fin de m\u00e1ster entre diferentes colectivos (comunidad acad\u00e9mica, profesional y la propia sociedad). El sentido de este texto es reclamar la atenci\u00f3n de los estudiantes sobre el relevante papel que tiene en la ciencia una eficaz difusi\u00f3n de resultado, de modo que se facilite el acceso a nuestros hallazgos a trav\u00e9s de distintos medios. \u00bfC\u00f3mo? Utilizando diferentes canales y escenarios: congresos, seminarios, revistas cient\u00edficas, revistas de divulgaci\u00f3n, prensa, v\u00eddeo, radio, blogs, redes sociales, etc. \u00bfPara qu\u00e9? Para que pueda ser consultado, revisado, contrastado, debatido, utilizado y, si es factible, aplicarlo en la pr\u00e1ctica.<br \/>\nDe un modo particular, este cap\u00edtulo se centra en una propuesta para acometer la adaptaci\u00f3n del trabajo fin de m\u00e1ster a la publicaci\u00f3n de un art\u00edculo cient\u00edfico, por ser uno de los productos de investigaci\u00f3n con mayor proyecci\u00f3n en el \u00e1mbito acad\u00e9mico. Para ello, se plantea una serie decisiones y tareas clave, que pueden favorecer el \u00e9xito del proceso. De manera complementaria, se sugiere la transferencia de estos resultados por medio de otros canales de difusi\u00f3n m\u00e1s abiertos y flexibles, con el objeto de acercar la ciencia a la ciudadan\u00eda.<\/p>\n","protected":false},"featured_media":45790,"comment_status":"open","ping_status":"closed","template":"","meta":{"_et_pb_use_builder":"","_et_pb_old_content":"","_et_gb_content_width":""},"product_cat":[11873,11912],"product_tag":[11884],"edicion":[12199],"editoriales":[11867],"tienda":[],"autor_id":[],"universidades_coeditoras":[],"palabras_clave":[11645,11651,11828,11791,12519],"listado_alfabetico":[],"acf":[],"_links":{"self":[{"href":"https:\/\/wizardly-davinci.82-223-8-23.plesk.page\/en\/wp-json\/wp\/v2\/product\/45789"}],"collection":[{"href":"https:\/\/wizardly-davinci.82-223-8-23.plesk.page\/en\/wp-json\/wp\/v2\/product"}],"about":[{"href":"https:\/\/wizardly-davinci.82-223-8-23.plesk.page\/en\/wp-json\/wp\/v2\/types\/product"}],"replies":[{"embeddable":true,"href":"https:\/\/wizardly-davinci.82-223-8-23.plesk.page\/en\/wp-json\/wp\/v2\/comments?post=45789"}],"wp:featuredmedia":[{"embeddable":true,"href":"https:\/\/wizardly-davinci.82-223-8-23.plesk.page\/en\/wp-json\/wp\/v2\/media\/45790"}],"wp:attachment":[{"href":"https:\/\/wizardly-davinci.82-223-8-23.plesk.page\/en\/wp-json\/wp\/v2\/media?parent=45789"}],"wp:term":[{"taxonomy":"product_cat","embeddable":true,"href":"https:\/\/wizardly-davinci.82-223-8-23.plesk.page\/en\/wp-json\/wp\/v2\/product_cat?post=45789"},{"taxonomy":"product_tag","embeddable":true,"href":"https:\/\/wizardly-davinci.82-223-8-23.plesk.page\/en\/wp-json\/wp\/v2\/product_tag?post=45789"},{"taxonomy":"edicion","embeddable":true,"href":"https:\/\/wizardly-davinci.82-223-8-23.plesk.page\/en\/wp-json\/wp\/v2\/edicion?post=45789"},{"taxonomy":"editoriales","embeddable":true,"href":"https:\/\/wizardly-davinci.82-223-8-23.plesk.page\/en\/wp-json\/wp\/v2\/editoriales?post=45789"},{"taxonomy":"tienda","embeddable":true,"href":"https:\/\/wizardly-davinci.82-223-8-23.plesk.page\/en\/wp-json\/wp\/v2\/tienda?post=45789"},{"taxonomy":"autor_id","embeddable":true,"href":"https:\/\/wizardly-davinci.82-223-8-23.plesk.page\/en\/wp-json\/wp\/v2\/autor_id?post=45789"},{"taxonomy":"universidades_coeditoras","embeddable":true,"href":"https:\/\/wizardly-davinci.82-223-8-23.plesk.page\/en\/wp-json\/wp\/v2\/universidades_coeditoras?post=45789"},{"taxonomy":"palabras_clave","embeddable":true,"href":"https:\/\/wizardly-davinci.82-223-8-23.plesk.page\/en\/wp-json\/wp\/v2\/palabras_clave?post=45789"},{"taxonomy":"listado_alfabetico","embeddable":true,"href":"https:\/\/wizardly-davinci.82-223-8-23.plesk.page\/en\/wp-json\/wp\/v2\/listado_alfabetico?post=45789"}],"curies":[{"name":"wp","href":"https:\/\/api.w.org\/{rel}","templated":true}]}}