{"id":45791,"date":"2021-02-01T14:40:04","date_gmt":"2021-02-01T13:40:04","guid":{"rendered":"https:\/\/octaedro.com\/libro\/guia-para-la-elaboracion-de-trabajos-fin-de-master-de-investigacion-educativa-2-16260-21\/"},"modified":"2023-02-22T13:36:53","modified_gmt":"2023-02-22T12:36:53","slug":"guia-para-la-elaboracion-de-trabajos-fin-de-master-de-investigacion-educativa-2-16260-21","status":"publish","type":"product","link":"https:\/\/wizardly-davinci.82-223-8-23.plesk.page\/en\/producto\/guia-para-la-elaboracion-de-trabajos-fin-de-master-de-investigacion-educativa-2-16260-21\/","title":{"rendered":"Recursos educativos abiertos de apoyo en la realizaci\u00f3n del TFM"},"content":{"rendered":"<p>Los recursos educativos abiertos (REA) \u2013\u200copen educational resources (OER) en ingl\u00e9s\u2013 son materiales did\u00e1cticos, de aprendizaje e investigaci\u00f3n que son de dominio p\u00fablico o con licencia abierta para su uso, adaptaci\u00f3n y redistribuci\u00f3n, y pueden resultar un verdadero apoyo en los procesos de elaboraci\u00f3n del trabajo fin de m\u00e1ster. En este texto se recopilan diferentes recursos \u2013\u200calgunos de ellos elaborados por la UNED\u2013 y recomendaciones sobre su uso, seleccionados desde nuestra experiencia como tutora y autor de un trabajo fin de m\u00e1ster.<br \/>\nEl cap\u00edtulo se estructura teniendo en cuenta las diferentes etapas en el camino de elaboraci\u00f3n de un trabajo fin de m\u00e1ster: consejos antes de empezar para elegir el soporte y las herramientas inform\u00e1ticas; en los primeros pasos del trabajo fin de m\u00e1ster, con la recomendaci\u00f3n de recursos en los que apoyarse para conocer la estructura de este tipo de trabajos acad\u00e9micos, elegir la tem\u00e1tica, planificar el proceso de trabajo fin de m\u00e1ster e identificar competencias que se han de reforzar, especialmente en el \u00e1mbito metodol\u00f3gico; durante el desarrollo del trabajo fin de m\u00e1ster, con sugerencias de recursos para obtener bibliograf\u00eda, desarrollar el marco te\u00f3rico o poner en pr\u00e1ctica la metodolog\u00eda de investigaci\u00f3n o intervenci\u00f3n; y recomendaciones de recursos abiertos que pueden ayudar a la preparaci\u00f3n y ejecuci\u00f3n de la defensa oral del trabajo fin de m\u00e1ster. Para finalizar, se presentan algunas ideas para la divulgaci\u00f3n del trabajo realizado en el trabajo fin de m\u00e1ster, valorando diversas opciones como la publicaci\u00f3n de un art\u00edculo o la devoluci\u00f3n de la informaci\u00f3n a las personas o colectivos que hayan participado en la investigaci\u00f3n o proyecto de intervenci\u00f3n.<\/p>\n","protected":false},"excerpt":{"rendered":"<p>Los recursos educativos abiertos (REA) \u2013\u200copen educational resources (OER) en ingl\u00e9s\u2013 son materiales did\u00e1cticos, de aprendizaje e investigaci\u00f3n que son de dominio p\u00fablico o con licencia abierta para su uso, adaptaci\u00f3n y redistribuci\u00f3n, y pueden resultar un verdadero apoyo en los procesos de elaboraci\u00f3n del trabajo fin de m\u00e1ster. En este texto se recopilan diferentes recursos \u2013\u200calgunos de ellos elaborados por la UNED\u2013 y recomendaciones sobre su uso, seleccionados desde nuestra experiencia como tutora y autor de un trabajo fin de m\u00e1ster.<br \/>\nEl cap\u00edtulo se estructura teniendo en cuenta las diferentes etapas en el camino de elaboraci\u00f3n de un trabajo fin de m\u00e1ster: consejos antes de empezar para elegir el soporte y las herramientas inform\u00e1ticas; en los primeros pasos del trabajo fin de m\u00e1ster, con la recomendaci\u00f3n de recursos en los que apoyarse para conocer la estructura de este tipo de trabajos acad\u00e9micos, elegir la tem\u00e1tica, planificar el proceso de trabajo fin de m\u00e1ster e identificar competencias que se han de reforzar, especialmente en el \u00e1mbito metodol\u00f3gico; durante el desarrollo del trabajo fin de m\u00e1ster, con sugerencias de recursos para obtener bibliograf\u00eda, desarrollar el marco te\u00f3rico o poner en pr\u00e1ctica la metodolog\u00eda de investigaci\u00f3n o intervenci\u00f3n; y recomendaciones de recursos abiertos que pueden ayudar a la preparaci\u00f3n y ejecuci\u00f3n de la defensa oral del trabajo fin de m\u00e1ster. Para finalizar, se presentan algunas ideas para la divulgaci\u00f3n del trabajo realizado en el trabajo fin de m\u00e1ster, valorando diversas opciones como la publicaci\u00f3n de un art\u00edculo o la devoluci\u00f3n de la informaci\u00f3n a las personas o colectivos que hayan participado en la investigaci\u00f3n o proyecto de intervenci\u00f3n.<\/p>\n","protected":false},"featured_media":45792,"comment_status":"open","ping_status":"closed","template":"","meta":{"_et_pb_use_builder":"","_et_pb_old_content":"","_et_gb_content_width":""},"product_cat":[11873,11912],"product_tag":[11884],"edicion":[12199],"editoriales":[11867],"tienda":[],"autor_id":[],"universidades_coeditoras":[],"palabras_clave":[11557,11780,11596,11779,12519],"listado_alfabetico":[],"acf":[],"_links":{"self":[{"href":"https:\/\/wizardly-davinci.82-223-8-23.plesk.page\/en\/wp-json\/wp\/v2\/product\/45791"}],"collection":[{"href":"https:\/\/wizardly-davinci.82-223-8-23.plesk.page\/en\/wp-json\/wp\/v2\/product"}],"about":[{"href":"https:\/\/wizardly-davinci.82-223-8-23.plesk.page\/en\/wp-json\/wp\/v2\/types\/product"}],"replies":[{"embeddable":true,"href":"https:\/\/wizardly-davinci.82-223-8-23.plesk.page\/en\/wp-json\/wp\/v2\/comments?post=45791"}],"wp:featuredmedia":[{"embeddable":true,"href":"https:\/\/wizardly-davinci.82-223-8-23.plesk.page\/en\/wp-json\/wp\/v2\/media\/45792"}],"wp:attachment":[{"href":"https:\/\/wizardly-davinci.82-223-8-23.plesk.page\/en\/wp-json\/wp\/v2\/media?parent=45791"}],"wp:term":[{"taxonomy":"product_cat","embeddable":true,"href":"https:\/\/wizardly-davinci.82-223-8-23.plesk.page\/en\/wp-json\/wp\/v2\/product_cat?post=45791"},{"taxonomy":"product_tag","embeddable":true,"href":"https:\/\/wizardly-davinci.82-223-8-23.plesk.page\/en\/wp-json\/wp\/v2\/product_tag?post=45791"},{"taxonomy":"edicion","embeddable":true,"href":"https:\/\/wizardly-davinci.82-223-8-23.plesk.page\/en\/wp-json\/wp\/v2\/edicion?post=45791"},{"taxonomy":"editoriales","embeddable":true,"href":"https:\/\/wizardly-davinci.82-223-8-23.plesk.page\/en\/wp-json\/wp\/v2\/editoriales?post=45791"},{"taxonomy":"tienda","embeddable":true,"href":"https:\/\/wizardly-davinci.82-223-8-23.plesk.page\/en\/wp-json\/wp\/v2\/tienda?post=45791"},{"taxonomy":"autor_id","embeddable":true,"href":"https:\/\/wizardly-davinci.82-223-8-23.plesk.page\/en\/wp-json\/wp\/v2\/autor_id?post=45791"},{"taxonomy":"universidades_coeditoras","embeddable":true,"href":"https:\/\/wizardly-davinci.82-223-8-23.plesk.page\/en\/wp-json\/wp\/v2\/universidades_coeditoras?post=45791"},{"taxonomy":"palabras_clave","embeddable":true,"href":"https:\/\/wizardly-davinci.82-223-8-23.plesk.page\/en\/wp-json\/wp\/v2\/palabras_clave?post=45791"},{"taxonomy":"listado_alfabetico","embeddable":true,"href":"https:\/\/wizardly-davinci.82-223-8-23.plesk.page\/en\/wp-json\/wp\/v2\/listado_alfabetico?post=45791"}],"curies":[{"name":"wp","href":"https:\/\/api.w.org\/{rel}","templated":true}]}}