{"id":45793,"date":"2021-02-01T14:39:51","date_gmt":"2021-02-01T13:39:51","guid":{"rendered":"https:\/\/octaedro.com\/libro\/guia-para-la-elaboracion-de-trabajos-fin-de-master-de-investigacion-educativa-2-16260-20\/"},"modified":"2023-02-22T13:36:53","modified_gmt":"2023-02-22T12:36:53","slug":"guia-para-la-elaboracion-de-trabajos-fin-de-master-de-investigacion-educativa-2-16260-20","status":"publish","type":"product","link":"https:\/\/wizardly-davinci.82-223-8-23.plesk.page\/en\/producto\/guia-para-la-elaboracion-de-trabajos-fin-de-master-de-investigacion-educativa-2-16260-20\/","title":{"rendered":"Orientaciones para la elaboraci\u00f3n de textos acad\u00e9micos"},"content":{"rendered":"<p>La correcta elaboraci\u00f3n de trabajos acad\u00e9micos, entre los que se encuentran los trabajos fin de m\u00e1ster, es fundamental, ya que buena parte de la calificaci\u00f3n obtenida en ellos redunda en la consecuci\u00f3n de ciertas titulaciones o certificaciones. En el caso concreto de los trabajos fin de m\u00e1ster, su finalizaci\u00f3n supone la culminaci\u00f3n de un proceso formativo altamente necesario y valorado en el mercado laboral actual.<br \/>\nEl prop\u00f3sito \u00faltimo de cualquier trabajo fin de m\u00e1ster es realizar una investigaci\u00f3n sobre un tema concreto. Dicha investigaci\u00f3n no est\u00e1 sujeta a una \u00fanica tipolog\u00eda, sino que esta puede ser de car\u00e1cter te\u00f3rico o de an\u00e1lisis bibliogr\u00e1fico; centrarse en realizar una propuesta de mejora o un proyecto de intervenci\u00f3n, o bien ir dirigida a la realizaci\u00f3n de un estudio emp\u00edrico, en el cual la recopilaci\u00f3n de datos es clave. As\u00ed pues, el alumno ha de conocer algunas normas b\u00e1sicas pero esenciales relacionadas con su redacci\u00f3n, estilo y estructura. A ello hay que sumarle que el alumno debe ser consciente de que el trabajo fin de m\u00e1ster suele ser presentado y defendido ante un tribunal (principal aunque no exclusivamente), un momento en el que, adem\u00e1s, habr\u00e1 que demostrar cierto grado de rigor y academicismo.<br \/>\nEn todo este proceso es prescriptivo que nada quede a merced del azar y que siempre se sigan las directrices marcadas y consensuadas con el tutor o director, puesto que elaborar un texto acad\u00e9mico es, sin lugar a dudas, algo m\u00e1s que ponerse a escribir de manera improvisada. El \u00e9xito y el fracaso de este tipo de trabajos est\u00e1n ligados a su calidad.<\/p>\n","protected":false},"excerpt":{"rendered":"<p>La correcta elaboraci\u00f3n de trabajos acad\u00e9micos, entre los que se encuentran los trabajos fin de m\u00e1ster, es fundamental, ya que buena parte de la calificaci\u00f3n obtenida en ellos redunda en la consecuci\u00f3n de ciertas titulaciones o certificaciones. En el caso concreto de los trabajos fin de m\u00e1ster, su finalizaci\u00f3n supone la culminaci\u00f3n de un proceso formativo altamente necesario y valorado en el mercado laboral actual.<br \/>\nEl prop\u00f3sito \u00faltimo de cualquier trabajo fin de m\u00e1ster es realizar una investigaci\u00f3n sobre un tema concreto. Dicha investigaci\u00f3n no est\u00e1 sujeta a una \u00fanica tipolog\u00eda, sino que esta puede ser de car\u00e1cter te\u00f3rico o de an\u00e1lisis bibliogr\u00e1fico; centrarse en realizar una propuesta de mejora o un proyecto de intervenci\u00f3n, o bien ir dirigida a la realizaci\u00f3n de un estudio emp\u00edrico, en el cual la recopilaci\u00f3n de datos es clave. As\u00ed pues, el alumno ha de conocer algunas normas b\u00e1sicas pero esenciales relacionadas con su redacci\u00f3n, estilo y estructura. A ello hay que sumarle que el alumno debe ser consciente de que el trabajo fin de m\u00e1ster suele ser presentado y defendido ante un tribunal (principal aunque no exclusivamente), un momento en el que, adem\u00e1s, habr\u00e1 que demostrar cierto grado de rigor y academicismo.<br \/>\nEn todo este proceso es prescriptivo que nada quede a merced del azar y que siempre se sigan las directrices marcadas y consensuadas con el tutor o director, puesto que elaborar un texto acad\u00e9mico es, sin lugar a dudas, algo m\u00e1s que ponerse a escribir de manera improvisada. El \u00e9xito y el fracaso de este tipo de trabajos est\u00e1n ligados a su calidad.<\/p>\n","protected":false},"featured_media":45794,"comment_status":"open","ping_status":"closed","template":"","meta":{"_et_pb_use_builder":"","_et_pb_old_content":"","_et_gb_content_width":""},"product_cat":[11873,11912],"product_tag":[11884],"edicion":[12199],"editoriales":[11867],"tienda":[],"autor_id":[],"universidades_coeditoras":[],"palabras_clave":[11819,11609,11725,12519],"listado_alfabetico":[],"acf":[],"_links":{"self":[{"href":"https:\/\/wizardly-davinci.82-223-8-23.plesk.page\/en\/wp-json\/wp\/v2\/product\/45793"}],"collection":[{"href":"https:\/\/wizardly-davinci.82-223-8-23.plesk.page\/en\/wp-json\/wp\/v2\/product"}],"about":[{"href":"https:\/\/wizardly-davinci.82-223-8-23.plesk.page\/en\/wp-json\/wp\/v2\/types\/product"}],"replies":[{"embeddable":true,"href":"https:\/\/wizardly-davinci.82-223-8-23.plesk.page\/en\/wp-json\/wp\/v2\/comments?post=45793"}],"wp:featuredmedia":[{"embeddable":true,"href":"https:\/\/wizardly-davinci.82-223-8-23.plesk.page\/en\/wp-json\/wp\/v2\/media\/45794"}],"wp:attachment":[{"href":"https:\/\/wizardly-davinci.82-223-8-23.plesk.page\/en\/wp-json\/wp\/v2\/media?parent=45793"}],"wp:term":[{"taxonomy":"product_cat","embeddable":true,"href":"https:\/\/wizardly-davinci.82-223-8-23.plesk.page\/en\/wp-json\/wp\/v2\/product_cat?post=45793"},{"taxonomy":"product_tag","embeddable":true,"href":"https:\/\/wizardly-davinci.82-223-8-23.plesk.page\/en\/wp-json\/wp\/v2\/product_tag?post=45793"},{"taxonomy":"edicion","embeddable":true,"href":"https:\/\/wizardly-davinci.82-223-8-23.plesk.page\/en\/wp-json\/wp\/v2\/edicion?post=45793"},{"taxonomy":"editoriales","embeddable":true,"href":"https:\/\/wizardly-davinci.82-223-8-23.plesk.page\/en\/wp-json\/wp\/v2\/editoriales?post=45793"},{"taxonomy":"tienda","embeddable":true,"href":"https:\/\/wizardly-davinci.82-223-8-23.plesk.page\/en\/wp-json\/wp\/v2\/tienda?post=45793"},{"taxonomy":"autor_id","embeddable":true,"href":"https:\/\/wizardly-davinci.82-223-8-23.plesk.page\/en\/wp-json\/wp\/v2\/autor_id?post=45793"},{"taxonomy":"universidades_coeditoras","embeddable":true,"href":"https:\/\/wizardly-davinci.82-223-8-23.plesk.page\/en\/wp-json\/wp\/v2\/universidades_coeditoras?post=45793"},{"taxonomy":"palabras_clave","embeddable":true,"href":"https:\/\/wizardly-davinci.82-223-8-23.plesk.page\/en\/wp-json\/wp\/v2\/palabras_clave?post=45793"},{"taxonomy":"listado_alfabetico","embeddable":true,"href":"https:\/\/wizardly-davinci.82-223-8-23.plesk.page\/en\/wp-json\/wp\/v2\/listado_alfabetico?post=45793"}],"curies":[{"name":"wp","href":"https:\/\/api.w.org\/{rel}","templated":true}]}}