{"id":45795,"date":"2021-02-01T14:38:23","date_gmt":"2021-02-01T13:38:23","guid":{"rendered":"https:\/\/octaedro.com\/libro\/guia-para-la-elaboracion-de-trabajos-fin-de-master-de-investigacion-educativa-2-16260-19\/"},"modified":"2023-02-22T13:36:53","modified_gmt":"2023-02-22T12:36:53","slug":"guia-para-la-elaboracion-de-trabajos-fin-de-master-de-investigacion-educativa-2-16260-19","status":"publish","type":"product","link":"https:\/\/wizardly-davinci.82-223-8-23.plesk.page\/en\/producto\/guia-para-la-elaboracion-de-trabajos-fin-de-master-de-investigacion-educativa-2-16260-19\/","title":{"rendered":"La gesti\u00f3n de las emociones ante la preparaci\u00f3n y defensa del TFM"},"content":{"rendered":"<p>Este cap\u00edtulo pretende guiar al estudiante en el recorrido de elaboraci\u00f3n y defensa oral o virtual de su trabajo fin de m\u00e1ster, dot\u00e1ndolo de estrategias y pautas, con el prop\u00f3sito de que se vean aminoradas la incertidumbre, el estr\u00e9s y la sensaci\u00f3n de miedo ante el fracaso a la hora de enfrentarse a dicha tarea, por lo cual se abordan aspectos como gestionar emociones positivas que influyan en la calidad del producto final que se va a presentar y defender.<br \/>\nEn primer lugar, las autoras presentan el humor como herramienta protectora para superar la adversidad en el caso de la preparaci\u00f3n y defensa del trabajo fin de m\u00e1ster. A continuaci\u00f3n, se explica la importancia de la gesti\u00f3n para afrontar y superar los miedos y el estr\u00e9s negativo, junto con la necesidad de potenciar, por el contrario, una actitud positiva que contribuya a una mejor b\u00fasqueda de resultados m\u00e1s satisfactorios a la hora de la preparaci\u00f3n y defensa del trabajo fin de m\u00e1ster. En tercer lugar, se presentan recomendaciones para establecer un \u00abplan emocional\u00bb para planificar y gestionar las emociones durante la elaboraci\u00f3n y defensa del trabajo fin de m\u00e1ster. Finalmente, se presentan estrategias pr\u00e1cticas para la preparaci\u00f3n emocional de la defensa.<\/p>\n","protected":false},"excerpt":{"rendered":"<p>Este cap\u00edtulo pretende guiar al estudiante en el recorrido de elaboraci\u00f3n y defensa oral o virtual de su trabajo fin de m\u00e1ster, dot\u00e1ndolo de estrategias y pautas, con el prop\u00f3sito de que se vean aminoradas la incertidumbre, el estr\u00e9s y la sensaci\u00f3n de miedo ante el fracaso a la hora de enfrentarse a dicha tarea, por lo cual se abordan aspectos como gestionar emociones positivas que influyan en la calidad del producto final que se va a presentar y defender.<br \/>\nEn primer lugar, las autoras presentan el humor como herramienta protectora para superar la adversidad en el caso de la preparaci\u00f3n y defensa del trabajo fin de m\u00e1ster. A continuaci\u00f3n, se explica la importancia de la gesti\u00f3n para afrontar y superar los miedos y el estr\u00e9s negativo, junto con la necesidad de potenciar, por el contrario, una actitud positiva que contribuya a una mejor b\u00fasqueda de resultados m\u00e1s satisfactorios a la hora de la preparaci\u00f3n y defensa del trabajo fin de m\u00e1ster. En tercer lugar, se presentan recomendaciones para establecer un \u00abplan emocional\u00bb para planificar y gestionar las emociones durante la elaboraci\u00f3n y defensa del trabajo fin de m\u00e1ster. Finalmente, se presentan estrategias pr\u00e1cticas para la preparaci\u00f3n emocional de la defensa.<\/p>\n","protected":false},"featured_media":45796,"comment_status":"open","ping_status":"closed","template":"","meta":{"_et_pb_use_builder":"","_et_pb_old_content":"","_et_gb_content_width":""},"product_cat":[11873,11912],"product_tag":[11884],"edicion":[12199],"editoriales":[11867],"tienda":[],"autor_id":[],"universidades_coeditoras":[],"palabras_clave":[11768,11680,11743,11762,11691],"listado_alfabetico":[],"acf":[],"_links":{"self":[{"href":"https:\/\/wizardly-davinci.82-223-8-23.plesk.page\/en\/wp-json\/wp\/v2\/product\/45795"}],"collection":[{"href":"https:\/\/wizardly-davinci.82-223-8-23.plesk.page\/en\/wp-json\/wp\/v2\/product"}],"about":[{"href":"https:\/\/wizardly-davinci.82-223-8-23.plesk.page\/en\/wp-json\/wp\/v2\/types\/product"}],"replies":[{"embeddable":true,"href":"https:\/\/wizardly-davinci.82-223-8-23.plesk.page\/en\/wp-json\/wp\/v2\/comments?post=45795"}],"wp:featuredmedia":[{"embeddable":true,"href":"https:\/\/wizardly-davinci.82-223-8-23.plesk.page\/en\/wp-json\/wp\/v2\/media\/45796"}],"wp:attachment":[{"href":"https:\/\/wizardly-davinci.82-223-8-23.plesk.page\/en\/wp-json\/wp\/v2\/media?parent=45795"}],"wp:term":[{"taxonomy":"product_cat","embeddable":true,"href":"https:\/\/wizardly-davinci.82-223-8-23.plesk.page\/en\/wp-json\/wp\/v2\/product_cat?post=45795"},{"taxonomy":"product_tag","embeddable":true,"href":"https:\/\/wizardly-davinci.82-223-8-23.plesk.page\/en\/wp-json\/wp\/v2\/product_tag?post=45795"},{"taxonomy":"edicion","embeddable":true,"href":"https:\/\/wizardly-davinci.82-223-8-23.plesk.page\/en\/wp-json\/wp\/v2\/edicion?post=45795"},{"taxonomy":"editoriales","embeddable":true,"href":"https:\/\/wizardly-davinci.82-223-8-23.plesk.page\/en\/wp-json\/wp\/v2\/editoriales?post=45795"},{"taxonomy":"tienda","embeddable":true,"href":"https:\/\/wizardly-davinci.82-223-8-23.plesk.page\/en\/wp-json\/wp\/v2\/tienda?post=45795"},{"taxonomy":"autor_id","embeddable":true,"href":"https:\/\/wizardly-davinci.82-223-8-23.plesk.page\/en\/wp-json\/wp\/v2\/autor_id?post=45795"},{"taxonomy":"universidades_coeditoras","embeddable":true,"href":"https:\/\/wizardly-davinci.82-223-8-23.plesk.page\/en\/wp-json\/wp\/v2\/universidades_coeditoras?post=45795"},{"taxonomy":"palabras_clave","embeddable":true,"href":"https:\/\/wizardly-davinci.82-223-8-23.plesk.page\/en\/wp-json\/wp\/v2\/palabras_clave?post=45795"},{"taxonomy":"listado_alfabetico","embeddable":true,"href":"https:\/\/wizardly-davinci.82-223-8-23.plesk.page\/en\/wp-json\/wp\/v2\/listado_alfabetico?post=45795"}],"curies":[{"name":"wp","href":"https:\/\/api.w.org\/{rel}","templated":true}]}}