{"id":45797,"date":"2021-02-01T14:37:33","date_gmt":"2021-02-01T13:37:33","guid":{"rendered":"https:\/\/octaedro.com\/libro\/guia-para-la-elaboracion-de-trabajos-fin-de-master-de-investigacion-educativa-2-16260-18\/"},"modified":"2023-02-22T13:36:53","modified_gmt":"2023-02-22T12:36:53","slug":"guia-para-la-elaboracion-de-trabajos-fin-de-master-de-investigacion-educativa-2-16260-18","status":"publish","type":"product","link":"https:\/\/wizardly-davinci.82-223-8-23.plesk.page\/en\/producto\/guia-para-la-elaboracion-de-trabajos-fin-de-master-de-investigacion-educativa-2-16260-18\/","title":{"rendered":"Preparaci\u00f3n de la defensa de un TFM: de la comunicaci\u00f3n verbal a la no verbal"},"content":{"rendered":"<p>Este cap\u00edtulo aborda la preparaci\u00f3n de la defensa de un trabajo fin de m\u00e1ster, ofreciendo al lector una serie de recomendaciones que permitan la optimizaci\u00f3n del uso de los recursos disponibles, tanto de los medios de comunicaci\u00f3n verbal como de los de tipo no verbal.<br \/>\nSu finalidad consiste en dar a conocer los recursos a disposici\u00f3n del candidato ante el reto acad\u00e9mico para la superaci\u00f3n satisfactoria de esta prueba determinante. Para ello, son analizados los medios visuales y tecnol\u00f3gicos m\u00e1s comunes que permiten la ilustraci\u00f3n y exposici\u00f3n m\u00e1s apropiadas para tal fin, as\u00ed como los criterios para la organizaci\u00f3n del tiempo y de los apartados que necesariamente han de ser contemplados para garantizar el \u00e9xito. Asimismo, se ofrece una serie de recomendaciones de lo que se considera necesario e imprescindible, as\u00ed como una utilizaci\u00f3n racional de la tecnolog\u00eda, la cual, en opini\u00f3n de los autores, nunca deber\u00eda reemplazar la oratoria espont\u00e1nea y natural de toda exposici\u00f3n. Por \u00faltimo, se incluye una serie de indicaciones que tener en cuenta de cara al seguimiento de la atenci\u00f3n ante las preguntas formuladas para el tribunal y la selecci\u00f3n de las respuestas para la r\u00e9plica.<\/p>\n","protected":false},"excerpt":{"rendered":"<p>Este cap\u00edtulo aborda la preparaci\u00f3n de la defensa de un trabajo fin de m\u00e1ster, ofreciendo al lector una serie de recomendaciones que permitan la optimizaci\u00f3n del uso de los recursos disponibles, tanto de los medios de comunicaci\u00f3n verbal como de los de tipo no verbal.<br \/>\nSu finalidad consiste en dar a conocer los recursos a disposici\u00f3n del candidato ante el reto acad\u00e9mico para la superaci\u00f3n satisfactoria de esta prueba determinante. Para ello, son analizados los medios visuales y tecnol\u00f3gicos m\u00e1s comunes que permiten la ilustraci\u00f3n y exposici\u00f3n m\u00e1s apropiadas para tal fin, as\u00ed como los criterios para la organizaci\u00f3n del tiempo y de los apartados que necesariamente han de ser contemplados para garantizar el \u00e9xito. Asimismo, se ofrece una serie de recomendaciones de lo que se considera necesario e imprescindible, as\u00ed como una utilizaci\u00f3n racional de la tecnolog\u00eda, la cual, en opini\u00f3n de los autores, nunca deber\u00eda reemplazar la oratoria espont\u00e1nea y natural de toda exposici\u00f3n. Por \u00faltimo, se incluye una serie de indicaciones que tener en cuenta de cara al seguimiento de la atenci\u00f3n ante las preguntas formuladas para el tribunal y la selecci\u00f3n de las respuestas para la r\u00e9plica.<\/p>\n","protected":false},"featured_media":45798,"comment_status":"open","ping_status":"closed","template":"","meta":{"_et_pb_use_builder":"","_et_pb_old_content":"","_et_gb_content_width":""},"product_cat":[11873,11912],"product_tag":[11884],"edicion":[12199],"editoriales":[11867],"tienda":[],"autor_id":[],"universidades_coeditoras":[],"palabras_clave":[11693,12529,12519,11627],"listado_alfabetico":[],"acf":[],"_links":{"self":[{"href":"https:\/\/wizardly-davinci.82-223-8-23.plesk.page\/en\/wp-json\/wp\/v2\/product\/45797"}],"collection":[{"href":"https:\/\/wizardly-davinci.82-223-8-23.plesk.page\/en\/wp-json\/wp\/v2\/product"}],"about":[{"href":"https:\/\/wizardly-davinci.82-223-8-23.plesk.page\/en\/wp-json\/wp\/v2\/types\/product"}],"replies":[{"embeddable":true,"href":"https:\/\/wizardly-davinci.82-223-8-23.plesk.page\/en\/wp-json\/wp\/v2\/comments?post=45797"}],"wp:featuredmedia":[{"embeddable":true,"href":"https:\/\/wizardly-davinci.82-223-8-23.plesk.page\/en\/wp-json\/wp\/v2\/media\/45798"}],"wp:attachment":[{"href":"https:\/\/wizardly-davinci.82-223-8-23.plesk.page\/en\/wp-json\/wp\/v2\/media?parent=45797"}],"wp:term":[{"taxonomy":"product_cat","embeddable":true,"href":"https:\/\/wizardly-davinci.82-223-8-23.plesk.page\/en\/wp-json\/wp\/v2\/product_cat?post=45797"},{"taxonomy":"product_tag","embeddable":true,"href":"https:\/\/wizardly-davinci.82-223-8-23.plesk.page\/en\/wp-json\/wp\/v2\/product_tag?post=45797"},{"taxonomy":"edicion","embeddable":true,"href":"https:\/\/wizardly-davinci.82-223-8-23.plesk.page\/en\/wp-json\/wp\/v2\/edicion?post=45797"},{"taxonomy":"editoriales","embeddable":true,"href":"https:\/\/wizardly-davinci.82-223-8-23.plesk.page\/en\/wp-json\/wp\/v2\/editoriales?post=45797"},{"taxonomy":"tienda","embeddable":true,"href":"https:\/\/wizardly-davinci.82-223-8-23.plesk.page\/en\/wp-json\/wp\/v2\/tienda?post=45797"},{"taxonomy":"autor_id","embeddable":true,"href":"https:\/\/wizardly-davinci.82-223-8-23.plesk.page\/en\/wp-json\/wp\/v2\/autor_id?post=45797"},{"taxonomy":"universidades_coeditoras","embeddable":true,"href":"https:\/\/wizardly-davinci.82-223-8-23.plesk.page\/en\/wp-json\/wp\/v2\/universidades_coeditoras?post=45797"},{"taxonomy":"palabras_clave","embeddable":true,"href":"https:\/\/wizardly-davinci.82-223-8-23.plesk.page\/en\/wp-json\/wp\/v2\/palabras_clave?post=45797"},{"taxonomy":"listado_alfabetico","embeddable":true,"href":"https:\/\/wizardly-davinci.82-223-8-23.plesk.page\/en\/wp-json\/wp\/v2\/listado_alfabetico?post=45797"}],"curies":[{"name":"wp","href":"https:\/\/api.w.org\/{rel}","templated":true}]}}