{"id":45801,"date":"2021-02-01T14:35:59","date_gmt":"2021-02-01T13:35:59","guid":{"rendered":"https:\/\/octaedro.com\/libro\/guia-para-la-elaboracion-de-trabajos-fin-de-master-de-investigacion-educativa-2-16260-16\/"},"modified":"2023-02-22T13:36:58","modified_gmt":"2023-02-22T12:36:58","slug":"guia-para-la-elaboracion-de-trabajos-fin-de-master-de-investigacion-educativa-2-16260-16","status":"publish","type":"product","link":"https:\/\/wizardly-davinci.82-223-8-23.plesk.page\/en\/producto\/guia-para-la-elaboracion-de-trabajos-fin-de-master-de-investigacion-educativa-2-16260-16\/","title":{"rendered":"La gesti\u00f3n de la informaci\u00f3n cient\u00edfica para la elaboraci\u00f3n del TFM"},"content":{"rendered":"<p>La gesti\u00f3n de las referencias bibliograf\u00edas y de los documentos a texto completo obtenidos en el proceso de b\u00fasqueda se ha visto facilitado enormemente gracias a la aparici\u00f3n de herramientas para la gesti\u00f3n bibliogr\u00e1fica o gestores bibliogr\u00e1ficos. Estos programas para la gesti\u00f3n de referencias bibliogr\u00e1ficas hacen posible la captura, la administraci\u00f3n y la inserci\u00f3n de citas y referencias en cualquier trabajo acad\u00e9mico o de investigaci\u00f3n. Asimismo, los gestores bibliogr\u00e1ficos permiten trabajar en equipo, compartir referencias y anotar conjuntamente documentos. Estas herramientas son ampliamente usadas en la realizaci\u00f3n de trabajos acad\u00e9micos, como el trabajo fin de m\u00e1ster. El empleo de programas de gesti\u00f3n bibliogr\u00e1fica en la redacci\u00f3n cient\u00edfica reduce los errores de transcripci\u00f3n y mejora la concordancia entre las citas y las referencias incorporadas a los trabajos cient\u00edficos. Los gestores bibliogr\u00e1ficos tambi\u00e9n hacen posible cambiar de forma sencilla el formato de las citas y referencias, adapt\u00e1ndolas al manual de estilo de publicaci\u00f3n exigido por el programa de estudios o por la revista en la que se desea publicar el trabajo. Finalmente, los gestores bibliogr\u00e1ficos facilitan el reconocimiento de las ideas ajenas en las que se apoya la investigaci\u00f3n coadyuvando a evitar el plagio.<\/p>\n","protected":false},"excerpt":{"rendered":"<p>La gesti\u00f3n de las referencias bibliograf\u00edas y de los documentos a texto completo obtenidos en el proceso de b\u00fasqueda se ha visto facilitado enormemente gracias a la aparici\u00f3n de herramientas para la gesti\u00f3n bibliogr\u00e1fica o gestores bibliogr\u00e1ficos. Estos programas para la gesti\u00f3n de referencias bibliogr\u00e1ficas hacen posible la captura, la administraci\u00f3n y la inserci\u00f3n de citas y referencias en cualquier trabajo acad\u00e9mico o de investigaci\u00f3n. Asimismo, los gestores bibliogr\u00e1ficos permiten trabajar en equipo, compartir referencias y anotar conjuntamente documentos. Estas herramientas son ampliamente usadas en la realizaci\u00f3n de trabajos acad\u00e9micos, como el trabajo fin de m\u00e1ster. El empleo de programas de gesti\u00f3n bibliogr\u00e1fica en la redacci\u00f3n cient\u00edfica reduce los errores de transcripci\u00f3n y mejora la concordancia entre las citas y las referencias incorporadas a los trabajos cient\u00edficos. Los gestores bibliogr\u00e1ficos tambi\u00e9n hacen posible cambiar de forma sencilla el formato de las citas y referencias, adapt\u00e1ndolas al manual de estilo de publicaci\u00f3n exigido por el programa de estudios o por la revista en la que se desea publicar el trabajo. Finalmente, los gestores bibliogr\u00e1ficos facilitan el reconocimiento de las ideas ajenas en las que se apoya la investigaci\u00f3n coadyuvando a evitar el plagio.<\/p>\n","protected":false},"featured_media":45802,"comment_status":"open","ping_status":"closed","template":"","meta":{"_et_pb_use_builder":"","_et_pb_old_content":"","_et_gb_content_width":""},"product_cat":[11873,11912],"product_tag":[11884],"edicion":[12199],"editoriales":[11867],"tienda":[],"autor_id":[],"universidades_coeditoras":[],"palabras_clave":[11708,11785,11612,11707,12519],"listado_alfabetico":[],"acf":[],"_links":{"self":[{"href":"https:\/\/wizardly-davinci.82-223-8-23.plesk.page\/en\/wp-json\/wp\/v2\/product\/45801"}],"collection":[{"href":"https:\/\/wizardly-davinci.82-223-8-23.plesk.page\/en\/wp-json\/wp\/v2\/product"}],"about":[{"href":"https:\/\/wizardly-davinci.82-223-8-23.plesk.page\/en\/wp-json\/wp\/v2\/types\/product"}],"replies":[{"embeddable":true,"href":"https:\/\/wizardly-davinci.82-223-8-23.plesk.page\/en\/wp-json\/wp\/v2\/comments?post=45801"}],"wp:featuredmedia":[{"embeddable":true,"href":"https:\/\/wizardly-davinci.82-223-8-23.plesk.page\/en\/wp-json\/wp\/v2\/media\/45802"}],"wp:attachment":[{"href":"https:\/\/wizardly-davinci.82-223-8-23.plesk.page\/en\/wp-json\/wp\/v2\/media?parent=45801"}],"wp:term":[{"taxonomy":"product_cat","embeddable":true,"href":"https:\/\/wizardly-davinci.82-223-8-23.plesk.page\/en\/wp-json\/wp\/v2\/product_cat?post=45801"},{"taxonomy":"product_tag","embeddable":true,"href":"https:\/\/wizardly-davinci.82-223-8-23.plesk.page\/en\/wp-json\/wp\/v2\/product_tag?post=45801"},{"taxonomy":"edicion","embeddable":true,"href":"https:\/\/wizardly-davinci.82-223-8-23.plesk.page\/en\/wp-json\/wp\/v2\/edicion?post=45801"},{"taxonomy":"editoriales","embeddable":true,"href":"https:\/\/wizardly-davinci.82-223-8-23.plesk.page\/en\/wp-json\/wp\/v2\/editoriales?post=45801"},{"taxonomy":"tienda","embeddable":true,"href":"https:\/\/wizardly-davinci.82-223-8-23.plesk.page\/en\/wp-json\/wp\/v2\/tienda?post=45801"},{"taxonomy":"autor_id","embeddable":true,"href":"https:\/\/wizardly-davinci.82-223-8-23.plesk.page\/en\/wp-json\/wp\/v2\/autor_id?post=45801"},{"taxonomy":"universidades_coeditoras","embeddable":true,"href":"https:\/\/wizardly-davinci.82-223-8-23.plesk.page\/en\/wp-json\/wp\/v2\/universidades_coeditoras?post=45801"},{"taxonomy":"palabras_clave","embeddable":true,"href":"https:\/\/wizardly-davinci.82-223-8-23.plesk.page\/en\/wp-json\/wp\/v2\/palabras_clave?post=45801"},{"taxonomy":"listado_alfabetico","embeddable":true,"href":"https:\/\/wizardly-davinci.82-223-8-23.plesk.page\/en\/wp-json\/wp\/v2\/listado_alfabetico?post=45801"}],"curies":[{"name":"wp","href":"https:\/\/api.w.org\/{rel}","templated":true}]}}