{"id":45805,"date":"2021-02-01T13:33:07","date_gmt":"2021-02-01T13:33:07","guid":{"rendered":"https:\/\/octaedro.com\/libro\/guia-para-la-elaboracion-de-trabajos-fin-de-master-de-investigacion-educativa-2-16260-14\/"},"modified":"2023-02-22T13:36:58","modified_gmt":"2023-02-22T12:36:58","slug":"guia-para-la-elaboracion-de-trabajos-fin-de-master-de-investigacion-educativa-2-16260-14","status":"publish","type":"product","link":"https:\/\/wizardly-davinci.82-223-8-23.plesk.page\/en\/producto\/guia-para-la-elaboracion-de-trabajos-fin-de-master-de-investigacion-educativa-2-16260-14\/","title":{"rendered":"\u00c9tica para la investigaci\u00f3n educativa"},"content":{"rendered":"","protected":false},"excerpt":{"rendered":"<p>Este cap\u00edtulo tiene como objetivo reflexionar sobre el car\u00e1cter \u00e9tico de la investigaci\u00f3n educativa, sus caracter\u00edsticas e implicaciones tanto personales \u2013\u200cpara la persona del investigador y su formaci\u00f3n\u2013 como institucionales. Para ello, se acudir\u00e1 a la doctrina pedag\u00f3gica sobre el tema y a las declaraciones, c\u00f3digos y buenas pr\u00e1cticas sobre \u00e9tica de la investigaci\u00f3n educativa.<br \/>\nEn la reflexi\u00f3n \u00e9tica sobre la investigaci\u00f3n educativa contemplamos las acciones del agente en cuanto que investigador y en un \u00e1mbito y un contexto determinado como es el educativo. Por tanto, trataremos de ver c\u00f3mo debemos conducir una investigaci\u00f3n educativa para, tambi\u00e9n aqu\u00ed, actuar \u00e9ticamente; esto es, debemos preguntarnos no solo: \u00bfqu\u00e9 debemos hacer?, sino tambi\u00e9n: \u00bfcon qu\u00e9 idea de bien hemos de comprometernos cuando investigamos en educaci\u00f3n? Dicho de otro modo, que la acci\u00f3n de investigar se desarrolle de acuerdo con una idea de bien determinada, que sea posible diferenciar entre una \u00abbuena\u00bb y una \u00abmala\u00bb investigaci\u00f3n o praxis investigadora en el \u00e1mbito educativo.<\/p>\n","protected":false},"featured_media":45806,"comment_status":"open","ping_status":"closed","template":"","meta":{"_et_pb_use_builder":"","_et_pb_old_content":"","_et_gb_content_width":""},"product_cat":[11873,11912],"product_tag":[11884],"edicion":[12199],"editoriales":[11867],"tienda":[],"autor_id":[],"universidades_coeditoras":[],"palabras_clave":[11728,11752,12534,12535,11722],"listado_alfabetico":[],"acf":[],"_links":{"self":[{"href":"https:\/\/wizardly-davinci.82-223-8-23.plesk.page\/en\/wp-json\/wp\/v2\/product\/45805"}],"collection":[{"href":"https:\/\/wizardly-davinci.82-223-8-23.plesk.page\/en\/wp-json\/wp\/v2\/product"}],"about":[{"href":"https:\/\/wizardly-davinci.82-223-8-23.plesk.page\/en\/wp-json\/wp\/v2\/types\/product"}],"replies":[{"embeddable":true,"href":"https:\/\/wizardly-davinci.82-223-8-23.plesk.page\/en\/wp-json\/wp\/v2\/comments?post=45805"}],"wp:featuredmedia":[{"embeddable":true,"href":"https:\/\/wizardly-davinci.82-223-8-23.plesk.page\/en\/wp-json\/wp\/v2\/media\/45806"}],"wp:attachment":[{"href":"https:\/\/wizardly-davinci.82-223-8-23.plesk.page\/en\/wp-json\/wp\/v2\/media?parent=45805"}],"wp:term":[{"taxonomy":"product_cat","embeddable":true,"href":"https:\/\/wizardly-davinci.82-223-8-23.plesk.page\/en\/wp-json\/wp\/v2\/product_cat?post=45805"},{"taxonomy":"product_tag","embeddable":true,"href":"https:\/\/wizardly-davinci.82-223-8-23.plesk.page\/en\/wp-json\/wp\/v2\/product_tag?post=45805"},{"taxonomy":"edicion","embeddable":true,"href":"https:\/\/wizardly-davinci.82-223-8-23.plesk.page\/en\/wp-json\/wp\/v2\/edicion?post=45805"},{"taxonomy":"editoriales","embeddable":true,"href":"https:\/\/wizardly-davinci.82-223-8-23.plesk.page\/en\/wp-json\/wp\/v2\/editoriales?post=45805"},{"taxonomy":"tienda","embeddable":true,"href":"https:\/\/wizardly-davinci.82-223-8-23.plesk.page\/en\/wp-json\/wp\/v2\/tienda?post=45805"},{"taxonomy":"autor_id","embeddable":true,"href":"https:\/\/wizardly-davinci.82-223-8-23.plesk.page\/en\/wp-json\/wp\/v2\/autor_id?post=45805"},{"taxonomy":"universidades_coeditoras","embeddable":true,"href":"https:\/\/wizardly-davinci.82-223-8-23.plesk.page\/en\/wp-json\/wp\/v2\/universidades_coeditoras?post=45805"},{"taxonomy":"palabras_clave","embeddable":true,"href":"https:\/\/wizardly-davinci.82-223-8-23.plesk.page\/en\/wp-json\/wp\/v2\/palabras_clave?post=45805"},{"taxonomy":"listado_alfabetico","embeddable":true,"href":"https:\/\/wizardly-davinci.82-223-8-23.plesk.page\/en\/wp-json\/wp\/v2\/listado_alfabetico?post=45805"}],"curies":[{"name":"wp","href":"https:\/\/api.w.org\/{rel}","templated":true}]}}