{"id":45807,"date":"2021-02-01T13:32:08","date_gmt":"2021-02-01T13:32:08","guid":{"rendered":"https:\/\/octaedro.com\/libro\/guia-para-la-elaboracion-de-trabajos-fin-de-master-de-investigacion-educativa-2-16260-13\/"},"modified":"2023-02-22T13:36:58","modified_gmt":"2023-02-22T12:36:58","slug":"guia-para-la-elaboracion-de-trabajos-fin-de-master-de-investigacion-educativa-2-16260-13","status":"publish","type":"product","link":"https:\/\/wizardly-davinci.82-223-8-23.plesk.page\/en\/producto\/guia-para-la-elaboracion-de-trabajos-fin-de-master-de-investigacion-educativa-2-16260-13\/","title":{"rendered":"C\u00f3mo elaborar la discusi\u00f3n de un TFM"},"content":{"rendered":"","protected":false},"excerpt":{"rendered":"<p>Este cap\u00edtulo aporta orientaciones concretas para la realizaci\u00f3n del apartado de discusi\u00f3n de un trabajo fin de m\u00e1ster, la fase final de este proceso formativo que requiere<br \/>\nla puesta en pr\u00e1ctica de algunas de las competencias concretas adquiridas durante la realizaci\u00f3n del m\u00e1ster. Estas orientaciones se presentan estructuradas en tres apartados. En el primero se clarifica el prop\u00f3sito y alcance del apartado de discusi\u00f3n de un trabajo fin de m\u00e1ster, identificando con precisi\u00f3n el tipo de informaci\u00f3n que debe incorporar un apartado de estas caracter\u00edsticas y la que no se ajusta a su finalidad. En el segundo, se abordan pautas metodol\u00f3gicas concretas que se han de tener en cuenta y que son guiadas por tres preguntas clave: \u00bfqu\u00e9 he logrado?, \u00bfqu\u00e9 he conseguido con mi trabajo? y \u00bfqu\u00e9 aporta mi trabajo a la comunidad cient\u00edfica respecto a lo que ya hay? A continuaci\u00f3n, en el tercer apartado se revisan las competencias que los estudiantes han de poner en juego durante la elaboraci\u00f3n de esta parte del trabajo fin de m\u00e1ster, tomando como referencia las orientaciones emitidas por la Unesco (2017) y la CRUE (2005). A modo de conclusi\u00f3n, el cap\u00edtulo se cierra con una exposici\u00f3n sucinta de las principales ideas expuestas.<\/p>\n","protected":false},"featured_media":45808,"comment_status":"open","ping_status":"closed","template":"","meta":{"_et_pb_use_builder":"","_et_pb_old_content":"","_et_gb_content_width":""},"product_cat":[11873,11912],"product_tag":[11884],"edicion":[12199],"editoriales":[11867],"tienda":[],"autor_id":[],"universidades_coeditoras":[],"palabras_clave":[11621,11649,11741,11692],"listado_alfabetico":[],"acf":[],"_links":{"self":[{"href":"https:\/\/wizardly-davinci.82-223-8-23.plesk.page\/en\/wp-json\/wp\/v2\/product\/45807"}],"collection":[{"href":"https:\/\/wizardly-davinci.82-223-8-23.plesk.page\/en\/wp-json\/wp\/v2\/product"}],"about":[{"href":"https:\/\/wizardly-davinci.82-223-8-23.plesk.page\/en\/wp-json\/wp\/v2\/types\/product"}],"replies":[{"embeddable":true,"href":"https:\/\/wizardly-davinci.82-223-8-23.plesk.page\/en\/wp-json\/wp\/v2\/comments?post=45807"}],"wp:featuredmedia":[{"embeddable":true,"href":"https:\/\/wizardly-davinci.82-223-8-23.plesk.page\/en\/wp-json\/wp\/v2\/media\/45808"}],"wp:attachment":[{"href":"https:\/\/wizardly-davinci.82-223-8-23.plesk.page\/en\/wp-json\/wp\/v2\/media?parent=45807"}],"wp:term":[{"taxonomy":"product_cat","embeddable":true,"href":"https:\/\/wizardly-davinci.82-223-8-23.plesk.page\/en\/wp-json\/wp\/v2\/product_cat?post=45807"},{"taxonomy":"product_tag","embeddable":true,"href":"https:\/\/wizardly-davinci.82-223-8-23.plesk.page\/en\/wp-json\/wp\/v2\/product_tag?post=45807"},{"taxonomy":"edicion","embeddable":true,"href":"https:\/\/wizardly-davinci.82-223-8-23.plesk.page\/en\/wp-json\/wp\/v2\/edicion?post=45807"},{"taxonomy":"editoriales","embeddable":true,"href":"https:\/\/wizardly-davinci.82-223-8-23.plesk.page\/en\/wp-json\/wp\/v2\/editoriales?post=45807"},{"taxonomy":"tienda","embeddable":true,"href":"https:\/\/wizardly-davinci.82-223-8-23.plesk.page\/en\/wp-json\/wp\/v2\/tienda?post=45807"},{"taxonomy":"autor_id","embeddable":true,"href":"https:\/\/wizardly-davinci.82-223-8-23.plesk.page\/en\/wp-json\/wp\/v2\/autor_id?post=45807"},{"taxonomy":"universidades_coeditoras","embeddable":true,"href":"https:\/\/wizardly-davinci.82-223-8-23.plesk.page\/en\/wp-json\/wp\/v2\/universidades_coeditoras?post=45807"},{"taxonomy":"palabras_clave","embeddable":true,"href":"https:\/\/wizardly-davinci.82-223-8-23.plesk.page\/en\/wp-json\/wp\/v2\/palabras_clave?post=45807"},{"taxonomy":"listado_alfabetico","embeddable":true,"href":"https:\/\/wizardly-davinci.82-223-8-23.plesk.page\/en\/wp-json\/wp\/v2\/listado_alfabetico?post=45807"}],"curies":[{"name":"wp","href":"https:\/\/api.w.org\/{rel}","templated":true}]}}