{"id":45809,"date":"2021-02-01T13:31:35","date_gmt":"2021-02-01T13:31:35","guid":{"rendered":"https:\/\/octaedro.com\/libro\/guia-para-la-elaboracion-de-trabajos-fin-de-master-de-investigacion-educativa-2-16260-12\/"},"modified":"2023-02-22T13:36:58","modified_gmt":"2023-02-22T12:36:58","slug":"guia-para-la-elaboracion-de-trabajos-fin-de-master-de-investigacion-educativa-2-16260-12","status":"publish","type":"product","link":"https:\/\/wizardly-davinci.82-223-8-23.plesk.page\/en\/producto\/guia-para-la-elaboracion-de-trabajos-fin-de-master-de-investigacion-educativa-2-16260-12\/","title":{"rendered":"Presentaci\u00f3n de resultados en los TFM"},"content":{"rendered":"","protected":false},"excerpt":{"rendered":"<p>En este manuscrito se presentan claves sobre la presentaci\u00f3n de los resultados en los trabajos fin de m\u00e1ster con el prop\u00f3sito de facilitar la reflexi\u00f3n y la toma de decisiones para elaborar este apartado, presente en la mayor\u00eda de los trabajos acad\u00e9micos. La manera en la que los resultados se presentan y los elementos b\u00e1sicos que los conforman contribuyen a determinar la calidad de un trabajo fin de m\u00e1ster. A lo largo del texto, se muestran indicaciones para presentar los resultados en el apartado del resumen; tambi\u00e9n, recomendaciones para organizar los resultados en tablas y figuras, como pueden ser esquemas, redes y mapas conceptuales. Finalmente, se presentan recomendaciones para realizar el contenido textual y la redacci\u00f3n de los resultados de modo que cualquier lector consiga acceder e interpretar la informaci\u00f3n del mejor modo posible. Se concluye presentando recomendaciones generales y un buen n\u00famero de ejemplos que servir\u00e1n de modelo que seguir a cualquier estudiante de m\u00e1ster interesado en la elaboraci\u00f3n de los trabajos fin de t\u00edtulo en general y en la realizaci\u00f3n del apartado de resultados en particular.<\/p>\n","protected":false},"featured_media":45810,"comment_status":"open","ping_status":"closed","template":"","meta":{"_et_pb_use_builder":"","_et_pb_old_content":"","_et_gb_content_width":""},"product_cat":[11873,11912],"product_tag":[11884],"edicion":[12199],"editoriales":[11867],"tienda":[],"autor_id":[],"universidades_coeditoras":[],"palabras_clave":[11698,11790,11816,11782],"listado_alfabetico":[],"acf":[],"_links":{"self":[{"href":"https:\/\/wizardly-davinci.82-223-8-23.plesk.page\/en\/wp-json\/wp\/v2\/product\/45809"}],"collection":[{"href":"https:\/\/wizardly-davinci.82-223-8-23.plesk.page\/en\/wp-json\/wp\/v2\/product"}],"about":[{"href":"https:\/\/wizardly-davinci.82-223-8-23.plesk.page\/en\/wp-json\/wp\/v2\/types\/product"}],"replies":[{"embeddable":true,"href":"https:\/\/wizardly-davinci.82-223-8-23.plesk.page\/en\/wp-json\/wp\/v2\/comments?post=45809"}],"wp:featuredmedia":[{"embeddable":true,"href":"https:\/\/wizardly-davinci.82-223-8-23.plesk.page\/en\/wp-json\/wp\/v2\/media\/45810"}],"wp:attachment":[{"href":"https:\/\/wizardly-davinci.82-223-8-23.plesk.page\/en\/wp-json\/wp\/v2\/media?parent=45809"}],"wp:term":[{"taxonomy":"product_cat","embeddable":true,"href":"https:\/\/wizardly-davinci.82-223-8-23.plesk.page\/en\/wp-json\/wp\/v2\/product_cat?post=45809"},{"taxonomy":"product_tag","embeddable":true,"href":"https:\/\/wizardly-davinci.82-223-8-23.plesk.page\/en\/wp-json\/wp\/v2\/product_tag?post=45809"},{"taxonomy":"edicion","embeddable":true,"href":"https:\/\/wizardly-davinci.82-223-8-23.plesk.page\/en\/wp-json\/wp\/v2\/edicion?post=45809"},{"taxonomy":"editoriales","embeddable":true,"href":"https:\/\/wizardly-davinci.82-223-8-23.plesk.page\/en\/wp-json\/wp\/v2\/editoriales?post=45809"},{"taxonomy":"tienda","embeddable":true,"href":"https:\/\/wizardly-davinci.82-223-8-23.plesk.page\/en\/wp-json\/wp\/v2\/tienda?post=45809"},{"taxonomy":"autor_id","embeddable":true,"href":"https:\/\/wizardly-davinci.82-223-8-23.plesk.page\/en\/wp-json\/wp\/v2\/autor_id?post=45809"},{"taxonomy":"universidades_coeditoras","embeddable":true,"href":"https:\/\/wizardly-davinci.82-223-8-23.plesk.page\/en\/wp-json\/wp\/v2\/universidades_coeditoras?post=45809"},{"taxonomy":"palabras_clave","embeddable":true,"href":"https:\/\/wizardly-davinci.82-223-8-23.plesk.page\/en\/wp-json\/wp\/v2\/palabras_clave?post=45809"},{"taxonomy":"listado_alfabetico","embeddable":true,"href":"https:\/\/wizardly-davinci.82-223-8-23.plesk.page\/en\/wp-json\/wp\/v2\/listado_alfabetico?post=45809"}],"curies":[{"name":"wp","href":"https:\/\/api.w.org\/{rel}","templated":true}]}}