{"id":45811,"date":"2021-02-01T13:30:29","date_gmt":"2021-02-01T13:30:29","guid":{"rendered":"https:\/\/octaedro.com\/libro\/guia-para-la-elaboracion-de-trabajos-fin-de-master-de-investigacion-educativa-2-16260-11\/"},"modified":"2023-02-22T13:36:58","modified_gmt":"2023-02-22T12:36:58","slug":"guia-para-la-elaboracion-de-trabajos-fin-de-master-de-investigacion-educativa-2-16260-11","status":"publish","type":"product","link":"https:\/\/wizardly-davinci.82-223-8-23.plesk.page\/en\/producto\/guia-para-la-elaboracion-de-trabajos-fin-de-master-de-investigacion-educativa-2-16260-11\/","title":{"rendered":"Elecci\u00f3n de t\u00e9cnicas e instrumentos para la recogida de informaci\u00f3n"},"content":{"rendered":"","protected":false},"excerpt":{"rendered":"<p>Este cap\u00edtulo pretende orientar y guiar al estudiante de trabajo fin de m\u00e1ster para que realice una elecci\u00f3n adecuada de las t\u00e9cnicas e instrumentos de recogida de informaci\u00f3n que podr\u00e1 utilizar en el marco de sus proyectos de intervenci\u00f3n socioeducativa. Para ello, a lo largo del cap\u00edtulo se establecen y se exponen los tres criterios generales para que el alumno haga dicha elecci\u00f3n, a saber: a) seg\u00fan el tipo principal de fuente de informaci\u00f3n requerida para dar respuesta a las preguntas u objetivos de investigaci\u00f3n; b) seg\u00fan el tipo de variables involucradas en las preguntas u objetivos de investigaci\u00f3n; y c) seg\u00fan el enfoque metodol\u00f3gico que late detr\u00e1s de las preguntas u objetivos de investigaci\u00f3n. Una vez establecidos los criterios, se acompa\u00f1a al estudiante a trav\u00e9s del vasto mapa de posibilidades que surge y que queda cartografiado a la luz de dichos tres ejes, y se lo gu\u00eda en consecuencia para que realice una elecci\u00f3n fundamentada de las t\u00e9cnicas e instrumentos \u00f3ptimos para abordar sus preguntas de investigaci\u00f3n, dentro del amplio abanico existente. En \u00faltima instancia, este cap\u00edtulo pretende que los proyectos de intervenci\u00f3n socioeducativa que conforman los trabajos fin de m\u00e1ster de nuestro alumnado sean fundamentados, desarrollados y evaluados a partir de un conjunto apropiado de evidencias y datos emp\u00edricos, lo cual exige que estos hayan sido recogidos a trav\u00e9s de t\u00e9cnicas e instrumentos adecuados a la naturaleza de dichos proyectos.<\/p>\n","protected":false},"featured_media":45812,"comment_status":"open","ping_status":"closed","template":"","meta":{"_et_pb_use_builder":"","_et_pb_old_content":"","_et_gb_content_width":""},"product_cat":[11873,11912],"product_tag":[11884],"edicion":[12199],"editoriales":[11867],"tienda":[],"autor_id":[],"universidades_coeditoras":[],"palabras_clave":[11721,12542,12543,12544],"listado_alfabetico":[],"acf":[],"_links":{"self":[{"href":"https:\/\/wizardly-davinci.82-223-8-23.plesk.page\/en\/wp-json\/wp\/v2\/product\/45811"}],"collection":[{"href":"https:\/\/wizardly-davinci.82-223-8-23.plesk.page\/en\/wp-json\/wp\/v2\/product"}],"about":[{"href":"https:\/\/wizardly-davinci.82-223-8-23.plesk.page\/en\/wp-json\/wp\/v2\/types\/product"}],"replies":[{"embeddable":true,"href":"https:\/\/wizardly-davinci.82-223-8-23.plesk.page\/en\/wp-json\/wp\/v2\/comments?post=45811"}],"wp:featuredmedia":[{"embeddable":true,"href":"https:\/\/wizardly-davinci.82-223-8-23.plesk.page\/en\/wp-json\/wp\/v2\/media\/45812"}],"wp:attachment":[{"href":"https:\/\/wizardly-davinci.82-223-8-23.plesk.page\/en\/wp-json\/wp\/v2\/media?parent=45811"}],"wp:term":[{"taxonomy":"product_cat","embeddable":true,"href":"https:\/\/wizardly-davinci.82-223-8-23.plesk.page\/en\/wp-json\/wp\/v2\/product_cat?post=45811"},{"taxonomy":"product_tag","embeddable":true,"href":"https:\/\/wizardly-davinci.82-223-8-23.plesk.page\/en\/wp-json\/wp\/v2\/product_tag?post=45811"},{"taxonomy":"edicion","embeddable":true,"href":"https:\/\/wizardly-davinci.82-223-8-23.plesk.page\/en\/wp-json\/wp\/v2\/edicion?post=45811"},{"taxonomy":"editoriales","embeddable":true,"href":"https:\/\/wizardly-davinci.82-223-8-23.plesk.page\/en\/wp-json\/wp\/v2\/editoriales?post=45811"},{"taxonomy":"tienda","embeddable":true,"href":"https:\/\/wizardly-davinci.82-223-8-23.plesk.page\/en\/wp-json\/wp\/v2\/tienda?post=45811"},{"taxonomy":"autor_id","embeddable":true,"href":"https:\/\/wizardly-davinci.82-223-8-23.plesk.page\/en\/wp-json\/wp\/v2\/autor_id?post=45811"},{"taxonomy":"universidades_coeditoras","embeddable":true,"href":"https:\/\/wizardly-davinci.82-223-8-23.plesk.page\/en\/wp-json\/wp\/v2\/universidades_coeditoras?post=45811"},{"taxonomy":"palabras_clave","embeddable":true,"href":"https:\/\/wizardly-davinci.82-223-8-23.plesk.page\/en\/wp-json\/wp\/v2\/palabras_clave?post=45811"},{"taxonomy":"listado_alfabetico","embeddable":true,"href":"https:\/\/wizardly-davinci.82-223-8-23.plesk.page\/en\/wp-json\/wp\/v2\/listado_alfabetico?post=45811"}],"curies":[{"name":"wp","href":"https:\/\/api.w.org\/{rel}","templated":true}]}}