{"id":45813,"date":"2021-02-01T13:29:09","date_gmt":"2021-02-01T13:29:09","guid":{"rendered":"https:\/\/octaedro.com\/libro\/guia-para-la-elaboracion-de-trabajos-fin-de-master-de-investigacion-educativa-2-16260-10\/"},"modified":"2023-02-22T13:36:58","modified_gmt":"2023-02-22T12:36:58","slug":"guia-para-la-elaboracion-de-trabajos-fin-de-master-de-investigacion-educativa-2-16260-10","status":"publish","type":"product","link":"https:\/\/wizardly-davinci.82-223-8-23.plesk.page\/en\/producto\/guia-para-la-elaboracion-de-trabajos-fin-de-master-de-investigacion-educativa-2-16260-10\/","title":{"rendered":"Conclusiones, limitaciones y propuestas de mejora en los TFM"},"content":{"rendered":"","protected":false},"excerpt":{"rendered":"<p>Este trabajo presenta ideas orientativas para planificar y definir los hallazgos m\u00e1s significativos de una investigaci\u00f3n o trabajo de fin de t\u00edtulo que den forma a las principales conclusiones. Para el prop\u00f3sito investigador, el inicio del proceso de estudio puede darse con la realizaci\u00f3n de preguntas sobre una determinada realidad social, o bien desde el planteamiento de una o varias hip\u00f3tesis correctamente formuladas que se pretenden demostrar con explicaciones plausibles. Ambos caminos buscan respuestas y explicaciones que acoten y definan unas conclusiones inequ\u00edvocas en su trabajo acad\u00e9mico o profesional. Sin embargo, la realizaci\u00f3n de estos trabajos de fin de t\u00edtulo no est\u00e1 exenta de limitaciones. Estas pueden perturbar el desarrollo del trabajo y se traducen en determinadas variables. Entre otras, est\u00e1n la falta de adquisici\u00f3n de una serie de competencias y habilidades en el alumnado, tanto para el redactado y el estilo como para la capacidad investigadora; la ausencia de los recursos y herramientas necesarios; el desv\u00edo en cuanto al rigor en el desarrollo de los apartados anteriores, que contaminen los resultados sin que ello sea suficientemente percibido; o el abordaje desde una perspectiva de g\u00e9nero que no cuente con bibliograf\u00eda acad\u00e9mica realizada por mujeres. Por \u00faltimo, el establecimiento de unas conclusiones, donde es esencial que, a la vista del conocimiento demostrado sobre una realidad analizada en un trabajo fin de m\u00e1ster, quien maneje toda esa informaci\u00f3n ayude en futuras investigaciones o intervenciones con una serie de propuestas o estrategias did\u00e1cticas o ejecutivas a los lectores que puedan consultar su trabajo. Estos lectores bien podr\u00edan ser responsables de entidades sociales o instituciones p\u00fablicas, a los cuales se les facilitar\u00eda la toma de decisiones a partir de unas conclusiones demostradas.<\/p>\n","protected":false},"featured_media":45814,"comment_status":"open","ping_status":"closed","template":"","meta":{"_et_pb_use_builder":"","_et_pb_old_content":"","_et_gb_content_width":""},"product_cat":[11873,11912],"product_tag":[11884],"edicion":[12199],"editoriales":[11867],"tienda":[],"autor_id":[],"universidades_coeditoras":[],"palabras_clave":[11630,11825,11736,11775,11690],"listado_alfabetico":[],"acf":[],"_links":{"self":[{"href":"https:\/\/wizardly-davinci.82-223-8-23.plesk.page\/en\/wp-json\/wp\/v2\/product\/45813"}],"collection":[{"href":"https:\/\/wizardly-davinci.82-223-8-23.plesk.page\/en\/wp-json\/wp\/v2\/product"}],"about":[{"href":"https:\/\/wizardly-davinci.82-223-8-23.plesk.page\/en\/wp-json\/wp\/v2\/types\/product"}],"replies":[{"embeddable":true,"href":"https:\/\/wizardly-davinci.82-223-8-23.plesk.page\/en\/wp-json\/wp\/v2\/comments?post=45813"}],"wp:featuredmedia":[{"embeddable":true,"href":"https:\/\/wizardly-davinci.82-223-8-23.plesk.page\/en\/wp-json\/wp\/v2\/media\/45814"}],"wp:attachment":[{"href":"https:\/\/wizardly-davinci.82-223-8-23.plesk.page\/en\/wp-json\/wp\/v2\/media?parent=45813"}],"wp:term":[{"taxonomy":"product_cat","embeddable":true,"href":"https:\/\/wizardly-davinci.82-223-8-23.plesk.page\/en\/wp-json\/wp\/v2\/product_cat?post=45813"},{"taxonomy":"product_tag","embeddable":true,"href":"https:\/\/wizardly-davinci.82-223-8-23.plesk.page\/en\/wp-json\/wp\/v2\/product_tag?post=45813"},{"taxonomy":"edicion","embeddable":true,"href":"https:\/\/wizardly-davinci.82-223-8-23.plesk.page\/en\/wp-json\/wp\/v2\/edicion?post=45813"},{"taxonomy":"editoriales","embeddable":true,"href":"https:\/\/wizardly-davinci.82-223-8-23.plesk.page\/en\/wp-json\/wp\/v2\/editoriales?post=45813"},{"taxonomy":"tienda","embeddable":true,"href":"https:\/\/wizardly-davinci.82-223-8-23.plesk.page\/en\/wp-json\/wp\/v2\/tienda?post=45813"},{"taxonomy":"autor_id","embeddable":true,"href":"https:\/\/wizardly-davinci.82-223-8-23.plesk.page\/en\/wp-json\/wp\/v2\/autor_id?post=45813"},{"taxonomy":"universidades_coeditoras","embeddable":true,"href":"https:\/\/wizardly-davinci.82-223-8-23.plesk.page\/en\/wp-json\/wp\/v2\/universidades_coeditoras?post=45813"},{"taxonomy":"palabras_clave","embeddable":true,"href":"https:\/\/wizardly-davinci.82-223-8-23.plesk.page\/en\/wp-json\/wp\/v2\/palabras_clave?post=45813"},{"taxonomy":"listado_alfabetico","embeddable":true,"href":"https:\/\/wizardly-davinci.82-223-8-23.plesk.page\/en\/wp-json\/wp\/v2\/listado_alfabetico?post=45813"}],"curies":[{"name":"wp","href":"https:\/\/api.w.org\/{rel}","templated":true}]}}