{"id":45815,"date":"2021-02-01T13:28:57","date_gmt":"2021-02-01T13:28:57","guid":{"rendered":"https:\/\/octaedro.com\/libro\/guia-para-la-elaboracion-de-trabajos-fin-de-master-de-investigacion-educativa-2-16260-09\/"},"modified":"2023-02-22T13:36:58","modified_gmt":"2023-02-22T12:36:58","slug":"guia-para-la-elaboracion-de-trabajos-fin-de-master-de-investigacion-educativa-2-16260-09","status":"publish","type":"product","link":"https:\/\/wizardly-davinci.82-223-8-23.plesk.page\/en\/producto\/guia-para-la-elaboracion-de-trabajos-fin-de-master-de-investigacion-educativa-2-16260-09\/","title":{"rendered":"Dise\u00f1o de un proyecto socioeducativo para la realizaci\u00f3n de un TFM desde un enfoque de investigaci\u00f3n evaluativa"},"content":{"rendered":"","protected":false},"excerpt":{"rendered":"<p>En los entornos educativos y sociales, continuamente surgen necesidades que hay que valorar para elaborar propuestas de intervenci\u00f3n, concretadas en programas fundamentados en an\u00e1lisis de experiencias e investigaciones previas e innovadoras, aplicarlas y valorar sus resultados, para, tras el an\u00e1lisis de la intervenci\u00f3n y sus resultados, aportar nuevas propuestas de mejora. El programa ser\u00e1 de calidad si la totalidad de sus caracter\u00edsticas son adecuadas para atender las necesidades especificadas. Y los criterios para su valoraci\u00f3n ser\u00e1n los objetivos, las metas, concretados en resultados para lograr solucionar esas necesidades. La elaboraci\u00f3n de indicadores representativos de todo el proceso de intervenci\u00f3n, desde el an\u00e1lisis de necesidades hasta el impacto conseguido, nos aportar\u00e1 la informaci\u00f3n necesaria para la descripci\u00f3n y la valoraci\u00f3n de la intervenci\u00f3n, con la finalidad de orientar la toma de decisiones de mejora de lo evaluado, el programa. Cuando se est\u00e1 implicado en el dise\u00f1o de una intervenci\u00f3n socioeducativa para solucionar un problema, la investigaci\u00f3n evaluativa aporta fundamentos y procedimientos para valorar la utilidad, viabilidad, adecuaci\u00f3n, precisi\u00f3n y responsabilidad del proceso de intervenci\u00f3n, en su contexto, que concluye en un informe completo, con valoraciones sobre la intervenci\u00f3n y sus resultados, y con propuestas \u00fatiles y realistas de mejora de la intervenci\u00f3n.<\/p>\n","protected":false},"featured_media":45816,"comment_status":"open","ping_status":"closed","template":"","meta":{"_et_pb_use_builder":"","_et_pb_old_content":"","_et_gb_content_width":""},"product_cat":[11873,11912],"product_tag":[11884],"edicion":[12199],"editoriales":[11867],"tienda":[],"autor_id":[],"universidades_coeditoras":[],"palabras_clave":[11633,11729,11695,11694,12519],"listado_alfabetico":[],"acf":[],"_links":{"self":[{"href":"https:\/\/wizardly-davinci.82-223-8-23.plesk.page\/en\/wp-json\/wp\/v2\/product\/45815"}],"collection":[{"href":"https:\/\/wizardly-davinci.82-223-8-23.plesk.page\/en\/wp-json\/wp\/v2\/product"}],"about":[{"href":"https:\/\/wizardly-davinci.82-223-8-23.plesk.page\/en\/wp-json\/wp\/v2\/types\/product"}],"replies":[{"embeddable":true,"href":"https:\/\/wizardly-davinci.82-223-8-23.plesk.page\/en\/wp-json\/wp\/v2\/comments?post=45815"}],"wp:featuredmedia":[{"embeddable":true,"href":"https:\/\/wizardly-davinci.82-223-8-23.plesk.page\/en\/wp-json\/wp\/v2\/media\/45816"}],"wp:attachment":[{"href":"https:\/\/wizardly-davinci.82-223-8-23.plesk.page\/en\/wp-json\/wp\/v2\/media?parent=45815"}],"wp:term":[{"taxonomy":"product_cat","embeddable":true,"href":"https:\/\/wizardly-davinci.82-223-8-23.plesk.page\/en\/wp-json\/wp\/v2\/product_cat?post=45815"},{"taxonomy":"product_tag","embeddable":true,"href":"https:\/\/wizardly-davinci.82-223-8-23.plesk.page\/en\/wp-json\/wp\/v2\/product_tag?post=45815"},{"taxonomy":"edicion","embeddable":true,"href":"https:\/\/wizardly-davinci.82-223-8-23.plesk.page\/en\/wp-json\/wp\/v2\/edicion?post=45815"},{"taxonomy":"editoriales","embeddable":true,"href":"https:\/\/wizardly-davinci.82-223-8-23.plesk.page\/en\/wp-json\/wp\/v2\/editoriales?post=45815"},{"taxonomy":"tienda","embeddable":true,"href":"https:\/\/wizardly-davinci.82-223-8-23.plesk.page\/en\/wp-json\/wp\/v2\/tienda?post=45815"},{"taxonomy":"autor_id","embeddable":true,"href":"https:\/\/wizardly-davinci.82-223-8-23.plesk.page\/en\/wp-json\/wp\/v2\/autor_id?post=45815"},{"taxonomy":"universidades_coeditoras","embeddable":true,"href":"https:\/\/wizardly-davinci.82-223-8-23.plesk.page\/en\/wp-json\/wp\/v2\/universidades_coeditoras?post=45815"},{"taxonomy":"palabras_clave","embeddable":true,"href":"https:\/\/wizardly-davinci.82-223-8-23.plesk.page\/en\/wp-json\/wp\/v2\/palabras_clave?post=45815"},{"taxonomy":"listado_alfabetico","embeddable":true,"href":"https:\/\/wizardly-davinci.82-223-8-23.plesk.page\/en\/wp-json\/wp\/v2\/listado_alfabetico?post=45815"}],"curies":[{"name":"wp","href":"https:\/\/api.w.org\/{rel}","templated":true}]}}