{"id":45817,"date":"2021-02-01T13:27:32","date_gmt":"2021-02-01T13:27:32","guid":{"rendered":"https:\/\/octaedro.com\/libro\/guia-para-la-elaboracion-de-trabajos-fin-de-master-de-investigacion-educativa-2-16260-08\/"},"modified":"2023-02-22T13:36:58","modified_gmt":"2023-02-22T12:36:58","slug":"guia-para-la-elaboracion-de-trabajos-fin-de-master-de-investigacion-educativa-2-16260-08","status":"publish","type":"product","link":"https:\/\/wizardly-davinci.82-223-8-23.plesk.page\/en\/producto\/guia-para-la-elaboracion-de-trabajos-fin-de-master-de-investigacion-educativa-2-16260-08\/","title":{"rendered":"Planificaci\u00f3n de proyectos en los TFM"},"content":{"rendered":"","protected":false},"excerpt":{"rendered":"<p>La elaboraci\u00f3n de un proyecto de trabajo fin de m\u00e1ster es una exigencia acad\u00e9mica y administrativa para poder obtener el t\u00edtulo de posgrado de m\u00e1ster. En este cap\u00edtulo introductorio se recoge y profundiza, en primer lugar, sobre qu\u00e9 es planificar y los principios que se han de tener en cuenta a la hora de llevar a cabo la planificaci\u00f3n del trabajo. En segundo lugar, nos adentramos en entender qu\u00e9 es un proyecto como propuesta integradora que explicita los principios y la l\u00f3gica que forman parte de un esqueleto curricular, con unos objetivos clave. Se recogen los aspectos que debemos tener en cuenta para tratar de anticipar nuestra acci\u00f3n, prever posibles dificultades y plantear las soluciones adecuadas. La elaboraci\u00f3n de un proyecto supone una tarea preinstructiva que hemos de planificar con objeto de prever, ordenar orientativamente y establecer hip\u00f3tesis de trabajo sobre el proceso que queremos llevar a cabo. En tercer lugar, se recogen y explican los aspectos que se han de tener presentes a la hora de elaborar el trabajo fin de m\u00e1ster: c\u00f3mo cuidar la estructura y el contenido y aspectos claves en la redacci\u00f3n del trabajo. Finalmente, no centramos en recordar el papel que sustenta el alumnado que est\u00e1 inmerso en este proceso, as\u00ed como el del profesorado que tutoriza el trabajo.<\/p>\n","protected":false},"featured_media":45818,"comment_status":"open","ping_status":"closed","template":"","meta":{"_et_pb_use_builder":"","_et_pb_old_content":"","_et_gb_content_width":""},"product_cat":[11873,11912],"product_tag":[11884],"edicion":[12199],"editoriales":[11867],"tienda":[],"autor_id":[],"universidades_coeditoras":[],"palabras_clave":[11767,11679,11792,11793,12519],"listado_alfabetico":[],"acf":[],"_links":{"self":[{"href":"https:\/\/wizardly-davinci.82-223-8-23.plesk.page\/en\/wp-json\/wp\/v2\/product\/45817"}],"collection":[{"href":"https:\/\/wizardly-davinci.82-223-8-23.plesk.page\/en\/wp-json\/wp\/v2\/product"}],"about":[{"href":"https:\/\/wizardly-davinci.82-223-8-23.plesk.page\/en\/wp-json\/wp\/v2\/types\/product"}],"replies":[{"embeddable":true,"href":"https:\/\/wizardly-davinci.82-223-8-23.plesk.page\/en\/wp-json\/wp\/v2\/comments?post=45817"}],"wp:featuredmedia":[{"embeddable":true,"href":"https:\/\/wizardly-davinci.82-223-8-23.plesk.page\/en\/wp-json\/wp\/v2\/media\/45818"}],"wp:attachment":[{"href":"https:\/\/wizardly-davinci.82-223-8-23.plesk.page\/en\/wp-json\/wp\/v2\/media?parent=45817"}],"wp:term":[{"taxonomy":"product_cat","embeddable":true,"href":"https:\/\/wizardly-davinci.82-223-8-23.plesk.page\/en\/wp-json\/wp\/v2\/product_cat?post=45817"},{"taxonomy":"product_tag","embeddable":true,"href":"https:\/\/wizardly-davinci.82-223-8-23.plesk.page\/en\/wp-json\/wp\/v2\/product_tag?post=45817"},{"taxonomy":"edicion","embeddable":true,"href":"https:\/\/wizardly-davinci.82-223-8-23.plesk.page\/en\/wp-json\/wp\/v2\/edicion?post=45817"},{"taxonomy":"editoriales","embeddable":true,"href":"https:\/\/wizardly-davinci.82-223-8-23.plesk.page\/en\/wp-json\/wp\/v2\/editoriales?post=45817"},{"taxonomy":"tienda","embeddable":true,"href":"https:\/\/wizardly-davinci.82-223-8-23.plesk.page\/en\/wp-json\/wp\/v2\/tienda?post=45817"},{"taxonomy":"autor_id","embeddable":true,"href":"https:\/\/wizardly-davinci.82-223-8-23.plesk.page\/en\/wp-json\/wp\/v2\/autor_id?post=45817"},{"taxonomy":"universidades_coeditoras","embeddable":true,"href":"https:\/\/wizardly-davinci.82-223-8-23.plesk.page\/en\/wp-json\/wp\/v2\/universidades_coeditoras?post=45817"},{"taxonomy":"palabras_clave","embeddable":true,"href":"https:\/\/wizardly-davinci.82-223-8-23.plesk.page\/en\/wp-json\/wp\/v2\/palabras_clave?post=45817"},{"taxonomy":"listado_alfabetico","embeddable":true,"href":"https:\/\/wizardly-davinci.82-223-8-23.plesk.page\/en\/wp-json\/wp\/v2\/listado_alfabetico?post=45817"}],"curies":[{"name":"wp","href":"https:\/\/api.w.org\/{rel}","templated":true}]}}