{"id":45819,"date":"2021-02-01T13:26:28","date_gmt":"2021-02-01T13:26:28","guid":{"rendered":"https:\/\/octaedro.com\/libro\/guia-para-la-elaboracion-de-trabajos-fin-de-master-de-investigacion-educativa-2-16260-07\/"},"modified":"2023-02-22T13:36:58","modified_gmt":"2023-02-22T12:36:58","slug":"guia-para-la-elaboracion-de-trabajos-fin-de-master-de-investigacion-educativa-2-16260-07","status":"publish","type":"product","link":"https:\/\/wizardly-davinci.82-223-8-23.plesk.page\/en\/producto\/guia-para-la-elaboracion-de-trabajos-fin-de-master-de-investigacion-educativa-2-16260-07\/","title":{"rendered":"An\u00e1lisis del contexto y posibilidades socioeducativas"},"content":{"rendered":"","protected":false},"excerpt":{"rendered":"<p>La intervenci\u00f3n socioeducativa se vincula con un conjunto de dimensiones, factores y relaciones que acontecen en un contexto. Un an\u00e1lisis pertinente de la realidad va a condicionar la planificaci\u00f3n del proceso, as\u00ed como la eficacia de los resultados. Estudiar un contexto determinado requiere de estrategias anal\u00edticas que permitan evaluar la realidad y detectar sus problemas y caracter\u00edsticas y, a su vez, valerse de estrategias creativas y fundamentadas que proyecten posibilidades de acci\u00f3n. Iniciamos este cap\u00edtulo mostrando la importancia de la rigurosidad de las fuentes, as\u00ed como de la sistematizaci\u00f3n en el an\u00e1lisis y la adopci\u00f3n de una perspectiva sist\u00e9mica y hol\u00edstica para analizar cualquier organizaci\u00f3n o territorio. A continuaci\u00f3n, presentamos como esencial e indispensable para el inter\u00e9s de cualquier profesional de este \u00e1mbito un procedimiento metodol\u00f3gico que eval\u00faa las necesidades y las capacidades a trav\u00e9s de tres fases: preevaluativa, evaluativa y posevaluativa. Por \u00faltimo, exponemos algunos principios para el an\u00e1lisis de redes socioeducativas, entendidos como herramienta que permite analizar la complejidad de las organizaciones, los territorios o las poblaciones desde las alianzas y la corresponsabilidad que establecen con su entorno.<\/p>\n","protected":false},"featured_media":45820,"comment_status":"open","ping_status":"closed","template":"","meta":{"_et_pb_use_builder":"","_et_pb_old_content":"","_et_gb_content_width":""},"product_cat":[11873,11912],"product_tag":[11884],"edicion":[12199],"editoriales":[11867],"tienda":[],"autor_id":[],"universidades_coeditoras":[],"palabras_clave":[11595,11640,11724,11784],"listado_alfabetico":[],"acf":[],"_links":{"self":[{"href":"https:\/\/wizardly-davinci.82-223-8-23.plesk.page\/en\/wp-json\/wp\/v2\/product\/45819"}],"collection":[{"href":"https:\/\/wizardly-davinci.82-223-8-23.plesk.page\/en\/wp-json\/wp\/v2\/product"}],"about":[{"href":"https:\/\/wizardly-davinci.82-223-8-23.plesk.page\/en\/wp-json\/wp\/v2\/types\/product"}],"replies":[{"embeddable":true,"href":"https:\/\/wizardly-davinci.82-223-8-23.plesk.page\/en\/wp-json\/wp\/v2\/comments?post=45819"}],"wp:featuredmedia":[{"embeddable":true,"href":"https:\/\/wizardly-davinci.82-223-8-23.plesk.page\/en\/wp-json\/wp\/v2\/media\/45820"}],"wp:attachment":[{"href":"https:\/\/wizardly-davinci.82-223-8-23.plesk.page\/en\/wp-json\/wp\/v2\/media?parent=45819"}],"wp:term":[{"taxonomy":"product_cat","embeddable":true,"href":"https:\/\/wizardly-davinci.82-223-8-23.plesk.page\/en\/wp-json\/wp\/v2\/product_cat?post=45819"},{"taxonomy":"product_tag","embeddable":true,"href":"https:\/\/wizardly-davinci.82-223-8-23.plesk.page\/en\/wp-json\/wp\/v2\/product_tag?post=45819"},{"taxonomy":"edicion","embeddable":true,"href":"https:\/\/wizardly-davinci.82-223-8-23.plesk.page\/en\/wp-json\/wp\/v2\/edicion?post=45819"},{"taxonomy":"editoriales","embeddable":true,"href":"https:\/\/wizardly-davinci.82-223-8-23.plesk.page\/en\/wp-json\/wp\/v2\/editoriales?post=45819"},{"taxonomy":"tienda","embeddable":true,"href":"https:\/\/wizardly-davinci.82-223-8-23.plesk.page\/en\/wp-json\/wp\/v2\/tienda?post=45819"},{"taxonomy":"autor_id","embeddable":true,"href":"https:\/\/wizardly-davinci.82-223-8-23.plesk.page\/en\/wp-json\/wp\/v2\/autor_id?post=45819"},{"taxonomy":"universidades_coeditoras","embeddable":true,"href":"https:\/\/wizardly-davinci.82-223-8-23.plesk.page\/en\/wp-json\/wp\/v2\/universidades_coeditoras?post=45819"},{"taxonomy":"palabras_clave","embeddable":true,"href":"https:\/\/wizardly-davinci.82-223-8-23.plesk.page\/en\/wp-json\/wp\/v2\/palabras_clave?post=45819"},{"taxonomy":"listado_alfabetico","embeddable":true,"href":"https:\/\/wizardly-davinci.82-223-8-23.plesk.page\/en\/wp-json\/wp\/v2\/listado_alfabetico?post=45819"}],"curies":[{"name":"wp","href":"https:\/\/api.w.org\/{rel}","templated":true}]}}