{"id":45821,"date":"2021-02-01T13:25:12","date_gmt":"2021-02-01T13:25:12","guid":{"rendered":"https:\/\/octaedro.com\/libro\/guia-para-la-elaboracion-de-trabajos-fin-de-master-de-investigacion-educativa-2-16260-06\/"},"modified":"2023-02-22T13:36:58","modified_gmt":"2023-02-22T12:36:58","slug":"guia-para-la-elaboracion-de-trabajos-fin-de-master-de-investigacion-educativa-2-16260-06","status":"publish","type":"product","link":"https:\/\/wizardly-davinci.82-223-8-23.plesk.page\/en\/producto\/guia-para-la-elaboracion-de-trabajos-fin-de-master-de-investigacion-educativa-2-16260-06\/","title":{"rendered":"Selecci\u00f3n de participantes en la investigaci\u00f3n: ejemplificaci\u00f3n para un contexto intergeneracional"},"content":{"rendered":"","protected":false},"excerpt":{"rendered":"<p>La selecci\u00f3n de participantes es una de las fases fundamentales en la investigaci\u00f3n educativa y social, independientemente de que el enfoque del estudio sea cualitativo, cuantitativo o mixto.<br \/>\nEl an\u00e1lisis objetivo y riguroso de la realidad exige de los investigadores una clara delimitaci\u00f3n de la poblaci\u00f3n objeto de estudio, de manera que se han de establecer los criterios para selecci\u00f3n de los casos, dado que ser\u00e1n el referente para configurar de forma minuciosa el subconjunto de la poblaci\u00f3n a examen, que se conoce como muestra.<br \/>\nEn la investigaci\u00f3n cuantitativa es deseable que la muestra sea representativa, para lo cual se ha de atender exhaustivamente a la definici\u00f3n y selecci\u00f3n del tipo de muestreo y del tama\u00f1o muestral, de modo que permita hacer inferencias sobre la poblaci\u00f3n. A la hora de calcular el tama\u00f1o muestral representativo, el investigador tomar\u00e1 decisiones relativas a tres factores: nivel de confianza, error de muestreo y proporci\u00f3n en la que se da la caracter\u00edstica de estudio en la poblaci\u00f3n.<br \/>\nEn la investigaci\u00f3n cualitativa suelen utilizarse muestras peque\u00f1as no aleatorias, seleccionadas seg\u00fan los criterios que establece el investigador, ya que no suele ser elegida para representar a la poblaci\u00f3n y su intenci\u00f3n suele focalizarse en profundizar en el problema de investigaci\u00f3n. Por ello, el dise\u00f1o muestral est\u00e1 \u00edntimamente vinculado al objeto de estudio, que tendr\u00e1 su muestra espec\u00edfica, intencional y estructural. La triangulaci\u00f3n de t\u00e9cnicas cuantitativas y cualitativas en un estudio podr\u00eda consolidar la descripci\u00f3n, comprensi\u00f3n y explicaci\u00f3n de los fen\u00f3menos sociales.<\/p>\n","protected":false},"featured_media":45822,"comment_status":"open","ping_status":"closed","template":"","meta":{"_et_pb_use_builder":"","_et_pb_old_content":"","_et_gb_content_width":""},"product_cat":[11873,11912],"product_tag":[11884],"edicion":[12199],"editoriales":[11867],"tienda":[],"autor_id":[],"universidades_coeditoras":[],"palabras_clave":[11771,11726,11727,11747,11797],"listado_alfabetico":[],"acf":[],"_links":{"self":[{"href":"https:\/\/wizardly-davinci.82-223-8-23.plesk.page\/en\/wp-json\/wp\/v2\/product\/45821"}],"collection":[{"href":"https:\/\/wizardly-davinci.82-223-8-23.plesk.page\/en\/wp-json\/wp\/v2\/product"}],"about":[{"href":"https:\/\/wizardly-davinci.82-223-8-23.plesk.page\/en\/wp-json\/wp\/v2\/types\/product"}],"replies":[{"embeddable":true,"href":"https:\/\/wizardly-davinci.82-223-8-23.plesk.page\/en\/wp-json\/wp\/v2\/comments?post=45821"}],"wp:featuredmedia":[{"embeddable":true,"href":"https:\/\/wizardly-davinci.82-223-8-23.plesk.page\/en\/wp-json\/wp\/v2\/media\/45822"}],"wp:attachment":[{"href":"https:\/\/wizardly-davinci.82-223-8-23.plesk.page\/en\/wp-json\/wp\/v2\/media?parent=45821"}],"wp:term":[{"taxonomy":"product_cat","embeddable":true,"href":"https:\/\/wizardly-davinci.82-223-8-23.plesk.page\/en\/wp-json\/wp\/v2\/product_cat?post=45821"},{"taxonomy":"product_tag","embeddable":true,"href":"https:\/\/wizardly-davinci.82-223-8-23.plesk.page\/en\/wp-json\/wp\/v2\/product_tag?post=45821"},{"taxonomy":"edicion","embeddable":true,"href":"https:\/\/wizardly-davinci.82-223-8-23.plesk.page\/en\/wp-json\/wp\/v2\/edicion?post=45821"},{"taxonomy":"editoriales","embeddable":true,"href":"https:\/\/wizardly-davinci.82-223-8-23.plesk.page\/en\/wp-json\/wp\/v2\/editoriales?post=45821"},{"taxonomy":"tienda","embeddable":true,"href":"https:\/\/wizardly-davinci.82-223-8-23.plesk.page\/en\/wp-json\/wp\/v2\/tienda?post=45821"},{"taxonomy":"autor_id","embeddable":true,"href":"https:\/\/wizardly-davinci.82-223-8-23.plesk.page\/en\/wp-json\/wp\/v2\/autor_id?post=45821"},{"taxonomy":"universidades_coeditoras","embeddable":true,"href":"https:\/\/wizardly-davinci.82-223-8-23.plesk.page\/en\/wp-json\/wp\/v2\/universidades_coeditoras?post=45821"},{"taxonomy":"palabras_clave","embeddable":true,"href":"https:\/\/wizardly-davinci.82-223-8-23.plesk.page\/en\/wp-json\/wp\/v2\/palabras_clave?post=45821"},{"taxonomy":"listado_alfabetico","embeddable":true,"href":"https:\/\/wizardly-davinci.82-223-8-23.plesk.page\/en\/wp-json\/wp\/v2\/listado_alfabetico?post=45821"}],"curies":[{"name":"wp","href":"https:\/\/api.w.org\/{rel}","templated":true}]}}