{"id":45823,"date":"2021-02-01T13:24:34","date_gmt":"2021-02-01T13:24:34","guid":{"rendered":"https:\/\/octaedro.com\/libro\/guia-para-la-elaboracion-de-trabajos-fin-de-master-de-investigacion-educativa-2-16260-05\/"},"modified":"2023-02-22T13:36:58","modified_gmt":"2023-02-22T12:36:58","slug":"guia-para-la-elaboracion-de-trabajos-fin-de-master-de-investigacion-educativa-2-16260-05","status":"publish","type":"product","link":"https:\/\/wizardly-davinci.82-223-8-23.plesk.page\/en\/producto\/guia-para-la-elaboracion-de-trabajos-fin-de-master-de-investigacion-educativa-2-16260-05\/","title":{"rendered":"El problema de investigaci\u00f3n y el establecimiento de objetivos e hip\u00f3tesis en un TFM"},"content":{"rendered":"","protected":false},"excerpt":{"rendered":"<p>El inter\u00e9s por dar respuestas a lo que no sabemos es el motor para poder iniciar una investigaci\u00f3n. En la actualidad, la investigaci\u00f3n de la realidad social se enmarca en el \u00e1mbito cient\u00edfico, y se concibe como una actividad sistem\u00e1tica y planificada, cuyo prop\u00f3sito consiste en proporcionar informaci\u00f3n que facilite la toma de decisiones que permitan mejorar o transformar la realidad. En definitiva, surge una vez el investigador pone el foco en una situaci\u00f3n que ha de resolver. Esto plantea una serie de preguntas de investigaci\u00f3n que se materializan en una serie de hip\u00f3tesis y objetivos. El presente cap\u00edtulo pretende ser una aproximaci\u00f3n a los diferentes planteamientos existentes sobre las variables de estudio, que los investigadores pueden elegir para observar, medir y manipular dichas variables. El desarrollo de un TFM implica enfrentarse a estos problemas y resolverlos. Para ello, es necesario definir y acotar bien esos problemas y encontrarles explicaciones o soluciones, en funci\u00f3n de lo que pretenda la investigaci\u00f3n. Por ello, determinar las preguntas de investigaci\u00f3n adecuadamente, formular hip\u00f3tesis de manera correcta y definir unos objetivos claros y coherentes, es especialmente relevante en el desarrollo de un trabajo fin de m\u00e1ster.<\/p>\n","protected":false},"featured_media":45824,"comment_status":"open","ping_status":"closed","template":"","meta":{"_et_pb_use_builder":"","_et_pb_old_content":"","_et_gb_content_width":""},"product_cat":[11873,11912],"product_tag":[11884],"edicion":[12199],"editoriales":[11867],"tienda":[],"autor_id":[],"universidades_coeditoras":[],"palabras_clave":[11753,11725,11710,11773,12519],"listado_alfabetico":[],"acf":[],"_links":{"self":[{"href":"https:\/\/wizardly-davinci.82-223-8-23.plesk.page\/en\/wp-json\/wp\/v2\/product\/45823"}],"collection":[{"href":"https:\/\/wizardly-davinci.82-223-8-23.plesk.page\/en\/wp-json\/wp\/v2\/product"}],"about":[{"href":"https:\/\/wizardly-davinci.82-223-8-23.plesk.page\/en\/wp-json\/wp\/v2\/types\/product"}],"replies":[{"embeddable":true,"href":"https:\/\/wizardly-davinci.82-223-8-23.plesk.page\/en\/wp-json\/wp\/v2\/comments?post=45823"}],"wp:featuredmedia":[{"embeddable":true,"href":"https:\/\/wizardly-davinci.82-223-8-23.plesk.page\/en\/wp-json\/wp\/v2\/media\/45824"}],"wp:attachment":[{"href":"https:\/\/wizardly-davinci.82-223-8-23.plesk.page\/en\/wp-json\/wp\/v2\/media?parent=45823"}],"wp:term":[{"taxonomy":"product_cat","embeddable":true,"href":"https:\/\/wizardly-davinci.82-223-8-23.plesk.page\/en\/wp-json\/wp\/v2\/product_cat?post=45823"},{"taxonomy":"product_tag","embeddable":true,"href":"https:\/\/wizardly-davinci.82-223-8-23.plesk.page\/en\/wp-json\/wp\/v2\/product_tag?post=45823"},{"taxonomy":"edicion","embeddable":true,"href":"https:\/\/wizardly-davinci.82-223-8-23.plesk.page\/en\/wp-json\/wp\/v2\/edicion?post=45823"},{"taxonomy":"editoriales","embeddable":true,"href":"https:\/\/wizardly-davinci.82-223-8-23.plesk.page\/en\/wp-json\/wp\/v2\/editoriales?post=45823"},{"taxonomy":"tienda","embeddable":true,"href":"https:\/\/wizardly-davinci.82-223-8-23.plesk.page\/en\/wp-json\/wp\/v2\/tienda?post=45823"},{"taxonomy":"autor_id","embeddable":true,"href":"https:\/\/wizardly-davinci.82-223-8-23.plesk.page\/en\/wp-json\/wp\/v2\/autor_id?post=45823"},{"taxonomy":"universidades_coeditoras","embeddable":true,"href":"https:\/\/wizardly-davinci.82-223-8-23.plesk.page\/en\/wp-json\/wp\/v2\/universidades_coeditoras?post=45823"},{"taxonomy":"palabras_clave","embeddable":true,"href":"https:\/\/wizardly-davinci.82-223-8-23.plesk.page\/en\/wp-json\/wp\/v2\/palabras_clave?post=45823"},{"taxonomy":"listado_alfabetico","embeddable":true,"href":"https:\/\/wizardly-davinci.82-223-8-23.plesk.page\/en\/wp-json\/wp\/v2\/listado_alfabetico?post=45823"}],"curies":[{"name":"wp","href":"https:\/\/api.w.org\/{rel}","templated":true}]}}