{"id":45825,"date":"2021-02-01T13:23:36","date_gmt":"2021-02-01T13:23:36","guid":{"rendered":"https:\/\/octaedro.com\/libro\/guia-para-la-elaboracion-de-trabajos-fin-de-master-de-investigacion-educativa-2-16260-04\/"},"modified":"2023-02-22T13:36:58","modified_gmt":"2023-02-22T12:36:58","slug":"guia-para-la-elaboracion-de-trabajos-fin-de-master-de-investigacion-educativa-2-16260-04","status":"publish","type":"product","link":"https:\/\/wizardly-davinci.82-223-8-23.plesk.page\/en\/producto\/guia-para-la-elaboracion-de-trabajos-fin-de-master-de-investigacion-educativa-2-16260-04\/","title":{"rendered":"Planificaci\u00f3n del trabajo de campo: metodolog\u00eda y dise\u00f1os de investigaci\u00f3n"},"content":{"rendered":"","protected":false},"excerpt":{"rendered":"<p>El desarrollo de un trabajo fin de m\u00e1ster debe ser un proceso riguroso y sistem\u00e1tico, en el cual los estudiantes utilicen un m\u00e9todo de investigaci\u00f3n que les permita alcanzar los objetivos previstos. Esto no es tarea sencilla, por lo cual el prop\u00f3sito de este cap\u00edtulo es llevar a cabo una descripci\u00f3n de las diferentes opciones disponibles para dise\u00f1ar una investigaci\u00f3n educativa que ayude a planificar el trabajo de campo que d\u00e9 respuesta a los objetivos planteados en el trabajo fin de m\u00e1ster. En el texto se establece una diferenciaci\u00f3n conceptual entre m\u00e9todo y dise\u00f1o de investigaci\u00f3n, se describen las caracter\u00edsticas del enfoque cuantitativo y cualitativo y las finalidades, b\u00e1sica y aplicada, de la investigaci\u00f3n educativa. Para terminar, se realiza una clasificaci\u00f3n de los dise\u00f1os m\u00e1s comunes de la investigaci\u00f3n educativa diferenciando entre dise\u00f1os cuantitativos (experimentales y no experimentales) y dise\u00f1os cualitativos (con una finalidad b\u00e1sica y con una finalidad aplicada). La elecci\u00f3n del enfoque y el dise\u00f1o de investigaci\u00f3n depender\u00e1n del problema de investigaci\u00f3n planteado; ser\u00e1 este el que gu\u00ede la toma de decisiones sobre el dise\u00f1o del trabajo de campo.<\/p>\n","protected":false},"featured_media":45826,"comment_status":"open","ping_status":"closed","template":"","meta":{"_et_pb_use_builder":"","_et_pb_old_content":"","_et_gb_content_width":""},"product_cat":[11873,11912],"product_tag":[11884],"edicion":[12199],"editoriales":[11867],"tienda":[],"autor_id":[],"universidades_coeditoras":[],"palabras_clave":[11681,11682,11742,12519],"listado_alfabetico":[],"acf":[],"_links":{"self":[{"href":"https:\/\/wizardly-davinci.82-223-8-23.plesk.page\/en\/wp-json\/wp\/v2\/product\/45825"}],"collection":[{"href":"https:\/\/wizardly-davinci.82-223-8-23.plesk.page\/en\/wp-json\/wp\/v2\/product"}],"about":[{"href":"https:\/\/wizardly-davinci.82-223-8-23.plesk.page\/en\/wp-json\/wp\/v2\/types\/product"}],"replies":[{"embeddable":true,"href":"https:\/\/wizardly-davinci.82-223-8-23.plesk.page\/en\/wp-json\/wp\/v2\/comments?post=45825"}],"wp:featuredmedia":[{"embeddable":true,"href":"https:\/\/wizardly-davinci.82-223-8-23.plesk.page\/en\/wp-json\/wp\/v2\/media\/45826"}],"wp:attachment":[{"href":"https:\/\/wizardly-davinci.82-223-8-23.plesk.page\/en\/wp-json\/wp\/v2\/media?parent=45825"}],"wp:term":[{"taxonomy":"product_cat","embeddable":true,"href":"https:\/\/wizardly-davinci.82-223-8-23.plesk.page\/en\/wp-json\/wp\/v2\/product_cat?post=45825"},{"taxonomy":"product_tag","embeddable":true,"href":"https:\/\/wizardly-davinci.82-223-8-23.plesk.page\/en\/wp-json\/wp\/v2\/product_tag?post=45825"},{"taxonomy":"edicion","embeddable":true,"href":"https:\/\/wizardly-davinci.82-223-8-23.plesk.page\/en\/wp-json\/wp\/v2\/edicion?post=45825"},{"taxonomy":"editoriales","embeddable":true,"href":"https:\/\/wizardly-davinci.82-223-8-23.plesk.page\/en\/wp-json\/wp\/v2\/editoriales?post=45825"},{"taxonomy":"tienda","embeddable":true,"href":"https:\/\/wizardly-davinci.82-223-8-23.plesk.page\/en\/wp-json\/wp\/v2\/tienda?post=45825"},{"taxonomy":"autor_id","embeddable":true,"href":"https:\/\/wizardly-davinci.82-223-8-23.plesk.page\/en\/wp-json\/wp\/v2\/autor_id?post=45825"},{"taxonomy":"universidades_coeditoras","embeddable":true,"href":"https:\/\/wizardly-davinci.82-223-8-23.plesk.page\/en\/wp-json\/wp\/v2\/universidades_coeditoras?post=45825"},{"taxonomy":"palabras_clave","embeddable":true,"href":"https:\/\/wizardly-davinci.82-223-8-23.plesk.page\/en\/wp-json\/wp\/v2\/palabras_clave?post=45825"},{"taxonomy":"listado_alfabetico","embeddable":true,"href":"https:\/\/wizardly-davinci.82-223-8-23.plesk.page\/en\/wp-json\/wp\/v2\/listado_alfabetico?post=45825"}],"curies":[{"name":"wp","href":"https:\/\/api.w.org\/{rel}","templated":true}]}}