{"id":45831,"date":"2021-02-01T13:20:25","date_gmt":"2021-02-01T13:20:25","guid":{"rendered":"https:\/\/octaedro.com\/libro\/guia-para-la-elaboracion-de-trabajos-fin-de-master-de-investigacion-educativa-2-16260-01\/"},"modified":"2023-02-22T13:36:58","modified_gmt":"2023-02-22T12:36:58","slug":"guia-para-la-elaboracion-de-trabajos-fin-de-master-de-investigacion-educativa-2-16260-01","status":"publish","type":"product","link":"https:\/\/wizardly-davinci.82-223-8-23.plesk.page\/en\/producto\/guia-para-la-elaboracion-de-trabajos-fin-de-master-de-investigacion-educativa-2-16260-01\/","title":{"rendered":"Motivaci\u00f3n para la realizaci\u00f3n de un TFM"},"content":{"rendered":"","protected":false},"excerpt":{"rendered":"<p>El proceso de profesionalizaci\u00f3n de todo estudiante universitario requiere la elaboraci\u00f3n de un proyecto de investigaci\u00f3n en el que aplica los aprendizajes adquiridos a lo largo de sus estudios. Se pondr\u00e1n en pr\u00e1ctica procesos de indagaci\u00f3n con el adecuado rigor acad\u00e9mico, aportando un estudio original te\u00f3rico y\/o pr\u00e1ctico para su posterior divulgaci\u00f3n cient\u00edfica. Este cap\u00edtulo pretende dar una visi\u00f3n general de c\u00f3mo abordar el comienzo de un trabajo fin de m\u00e1ster. Se debe encontrar la motivaci\u00f3n adecuada para conseguir la implicaci\u00f3n del discente en esta tarea. Se partir\u00e1 de la b\u00fasqueda de un tema innovador y original, sobre el cual se buscar\u00e1n los principales estudios precedentes, que permitir\u00e1n concretar esta idea inicial que marcar\u00e1 las posteriores fases. Ser\u00e1 el momento de plantear el problema de la investigaci\u00f3n a trav\u00e9s de la formulaci\u00f3n de hip\u00f3tesis que m\u00e1s adelante se contrastar\u00e1n. Para determinar una buena l\u00ednea de investigaci\u00f3n, ser\u00e1 necesario determinar unos objetivos, preguntas, justificaci\u00f3n y viabilidad de todo el proceso. De esta forma, se podr\u00e1 elaborar un trabajo que contribuya a fomentar el conocimiento cient\u00edfico para futuras investigaciones que se realicen sobre el tema.<\/p>\n","protected":false},"featured_media":45832,"comment_status":"open","ping_status":"closed","template":"","meta":{"_et_pb_use_builder":"","_et_pb_old_content":"","_et_gb_content_width":""},"product_cat":[11873,11912],"product_tag":[11884],"edicion":[12199],"editoriales":[11867],"tienda":[],"autor_id":[],"universidades_coeditoras":[],"palabras_clave":[11769,11744,11725,12519],"listado_alfabetico":[],"acf":[],"_links":{"self":[{"href":"https:\/\/wizardly-davinci.82-223-8-23.plesk.page\/en\/wp-json\/wp\/v2\/product\/45831"}],"collection":[{"href":"https:\/\/wizardly-davinci.82-223-8-23.plesk.page\/en\/wp-json\/wp\/v2\/product"}],"about":[{"href":"https:\/\/wizardly-davinci.82-223-8-23.plesk.page\/en\/wp-json\/wp\/v2\/types\/product"}],"replies":[{"embeddable":true,"href":"https:\/\/wizardly-davinci.82-223-8-23.plesk.page\/en\/wp-json\/wp\/v2\/comments?post=45831"}],"wp:featuredmedia":[{"embeddable":true,"href":"https:\/\/wizardly-davinci.82-223-8-23.plesk.page\/en\/wp-json\/wp\/v2\/media\/45832"}],"wp:attachment":[{"href":"https:\/\/wizardly-davinci.82-223-8-23.plesk.page\/en\/wp-json\/wp\/v2\/media?parent=45831"}],"wp:term":[{"taxonomy":"product_cat","embeddable":true,"href":"https:\/\/wizardly-davinci.82-223-8-23.plesk.page\/en\/wp-json\/wp\/v2\/product_cat?post=45831"},{"taxonomy":"product_tag","embeddable":true,"href":"https:\/\/wizardly-davinci.82-223-8-23.plesk.page\/en\/wp-json\/wp\/v2\/product_tag?post=45831"},{"taxonomy":"edicion","embeddable":true,"href":"https:\/\/wizardly-davinci.82-223-8-23.plesk.page\/en\/wp-json\/wp\/v2\/edicion?post=45831"},{"taxonomy":"editoriales","embeddable":true,"href":"https:\/\/wizardly-davinci.82-223-8-23.plesk.page\/en\/wp-json\/wp\/v2\/editoriales?post=45831"},{"taxonomy":"tienda","embeddable":true,"href":"https:\/\/wizardly-davinci.82-223-8-23.plesk.page\/en\/wp-json\/wp\/v2\/tienda?post=45831"},{"taxonomy":"autor_id","embeddable":true,"href":"https:\/\/wizardly-davinci.82-223-8-23.plesk.page\/en\/wp-json\/wp\/v2\/autor_id?post=45831"},{"taxonomy":"universidades_coeditoras","embeddable":true,"href":"https:\/\/wizardly-davinci.82-223-8-23.plesk.page\/en\/wp-json\/wp\/v2\/universidades_coeditoras?post=45831"},{"taxonomy":"palabras_clave","embeddable":true,"href":"https:\/\/wizardly-davinci.82-223-8-23.plesk.page\/en\/wp-json\/wp\/v2\/palabras_clave?post=45831"},{"taxonomy":"listado_alfabetico","embeddable":true,"href":"https:\/\/wizardly-davinci.82-223-8-23.plesk.page\/en\/wp-json\/wp\/v2\/listado_alfabetico?post=45831"}],"curies":[{"name":"wp","href":"https:\/\/api.w.org\/{rel}","templated":true}]}}