{"id":45833,"date":"2021-01-20T10:41:32","date_gmt":"2021-01-20T09:41:32","guid":{"rendered":"https:\/\/octaedro.com\/libro\/orientaciones-metodologicas-para-el-desarrollo-del-pensamiento-critico\/"},"modified":"2023-04-24T11:32:34","modified_gmt":"2023-04-24T09:32:34","slug":"orientaciones-metodologicas-para-el-desarrollo-del-pensamiento-critico","status":"publish","type":"product","link":"https:\/\/wizardly-davinci.82-223-8-23.plesk.page\/en\/producto\/orientaciones-metodologicas-para-el-desarrollo-del-pensamiento-critico\/","title":{"rendered":"Orientaciones metodol\u00f3gicas para el desarrollo del pensamiento cr\u00edtico"},"content":{"rendered":"","protected":false},"excerpt":{"rendered":"<p>Pensar de forma cr\u00edtica es una de las competencias que nos va construyendo como seres humanos y est\u00e1 conectada con la l\u00f3gica, la creatividad, la responsabilidad, la \u00e9tica y la metacognici\u00f3n, as\u00ed como con la competencia clave de aprender a aprender a lo largo de la vida. En definitiva, nos ayuda a preservar y desarrollar el valor supremo de la libertad en tiempos de <em>fake news<\/em>, posverdad y pensamiento d\u00e9bil, lo cual convierte esta obra en imprescindible.<\/p>\n<p>El planteamiento es puramente curricular. A pensar de forma cr\u00edtica se aprende pensando de forma cr\u00edtica sobre el propio curr\u00edculum escolar. No es un programa sobre pensamiento cr\u00edtico, sino un enfoque cr\u00edtico sobre el aprendizaje y sobre c\u00f3mo los docentes podemos facilitarlo. No a\u00f1ade contenido: transforma el contenido en ocasi\u00f3n y experiencia de aprendizaje.<\/p>\n<p>La clave est\u00e1 en el <em>c\u00f3mo se aprende<\/em>, por lo que el libro ofrece veinte sistemas metodol\u00f3gicos diferentes desde la perspectiva de cada una de las dimensiones del pensamiento cr\u00edtico, con propuestas para su evaluaci\u00f3n, de manera que cada profesor pueda ver qu\u00e9 posibilidades le brinda el m\u00e9todo a \u00e9l y a sus asignaturas y c\u00f3mo puede insertarlo en su trabajo habitual. En este sentido, el libro es tambi\u00e9n un manual sencillo y claro de metodolog\u00edas activas centradas en el aprendizaje que potencian la innovaci\u00f3n educativa.<\/p>\n<p>La obra se completa con un estudio sobre la aplicaci\u00f3n del pensamiento cr\u00edtico en las aulas de ESO y Bachillerato y con aportaciones y reflexiones de profesionales en ejercicio sobre este tema. Este trabajo forma parte del desarrollo de un proyecto internacional Erasmus+, en el cual est\u00e1n implicados trece centros educativos de Noruega, Francia y Espa\u00f1a.<\/p>\n","protected":false},"featured_media":45834,"comment_status":"open","ping_status":"closed","template":"","meta":{"_et_pb_use_builder":"","_et_pb_old_content":"","_et_gb_content_width":""},"product_cat":[11899,11913,11859,11907],"product_tag":[11893],"edicion":[12178,11865],"editoriales":[11867],"tienda":[],"autor_id":[12574,12575,12576],"universidades_coeditoras":[],"palabras_clave":[],"listado_alfabetico":[],"acf":[],"_links":{"self":[{"href":"https:\/\/wizardly-davinci.82-223-8-23.plesk.page\/en\/wp-json\/wp\/v2\/product\/45833"}],"collection":[{"href":"https:\/\/wizardly-davinci.82-223-8-23.plesk.page\/en\/wp-json\/wp\/v2\/product"}],"about":[{"href":"https:\/\/wizardly-davinci.82-223-8-23.plesk.page\/en\/wp-json\/wp\/v2\/types\/product"}],"replies":[{"embeddable":true,"href":"https:\/\/wizardly-davinci.82-223-8-23.plesk.page\/en\/wp-json\/wp\/v2\/comments?post=45833"}],"wp:featuredmedia":[{"embeddable":true,"href":"https:\/\/wizardly-davinci.82-223-8-23.plesk.page\/en\/wp-json\/wp\/v2\/media\/45834"}],"wp:attachment":[{"href":"https:\/\/wizardly-davinci.82-223-8-23.plesk.page\/en\/wp-json\/wp\/v2\/media?parent=45833"}],"wp:term":[{"taxonomy":"product_cat","embeddable":true,"href":"https:\/\/wizardly-davinci.82-223-8-23.plesk.page\/en\/wp-json\/wp\/v2\/product_cat?post=45833"},{"taxonomy":"product_tag","embeddable":true,"href":"https:\/\/wizardly-davinci.82-223-8-23.plesk.page\/en\/wp-json\/wp\/v2\/product_tag?post=45833"},{"taxonomy":"edicion","embeddable":true,"href":"https:\/\/wizardly-davinci.82-223-8-23.plesk.page\/en\/wp-json\/wp\/v2\/edicion?post=45833"},{"taxonomy":"editoriales","embeddable":true,"href":"https:\/\/wizardly-davinci.82-223-8-23.plesk.page\/en\/wp-json\/wp\/v2\/editoriales?post=45833"},{"taxonomy":"tienda","embeddable":true,"href":"https:\/\/wizardly-davinci.82-223-8-23.plesk.page\/en\/wp-json\/wp\/v2\/tienda?post=45833"},{"taxonomy":"autor_id","embeddable":true,"href":"https:\/\/wizardly-davinci.82-223-8-23.plesk.page\/en\/wp-json\/wp\/v2\/autor_id?post=45833"},{"taxonomy":"universidades_coeditoras","embeddable":true,"href":"https:\/\/wizardly-davinci.82-223-8-23.plesk.page\/en\/wp-json\/wp\/v2\/universidades_coeditoras?post=45833"},{"taxonomy":"palabras_clave","embeddable":true,"href":"https:\/\/wizardly-davinci.82-223-8-23.plesk.page\/en\/wp-json\/wp\/v2\/palabras_clave?post=45833"},{"taxonomy":"listado_alfabetico","embeddable":true,"href":"https:\/\/wizardly-davinci.82-223-8-23.plesk.page\/en\/wp-json\/wp\/v2\/listado_alfabetico?post=45833"}],"curies":[{"name":"wp","href":"https:\/\/api.w.org\/{rel}","templated":true}]}}