{"id":45835,"date":"2021-01-20T09:44:16","date_gmt":"2021-01-20T08:44:16","guid":{"rendered":"https:\/\/octaedro.com\/libro\/educacion-para-la-paz-la-equidad-y-los-valores\/"},"modified":"2023-04-24T12:04:24","modified_gmt":"2023-04-24T10:04:24","slug":"educacion-para-la-paz-la-equidad-y-los-valores","status":"publish","type":"product","link":"https:\/\/wizardly-davinci.82-223-8-23.plesk.page\/en\/producto\/educacion-para-la-paz-la-equidad-y-los-valores\/","title":{"rendered":"Educaci\u00f3n para la paz, la equidad y los valores"},"content":{"rendered":"","protected":false},"excerpt":{"rendered":"<p>La construcci\u00f3n de una cultura de paz es un tema social urgente: se conjuga la necesidad educativa y \u00e9tica, social y pol\u00edtica. Se hace insoportable la violencia y la crueldad de nuestros tiempos, por lo que la injusticia debe ser erradicada por muy dif\u00edcil que pueda parecer y debe primar el optimismo educativo: el cambio es posible.<\/p>\n<p>Nuestra obra es el fruto de la colaboraci\u00f3n entre la Universidad Pedag\u00f3gica de Cracovia (Polonia) y la Universidad de La Laguna (Espa\u00f1a). Es de inter\u00e9s para cualquier colectivo profesional cuyo objetivo sea erradicar la violencia de todo tipo y la promoci\u00f3n de la cultura de paz: pedagog\u00eda, maestras y maestros, psicolog\u00eda, sociolog\u00eda, antropolog\u00eda, oeneg\u00e9s, organismos tanto p\u00fablicos como privados.<\/p>\n<p>Ofrecemos los resultados de investigaciones internacionales sobre cultura de paz y derechos humanos, as\u00ed como una defensa de la educaci\u00f3n inclusiva. La metodolog\u00eda de investigaci\u00f3n tanto cuantitativa como cualitativa ofrece, adem\u00e1s, modelos de informe \u2013una de las principales carencias en las publicaciones\u2013, as\u00ed como orientaciones complejas para la evaluaci\u00f3n.<\/p>\n","protected":false},"featured_media":45836,"comment_status":"open","ping_status":"closed","template":"","meta":{"_et_pb_use_builder":"","_et_pb_old_content":"","_et_gb_content_width":""},"product_cat":[11899,11859,11912,11907],"product_tag":[11892],"edicion":[12199,11865],"editoriales":[11867],"tienda":[],"autor_id":[12580,12581,12487,12582],"universidades_coeditoras":[16442,16443,16444],"palabras_clave":[],"listado_alfabetico":[],"acf":[],"_links":{"self":[{"href":"https:\/\/wizardly-davinci.82-223-8-23.plesk.page\/en\/wp-json\/wp\/v2\/product\/45835"}],"collection":[{"href":"https:\/\/wizardly-davinci.82-223-8-23.plesk.page\/en\/wp-json\/wp\/v2\/product"}],"about":[{"href":"https:\/\/wizardly-davinci.82-223-8-23.plesk.page\/en\/wp-json\/wp\/v2\/types\/product"}],"replies":[{"embeddable":true,"href":"https:\/\/wizardly-davinci.82-223-8-23.plesk.page\/en\/wp-json\/wp\/v2\/comments?post=45835"}],"wp:featuredmedia":[{"embeddable":true,"href":"https:\/\/wizardly-davinci.82-223-8-23.plesk.page\/en\/wp-json\/wp\/v2\/media\/45836"}],"wp:attachment":[{"href":"https:\/\/wizardly-davinci.82-223-8-23.plesk.page\/en\/wp-json\/wp\/v2\/media?parent=45835"}],"wp:term":[{"taxonomy":"product_cat","embeddable":true,"href":"https:\/\/wizardly-davinci.82-223-8-23.plesk.page\/en\/wp-json\/wp\/v2\/product_cat?post=45835"},{"taxonomy":"product_tag","embeddable":true,"href":"https:\/\/wizardly-davinci.82-223-8-23.plesk.page\/en\/wp-json\/wp\/v2\/product_tag?post=45835"},{"taxonomy":"edicion","embeddable":true,"href":"https:\/\/wizardly-davinci.82-223-8-23.plesk.page\/en\/wp-json\/wp\/v2\/edicion?post=45835"},{"taxonomy":"editoriales","embeddable":true,"href":"https:\/\/wizardly-davinci.82-223-8-23.plesk.page\/en\/wp-json\/wp\/v2\/editoriales?post=45835"},{"taxonomy":"tienda","embeddable":true,"href":"https:\/\/wizardly-davinci.82-223-8-23.plesk.page\/en\/wp-json\/wp\/v2\/tienda?post=45835"},{"taxonomy":"autor_id","embeddable":true,"href":"https:\/\/wizardly-davinci.82-223-8-23.plesk.page\/en\/wp-json\/wp\/v2\/autor_id?post=45835"},{"taxonomy":"universidades_coeditoras","embeddable":true,"href":"https:\/\/wizardly-davinci.82-223-8-23.plesk.page\/en\/wp-json\/wp\/v2\/universidades_coeditoras?post=45835"},{"taxonomy":"palabras_clave","embeddable":true,"href":"https:\/\/wizardly-davinci.82-223-8-23.plesk.page\/en\/wp-json\/wp\/v2\/palabras_clave?post=45835"},{"taxonomy":"listado_alfabetico","embeddable":true,"href":"https:\/\/wizardly-davinci.82-223-8-23.plesk.page\/en\/wp-json\/wp\/v2\/listado_alfabetico?post=45835"}],"curies":[{"name":"wp","href":"https:\/\/api.w.org\/{rel}","templated":true}]}}