{"id":45837,"date":"2021-01-20T10:10:16","date_gmt":"2021-01-20T09:10:16","guid":{"rendered":"https:\/\/octaedro.com\/libro\/de-las-aulas-a-los-espacios-globales-para-el-aprendizaje\/"},"modified":"2023-04-24T12:07:15","modified_gmt":"2023-04-24T10:07:15","slug":"de-las-aulas-a-los-espacios-globales-para-el-aprendizaje","status":"publish","type":"product","link":"https:\/\/wizardly-davinci.82-223-8-23.plesk.page\/en\/producto\/de-las-aulas-a-los-espacios-globales-para-el-aprendizaje\/","title":{"rendered":"De las aulas a los espacios globales para el aprendizaje"},"content":{"rendered":"<p>Los procesos educativos cada vez requieren asumir retos m\u00e1s complejos, puesto que el contexto digital y en continuo cambio en el que vivimos no siempre nos facilita la tarea. El contenido de este libro aborda, a cuatro manos y desde la doble perspectiva de la teor\u00eda y la pr\u00e1ctica, todos aquellos aspectos y \u00e1mbitos que deben considerarse a la hora de dise\u00f1ar un proyecto educativo con una mirada global y proyect\u00e1ndose m\u00e1s all\u00e1 de las paredes del aula gracias a las posibilidades de la tecnolog\u00eda digital.<\/p>\n<p>Es fundamental reconocer que la tecnolog\u00eda ha entrado de lleno en los procesos educativos, que ha venido para quedarse y que lo ha hecho como un elemento disruptivo que ha favorecido el hecho de tener que repensar tanto los procesos de ense\u00f1anza como los de aprendizaje. Procesos que no han de estar encaminados solo a la selecci\u00f3n de herramientas, sino que requieren imaginar espacios formativos en los que se van a simultanear los escenarios anal\u00f3gicos y los digitales, y en donde los docentes tendr\u00e1n que cambiar de rol y de perspectiva y los dicentes habr\u00e1n de gestionar de otro modo sus procesos formativos.<\/p>\n<p>En la medida en la que la investigaci\u00f3n y la innovaci\u00f3n nos aporten evidencias sobre la realidad del papel de la tecnolog\u00eda en la educaci\u00f3n, y las pol\u00edticas p\u00fablicas las tomen como base del proceso de toma de decisiones, podremos avanzar en la mejora y modernizaci\u00f3n de la educaci\u00f3n.<\/p>\n","protected":false},"excerpt":{"rendered":"<p>Los procesos educativos cada vez requieren asumir retos m\u00e1s complejos, puesto que el contexto digital y en continuo cambio en el que vivimos no siempre nos facilita la tarea. El contenido de este libro aborda, a cuatro manos y desde la doble perspectiva de la teor\u00eda y la pr\u00e1ctica, todos aquellos aspectos y \u00e1mbitos que deben considerarse a la hora de dise\u00f1ar un proyecto educativo con una mirada global y proyect\u00e1ndose m\u00e1s all\u00e1 de las paredes del aula gracias a las posibilidades de la tecnolog\u00eda digital.<\/p>\n<p>Es fundamental reconocer que la tecnolog\u00eda ha entrado de lleno en los procesos educativos, que ha venido para quedarse y que lo ha hecho como un elemento disruptivo que ha favorecido el hecho de tener que repensar tanto los procesos de ense\u00f1anza como los de aprendizaje. Procesos que no han de estar encaminados solo a la selecci\u00f3n de herramientas, sino que requieren imaginar espacios formativos en los que se van a simultanear los escenarios anal\u00f3gicos y los digitales, y en donde los docentes tendr\u00e1n que cambiar de rol y de perspectiva y los dicentes habr\u00e1n de gestionar de otro modo sus procesos formativos.<\/p>\n<p>En la medida en la que la investigaci\u00f3n y la innovaci\u00f3n nos aporten evidencias sobre la realidad del papel de la tecnolog\u00eda en la educaci\u00f3n, y las pol\u00edticas p\u00fablicas las tomen como base del proceso de toma de decisiones, podremos avanzar en la mejora y modernizaci\u00f3n de la educaci\u00f3n.<\/p>\n","protected":false},"featured_media":45838,"comment_status":"open","ping_status":"closed","template":"","meta":{"_et_pb_use_builder":"","_et_pb_old_content":"","_et_gb_content_width":""},"product_cat":[11899,11859,11912,11907],"product_tag":[11892],"edicion":[12199,11865],"editoriales":[11867],"tienda":[],"autor_id":[12585,12586],"universidades_coeditoras":[16449,12270,12312],"palabras_clave":[],"listado_alfabetico":[],"acf":[],"_links":{"self":[{"href":"https:\/\/wizardly-davinci.82-223-8-23.plesk.page\/en\/wp-json\/wp\/v2\/product\/45837"}],"collection":[{"href":"https:\/\/wizardly-davinci.82-223-8-23.plesk.page\/en\/wp-json\/wp\/v2\/product"}],"about":[{"href":"https:\/\/wizardly-davinci.82-223-8-23.plesk.page\/en\/wp-json\/wp\/v2\/types\/product"}],"replies":[{"embeddable":true,"href":"https:\/\/wizardly-davinci.82-223-8-23.plesk.page\/en\/wp-json\/wp\/v2\/comments?post=45837"}],"wp:featuredmedia":[{"embeddable":true,"href":"https:\/\/wizardly-davinci.82-223-8-23.plesk.page\/en\/wp-json\/wp\/v2\/media\/45838"}],"wp:attachment":[{"href":"https:\/\/wizardly-davinci.82-223-8-23.plesk.page\/en\/wp-json\/wp\/v2\/media?parent=45837"}],"wp:term":[{"taxonomy":"product_cat","embeddable":true,"href":"https:\/\/wizardly-davinci.82-223-8-23.plesk.page\/en\/wp-json\/wp\/v2\/product_cat?post=45837"},{"taxonomy":"product_tag","embeddable":true,"href":"https:\/\/wizardly-davinci.82-223-8-23.plesk.page\/en\/wp-json\/wp\/v2\/product_tag?post=45837"},{"taxonomy":"edicion","embeddable":true,"href":"https:\/\/wizardly-davinci.82-223-8-23.plesk.page\/en\/wp-json\/wp\/v2\/edicion?post=45837"},{"taxonomy":"editoriales","embeddable":true,"href":"https:\/\/wizardly-davinci.82-223-8-23.plesk.page\/en\/wp-json\/wp\/v2\/editoriales?post=45837"},{"taxonomy":"tienda","embeddable":true,"href":"https:\/\/wizardly-davinci.82-223-8-23.plesk.page\/en\/wp-json\/wp\/v2\/tienda?post=45837"},{"taxonomy":"autor_id","embeddable":true,"href":"https:\/\/wizardly-davinci.82-223-8-23.plesk.page\/en\/wp-json\/wp\/v2\/autor_id?post=45837"},{"taxonomy":"universidades_coeditoras","embeddable":true,"href":"https:\/\/wizardly-davinci.82-223-8-23.plesk.page\/en\/wp-json\/wp\/v2\/universidades_coeditoras?post=45837"},{"taxonomy":"palabras_clave","embeddable":true,"href":"https:\/\/wizardly-davinci.82-223-8-23.plesk.page\/en\/wp-json\/wp\/v2\/palabras_clave?post=45837"},{"taxonomy":"listado_alfabetico","embeddable":true,"href":"https:\/\/wizardly-davinci.82-223-8-23.plesk.page\/en\/wp-json\/wp\/v2\/listado_alfabetico?post=45837"}],"curies":[{"name":"wp","href":"https:\/\/api.w.org\/{rel}","templated":true}]}}